{"id":1718,"date":"2023-09-06T14:27:45","date_gmt":"2023-09-06T14:27:45","guid":{"rendered":"https:\/\/roydgolf.com\/?page_id=1718"},"modified":"2024-07-27T11:40:19","modified_gmt":"2024-07-27T11:40:19","slug":"buchen-sie-ihre-unterrichtsstunde","status":"publish","type":"page","link":"https:\/\/roydgolf.com\/de\/buchen-sie-ihre-unterrichtsstunde\/","title":{"rendered":"Buchen Sie Ihre Lektion"},"content":{"rendered":"<div data-elementor-type=\"wp-page\" data-elementor-id=\"1718\" class=\"elementor elementor-1718\" data-elementor-post-type=\"page\">\n\t\t\t\t\t\t<section class=\"elementor-section elementor-top-section elementor-element elementor-element-5587bdb0 elementor-section-boxed elementor-section-height-default elementor-section-height-default\" data-id=\"5587bdb0\" data-element_type=\"section\">\n\t\t\t\t\t\t<div class=\"elementor-container elementor-column-gap-no\">\n\t\t\t\t\t<div class=\"elementor-column elementor-col-100 elementor-top-column elementor-element elementor-element-289bab47\" data-id=\"289bab47\" data-element_type=\"column\">\n\t\t\t<div class=\"elementor-widget-wrap elementor-element-populated\">\n\t\t\t\t\t\t<section class=\"elementor-section elementor-inner-section elementor-element elementor-element-2afb12bb elementor-section-boxed elementor-section-height-default elementor-section-height-default\" data-id=\"2afb12bb\" data-element_type=\"section\">\n\t\t\t\t\t\t<div class=\"elementor-container elementor-column-gap-no\">\n\t\t\t\t\t<div class=\"elementor-column elementor-col-33 elementor-inner-column elementor-element elementor-element-3c3487f8 elementor-hidden-tablet elementor-hidden-phone\" data-id=\"3c3487f8\" data-element_type=\"column\">\n\t\t\t<div class=\"elementor-widget-wrap\">\n\t\t\t\t\t\t\t<\/div>\n\t\t<\/div>\n\t\t\t\t<div class=\"elementor-column elementor-col-33 elementor-inner-column elementor-element elementor-element-29847206\" data-id=\"29847206\" data-element_type=\"column\">\n\t\t\t<div class=\"elementor-widget-wrap elementor-element-populated\">\n\t\t\t\t\t\t<div class=\"elementor-element elementor-element-11f9c575 elementor-widget elementor-widget-heading\" data-id=\"11f9c575\" data-element_type=\"widget\" data-widget_type=\"heading.default\">\n\t\t\t\t<div class=\"elementor-widget-container\">\n\t\t\t\t\t<h6 class=\"elementor-heading-title elementor-size-default\">Erleben Sie den Golfsport der Elite<\/h6>\t\t\t\t<\/div>\n\t\t\t\t<\/div>\n\t\t\t\t<div class=\"elementor-element elementor-element-6909293 elementor-widget elementor-widget-heading\" data-id=\"6909293\" data-element_type=\"widget\" data-widget_type=\"heading.default\">\n\t\t\t\t<div class=\"elementor-widget-container\">\n\t\t\t\t\t<h1 class=\"elementor-heading-title elementor-size-default\">BUCHEN SIE IHREN KURS<\/h1>\t\t\t\t<\/div>\n\t\t\t\t<\/div>\n\t\t\t\t<div class=\"elementor-element elementor-element-53be7510 elementor-widget elementor-widget-heading\" data-id=\"53be7510\" data-element_type=\"widget\" data-widget_type=\"heading.default\">\n\t\t\t\t<div class=\"elementor-widget-container\">\n\t\t\t\t\t<p class=\"elementor-heading-title elementor-size-default\">Bei Royd Golf bieten wir mehr als nur Unterricht; wir schaffen ein umfassendes Erlebnis f\u00fcr den anspruchsvollen Golfer. Mit erstklassigen Trainingseinrichtungen auf Mallorca und pers\u00f6nlichem Coaching verbinden wir Leistung und Lebensstil nahtlos. Unser neuer Partner Sure Golf verf\u00fcgt \u00fcber den f\u00fchrenden Tour-Trainer Dan Frost von der DP- und PGA-Tour, der unsere Leidenschaft teilt, Ihnen zu helfen, sich zu verbessern und das Spiel zu genie\u00dfen.\n<br><br>\nEgal, ob Sie Anf\u00e4nger oder Elitespieler sind, Tim und Dan bieten Ihnen eine einzigartige Lernreise mit innovativen Tools, damit Sie Ihren Heureka-Moment erleben. Erleben Sie, was die besten Spieler f\u00fchlen, lernen Sie schnell und genie\u00dfen Sie Ihre Golfreise. Buchen Sie jetzt Ihre Sitzung und definieren Sie Ihr Golfspiel mit Royd Golf neu.<\/p>\t\t\t\t<\/div>\n\t\t\t\t<\/div>\n\t\t\t\t<div class=\"elementor-element elementor-element-fd5a0c5 elementor-align-justify elementor-mobile-align-justify elementor-tablet-align-justify elementor-widget elementor-widget-button\" data-id=\"fd5a0c5\" data-element_type=\"widget\" data-widget_type=\"button.default\">\n\t\t\t\t<div class=\"elementor-widget-container\">\n\t\t\t\t\t\t\t\t\t<div class=\"elementor-button-wrapper\">\n\t\t\t\t\t<a class=\"elementor-button elementor-button-link elementor-size-lg\" href=\"https:\/\/roydgolf.com\/de\/2-stundige-trainingseinheit-royd-golf\/\">\n\t\t\t\t\t\t<span class=\"elementor-button-content-wrapper\">\n\t\t\t\t\t\t\t\t\t<span class=\"elementor-button-text\">2 STUNDEN TRAININGSEINHEIT<\/span>\n\t\t\t\t\t<\/span>\n\t\t\t\t\t<\/a>\n\t\t\t\t<\/div>\n\t\t\t\t\t\t\t\t<\/div>\n\t\t\t\t<\/div>\n\t\t\t\t<div class=\"elementor-element elementor-element-4ff4349 elementor-align-justify elementor-mobile-align-justify elementor-tablet-align-justify elementor-widget elementor-widget-button\" data-id=\"4ff4349\" data-element_type=\"widget\" data-widget_type=\"button.default\">\n\t\t\t\t<div class=\"elementor-widget-container\">\n\t\t\t\t\t\t\t\t\t<div class=\"elementor-button-wrapper\">\n\t\t\t\t\t<a class=\"elementor-button elementor-button-link elementor-size-lg\" href=\"https:\/\/roydgolf.com\/de\/halbtages-royd-golf-trainingssystem\/\">\n\t\t\t\t\t\t<span class=\"elementor-button-content-wrapper\">\n\t\t\t\t\t\t\t\t\t<span class=\"elementor-button-text\">HALBER TAG - 4 STUNDEN<\/span>\n\t\t\t\t\t<\/span>\n\t\t\t\t\t<\/a>\n\t\t\t\t<\/div>\n\t\t\t\t\t\t\t\t<\/div>\n\t\t\t\t<\/div>\n\t\t\t\t<div class=\"elementor-element elementor-element-d2fb0d9 elementor-align-justify elementor-mobile-align-justify elementor-tablet-align-justify elementor-widget elementor-widget-button\" data-id=\"d2fb0d9\" data-element_type=\"widget\" data-widget_type=\"button.default\">\n\t\t\t\t<div class=\"elementor-widget-container\">\n\t\t\t\t\t\t\t\t\t<div class=\"elementor-button-wrapper\">\n\t\t\t\t\t<a class=\"elementor-button elementor-button-link elementor-size-lg\" href=\"https:\/\/roydgolf.com\/de\/ganztagiges-royd-golf-trainingssystem\/\">\n\t\t\t\t\t\t<span class=\"elementor-button-content-wrapper\">\n\t\t\t\t\t\t\t\t\t<span class=\"elementor-button-text\">GANZER TAG \u2013 6 STUNDEN<\/span>\n\t\t\t\t\t<\/span>\n\t\t\t\t\t<\/a>\n\t\t\t\t<\/div>\n\t\t\t\t\t\t\t\t<\/div>\n\t\t\t\t<\/div>\n\t\t\t\t<div class=\"elementor-element elementor-element-636cfbe elementor-align-justify elementor-mobile-align-justify elementor-tablet-align-justify elementor-widget elementor-widget-button\" data-id=\"636cfbe\" data-element_type=\"widget\" data-widget_type=\"button.default\">\n\t\t\t\t<div class=\"elementor-widget-container\">\n\t\t\t\t\t\t\t\t\t<div class=\"elementor-button-wrapper\">\n\t\t\t\t\t<a class=\"elementor-button elementor-button-link elementor-size-lg\" href=\"https:\/\/roydgolf.com\/de\/online-unterricht\/\">\n\t\t\t\t\t\t<span class=\"elementor-button-content-wrapper\">\n\t\t\t\t\t\t\t\t\t<span class=\"elementor-button-text\">ONLINE-KURS<\/span>\n\t\t\t\t\t<\/span>\n\t\t\t\t\t<\/a>\n\t\t\t\t<\/div>\n\t\t\t\t\t\t\t\t<\/div>\n\t\t\t\t<\/div>\n\t\t\t\t\t<\/div>\n\t\t<\/div>\n\t\t\t\t<div class=\"elementor-column elementor-col-33 elementor-inner-column elementor-element elementor-element-7258d61e elementor-hidden-tablet elementor-hidden-phone\" data-id=\"7258d61e\" data-element_type=\"column\">\n\t\t\t<div class=\"elementor-widget-wrap\">\n\t\t\t\t\t\t\t<\/div>\n\t\t<\/div>\n\t\t\t\t\t<\/div>\n\t\t<\/section>\n\t\t\t\t\t<\/div>\n\t\t<\/div>\n\t\t\t\t\t<\/div>\n\t\t<\/section>\n\t\t\t\t<\/div>","protected":false},"excerpt":{"rendered":"<p>Erleben Sie Elite-Golf. BUCHEN SIE IHRE UNTERRICHTSSTUNDE. Bei Royd Golf bieten wir mehr als nur Unterrichtsstunden; wir schaffen ein umfassendes Erlebnis f\u00fcr den anspruchsvollen Golfer. Mit erstklassigen Trainingseinrichtungen auf Mallorca und pers\u00f6nlichem Coaching verbinden wir Leistung und Lebensstil nahtlos. Unser neuer Partner Sure Golf verf\u00fcgt \u00fcber den f\u00fchrenden Tour-Trainer Dan Frost von der DP und PGA [\u2026]<\/p>","protected":false},"author":1,"featured_media":0,"parent":0,"menu_order":0,"comment_status":"closed","ping_status":"closed","template":"elementor_header_footer","meta":{"_joinchat":[],"footnotes":""},"class_list":["post-1718","page","type-page","status-publish","hentry"],"yoast_head":"<!-- This site is optimized with the Yoast SEO plugin v26.2 - https:\/\/yoast.com\/wordpress\/plugins\/seo\/ -->\n<title>Book Your Lesson - Royd Golf<\/title>\n<meta name=\"description\" content=\"Do you want to book your lesson with us? Here you can do it! Specialists in improving your golf in Mallorca and ensuring a great experience.\" \/>\n<meta name=\"robots\" content=\"index, follow, max-snippet:-1, max-image-preview:large, max-video-preview:-1\" \/>\n<link rel=\"canonical\" href=\"https:\/\/roydgolf.com\/de\/buchen-sie-ihre-unterrichtsstunde\/\" \/>\n<meta property=\"og:locale\" content=\"de_DE\" \/>\n<meta property=\"og:type\" content=\"article\" \/>\n<meta property=\"og:title\" content=\"Book Your Lesson - Royd Golf\" \/>\n<meta property=\"og:description\" content=\"Do you want to book your lesson with us? Here you can do it! Specialists in improving your golf in Mallorca and ensuring a great experience.\" \/>\n<meta property=\"og:url\" content=\"https:\/\/roydgolf.com\/de\/buchen-sie-ihre-unterrichtsstunde\/\" \/>\n<meta property=\"og:site_name\" content=\"Royd Golf\" \/>\n<meta property=\"article:modified_time\" content=\"2024-07-27T11:40:19+00:00\" \/>\n<meta name=\"twitter:card\" content=\"summary_large_image\" \/>\n<meta name=\"twitter:label1\" content=\"Gesch\u00e4tzte Lesezeit\" \/>\n\t<meta name=\"twitter:data1\" content=\"1\u00a0Minute\" \/>\n<script type=\"application\/ld+json\" class=\"yoast-schema-graph\">{\"@context\":\"https:\/\/schema.org\",\"@graph\":[{\"@type\":\"WebPage\",\"@id\":\"https:\/\/roydgolf.com\/book-your-lesson\/\",\"url\":\"https:\/\/roydgolf.com\/book-your-lesson\/\",\"name\":\"Book Your Lesson - Royd Golf\",\"isPartOf\":{\"@id\":\"https:\/\/roydgolf.com\/#website\"},\"datePublished\":\"2023-09-06T14:27:45+00:00\",\"dateModified\":\"2024-07-27T11:40:19+00:00\",\"description\":\"Do you want to book your lesson with us? Here you can do it! Specialists in improving your golf in Mallorca and ensuring a great experience.\",\"breadcrumb\":{\"@id\":\"https:\/\/roydgolf.com\/book-your-lesson\/#breadcrumb\"},\"inLanguage\":\"de\",\"potentialAction\":[{\"@type\":\"ReadAction\",\"target\":[\"https:\/\/roydgolf.com\/book-your-lesson\/\"]}]},{\"@type\":\"BreadcrumbList\",\"@id\":\"https:\/\/roydgolf.com\/book-your-lesson\/#breadcrumb\",\"itemListElement\":[{\"@type\":\"ListItem\",\"position\":1,\"name\":\"Portada\",\"item\":\"https:\/\/roydgolf.com\/\"},{\"@type\":\"ListItem\",\"position\":2,\"name\":\"Book Your Lesson\"}]},{\"@type\":\"WebSite\",\"@id\":\"https:\/\/roydgolf.com\/#website\",\"url\":\"https:\/\/roydgolf.com\/\",\"name\":\"Royd Golf\",\"description\":\"Golf Coaching and Lifestyle in Mallorca\",\"potentialAction\":[{\"@type\":\"SearchAction\",\"target\":{\"@type\":\"EntryPoint\",\"urlTemplate\":\"https:\/\/roydgolf.com\/?s={search_term_string}\"},\"query-input\":{\"@type\":\"PropertyValueSpecification\",\"valueRequired\":true,\"valueName\":\"search_term_string\"}}],\"inLanguage\":\"de\"}]}<\/script>\n<!-- \/ Yoast SEO plugin. -->","yoast_head_json":{"title":"Buchen Sie Ihre Lektion - Royd Golf","description":"M\u00f6chten Sie Ihren Unterricht bei uns buchen? Hier k\u00f6nnen Sie es tun! Spezialisten f\u00fcr die Verbesserung Ihres Golfspiels auf Mallorca und die Gew\u00e4hrleistung eines gro\u00dfartigen Erlebnisses.","robots":{"index":"index","follow":"follow","max-snippet":"max-snippet:-1","max-image-preview":"max-image-preview:large","max-video-preview":"max-video-preview:-1"},"canonical":"https:\/\/roydgolf.com\/de\/buchen-sie-ihre-unterrichtsstunde\/","og_locale":"de_DE","og_type":"article","og_title":"Book Your Lesson - Royd Golf","og_description":"Do you want to book your lesson with us? Here you can do it! Specialists in improving your golf in Mallorca and ensuring a great experience.","og_url":"https:\/\/roydgolf.com\/de\/buchen-sie-ihre-unterrichtsstunde\/","og_site_name":"Royd Golf","article_modified_time":"2024-07-27T11:40:19+00:00","twitter_card":"summary_large_image","twitter_misc":{"Gesch\u00e4tzte Lesezeit":"1\u00a0Minute"},"schema":{"@context":"https:\/\/schema.org","@graph":[{"@type":"WebPage","@id":"https:\/\/roydgolf.com\/book-your-lesson\/","url":"https:\/\/roydgolf.com\/book-your-lesson\/","name":"Buchen Sie Ihre Lektion - Royd Golf","isPartOf":{"@id":"https:\/\/roydgolf.com\/#website"},"datePublished":"2023-09-06T14:27:45+00:00","dateModified":"2024-07-27T11:40:19+00:00","description":"M\u00f6chten Sie Ihren Unterricht bei uns buchen? Hier k\u00f6nnen Sie es tun! Spezialisten f\u00fcr die Verbesserung Ihres Golfspiels auf Mallorca und die Gew\u00e4hrleistung eines gro\u00dfartigen Erlebnisses.","breadcrumb":{"@id":"https:\/\/roydgolf.com\/book-your-lesson\/#breadcrumb"},"inLanguage":"de","potentialAction":[{"@type":"ReadAction","target":["https:\/\/roydgolf.com\/book-your-lesson\/"]}]},{"@type":"BreadcrumbList","@id":"https:\/\/roydgolf.com\/book-your-lesson\/#breadcrumb","itemListElement":[{"@type":"ListItem","position":1,"name":"Portada","item":"https:\/\/roydgolf.com\/"},{"@type":"ListItem","position":2,"name":"Book Your Lesson"}]},{"@type":"WebSite","@id":"https:\/\/roydgolf.com\/#website","url":"https:\/\/roydgolf.com\/","name":"Royd Golf","description":"Golf-Coaching und Lifestyle auf Mallorca","potentialAction":[{"@type":"SearchAction","target":{"@type":"EntryPoint","urlTemplate":"https:\/\/roydgolf.com\/?s={search_term_string}"},"query-input":{"@type":"PropertyValueSpecification","valueRequired":true,"valueName":"search_term_string"}}],"inLanguage":"de"}]}},"_links":{"self":[{"href":"https:\/\/roydgolf.com\/de\/wp-json\/wp\/v2\/pages\/1718","targetHints":{"allow":["GET"]}}],"collection":[{"href":"https:\/\/roydgolf.com\/de\/wp-json\/wp\/v2\/pages"}],"about":[{"href":"https:\/\/roydgolf.com\/de\/wp-json\/wp\/v2\/types\/page"}],"author":[{"embeddable":true,"href":"https:\/\/roydgolf.com\/de\/wp-json\/wp\/v2\/users\/1"}],"replies":[{"embeddable":true,"href":"https:\/\/roydgolf.com\/de\/wp-json\/wp\/v2\/comments?post=1718"}],"version-history":[{"count":71,"href":"https:\/\/roydgolf.com\/de\/wp-json\/wp\/v2\/pages\/1718\/revisions"}],"predecessor-version":[{"id":2721,"href":"https:\/\/roydgolf.com\/de\/wp-json\/wp\/v2\/pages\/1718\/revisions\/2721"}],"wp:attachment":[{"href":"https:\/\/roydgolf.com\/de\/wp-json\/wp\/v2\/media?parent=1718"}],"curies":[{"name":"wp","href":"https:\/\/api.w.org\/{rel}","templated":true}]}}