{"id":1860,"date":"2023-09-14T10:23:48","date_gmt":"2023-09-14T10:23:48","guid":{"rendered":"https:\/\/roydgolf.com\/?page_id=1860"},"modified":"2025-10-23T19:10:47","modified_gmt":"2025-10-23T19:10:47","slug":"dankeschon-online-lektion","status":"publish","type":"page","link":"https:\/\/roydgolf.com\/de\/dankeschon-online-lektion\/","title":{"rendered":"Vielen Dank, Online-Lektion"},"content":{"rendered":"<div data-elementor-type=\"wp-page\" data-elementor-id=\"1860\" class=\"elementor elementor-1860\" data-elementor-post-type=\"page\">\n\t\t\t\t\t\t<section class=\"elementor-section elementor-top-section elementor-element elementor-element-2970830a elementor-section-boxed elementor-section-height-default elementor-section-height-default\" data-id=\"2970830a\" data-element_type=\"section\">\n\t\t\t\t\t\t<div class=\"elementor-container elementor-column-gap-no\">\n\t\t\t\t\t<div class=\"elementor-column elementor-col-100 elementor-top-column elementor-element elementor-element-11d0056e\" data-id=\"11d0056e\" data-element_type=\"column\">\n\t\t\t<div class=\"elementor-widget-wrap elementor-element-populated\">\n\t\t\t\t\t\t<section class=\"elementor-section elementor-inner-section elementor-element elementor-element-1fee0e13 elementor-section-content-middle elementor-reverse-mobile elementor-section-boxed elementor-section-height-default elementor-section-height-default\" data-id=\"1fee0e13\" data-element_type=\"section\">\n\t\t\t\t\t\t<div class=\"elementor-container elementor-column-gap-no\">\n\t\t\t\t\t<div class=\"elementor-column elementor-col-50 elementor-inner-column elementor-element elementor-element-22cdea95\" data-id=\"22cdea95\" data-element_type=\"column\">\n\t\t\t<div class=\"elementor-widget-wrap elementor-element-populated\">\n\t\t\t\t\t\t<div class=\"elementor-element elementor-element-63add0f0 elementor-hidden-tablet elementor-widget elementor-widget-image\" data-id=\"63add0f0\" data-element_type=\"widget\" data-widget_type=\"image.default\">\n\t\t\t\t<div class=\"elementor-widget-container\">\n\t\t\t\t\t\t\t\t\t\t\t\t\t\t\t<img fetchpriority=\"high\" decoding=\"async\" width=\"800\" height=\"801\" src=\"https:\/\/roydgolf.com\/wp-content\/uploads\/2023\/07\/high-performance-golf-lessons.jpg\" class=\"attachment-large size-large wp-image-1364\" alt=\"\" srcset=\"https:\/\/roydgolf.com\/wp-content\/uploads\/2023\/07\/high-performance-golf-lessons.jpg 992w, https:\/\/roydgolf.com\/wp-content\/uploads\/2023\/07\/high-performance-golf-lessons-300x300.jpg 300w, https:\/\/roydgolf.com\/wp-content\/uploads\/2023\/07\/high-performance-golf-lessons-100x100.jpg 100w, https:\/\/roydgolf.com\/wp-content\/uploads\/2023\/07\/high-performance-golf-lessons-600x600.jpg 600w, https:\/\/roydgolf.com\/wp-content\/uploads\/2023\/07\/high-performance-golf-lessons-150x150.jpg 150w, https:\/\/roydgolf.com\/wp-content\/uploads\/2023\/07\/high-performance-golf-lessons-768x769.jpg 768w\" sizes=\"(max-width: 800px) 100vw, 800px\" \/>\t\t\t\t\t\t\t\t\t\t\t\t\t\t\t<\/div>\n\t\t\t\t<\/div>\n\t\t\t\t\t<\/div>\n\t\t<\/div>\n\t\t\t\t<div class=\"elementor-column elementor-col-50 elementor-inner-column elementor-element elementor-element-1e7a5b6b\" data-id=\"1e7a5b6b\" data-element_type=\"column\">\n\t\t\t<div class=\"elementor-widget-wrap elementor-element-populated\">\n\t\t\t\t\t\t<div class=\"elementor-element elementor-element-6a5eb1 elementor-widget elementor-widget-heading\" data-id=\"6a5eb1\" data-element_type=\"widget\" data-widget_type=\"heading.default\">\n\t\t\t\t<div class=\"elementor-widget-container\">\n\t\t\t\t\t<h2 class=\"elementor-heading-title elementor-size-default\">DANKE F\u00dcR IHREN EINKAUF<\/h2>\t\t\t\t<\/div>\n\t\t\t\t<\/div>\n\t\t\t\t<div class=\"elementor-element elementor-element-7ce7164d elementor-widget elementor-widget-text-editor\" data-id=\"7ce7164d\" data-element_type=\"widget\" data-widget_type=\"text-editor.default\">\n\t\t\t\t<div class=\"elementor-widget-container\">\n\t\t\t\t\t\t\t\t\t<p class=\"p1\"><b>Dies sind die n\u00e4chsten Schritte f\u00fcr Ihren Online-Kurs:<\/b><\/p><p class=\"p1\"><b>- Vorbereitung:<\/b> Nehmen Sie Ihre Golftasche und suchen Sie sich einen gut ausgeleuchteten Ort, um Ihren Golfschwung zu filmen. Denken Sie daran, eine gute Aufnahmequalit\u00e4t ist wichtig, um m\u00f6glichst viele Informationen zu erhalten.<\/p><p class=\"p1\"><b>\u2013 Filmen Sie Ihren Golfschwung:<\/b> Nehmen Sie Videos von Ihrem Golfschwung von vorne, von der Seite und von hinten auf. Achten Sie darauf, nicht weiter als 2 Meter entfernt zu stehen, um eine optimale Aufnahme zu erhalten. F\u00fcgen Sie au\u00dferdem eine Nahaufnahme Ihres Griffs, die beide H\u00e4nde zeigt, mit dem Fokus auf der linken Hand.<\/p><p class=\"p1\"><b>\u2013 Versenden Sie die Videos:<\/b> Wenn die Videos fertig sind, senden Sie uns diese per WhatsApp. Versichern Sie sich, dass es sich um deutliche und hochwertige Aufnahmen handelt, damit Sie bestm\u00f6glich von Ihrem Kurs profitieren k\u00f6nnen.<\/p><p class=\"p1\"><b>\u2013 Warten Sie auf die Einladung f\u00fcr Onform:<\/b> Nachdem wir Ihre Videoinhalte erhalten und \u00fcberpr\u00fcft haben, laden wir diese auf unsere Plattform Onform hoch. Sie erhalten einen Einladungslink zu Ihrem pers\u00f6nlichen Konto.<\/p><p class=\"p1\"><b>\u2013 Teilnehmen und lernen:<\/b> Wenn Sie sich in Ihr Onform-Konto einloggen, erhalten Sie exklusives Feedback zu Ihrem Golfschwung. Hier k\u00f6nnen Sie auch mit unseren Trainern chatten, Fragen stellen und weiterf\u00fchrende Informationen erhalten, um Ihr Spiel zu perfektionieren.<\/p><p class=\"p1\"><b>- Bleiben Sie auf dem Laufenden:<\/b> Vergessen Sie nicht, uns Ihre aktuelle E-Mail-Adresse mitzuteilen, falls Sie es noch nicht getan haben. Dadurch wird die reibungslose Kommunikation w\u00e4hrend des gesamten Lernprozesses gew\u00e4hrleistet.<\/p>\t\t\t\t\t\t\t\t<\/div>\n\t\t\t\t<\/div>\n\t\t\t\t\t<\/div>\n\t\t<\/div>\n\t\t\t\t\t<\/div>\n\t\t<\/section>\n\t\t\t\t\t<\/div>\n\t\t<\/div>\n\t\t\t\t\t<\/div>\n\t\t<\/section>\n\t\t\t\t<\/div>","protected":false},"excerpt":{"rendered":"<p>VIELEN DANK F\u00dcR IHREN KAUF. N\u00e4chste Schritte f\u00fcr Ihre Online-Lektion: \u2013 Vorbereitung: Legen Sie Ihre Golfausr\u00fcstung bereit und w\u00e4hlen Sie einen gut beleuchteten Ort, um Ihren Schwung aufzuzeichnen. Klarheit ist der Schl\u00fcssel f\u00fcr optimales Feedback. \u2013 Schwungaufzeichnung: Nehmen Sie Videos Ihres Schwungs von vorne, von der Seite und von hinten auf. Stellen Sie sicher, dass Sie nicht mehr [\u2026]<\/p>","protected":false},"author":1,"featured_media":0,"parent":0,"menu_order":0,"comment_status":"closed","ping_status":"closed","template":"elementor_header_footer","meta":{"_joinchat":[],"footnotes":""},"class_list":["post-1860","page","type-page","status-publish","hentry"],"yoast_head":"<!-- This site is optimized with the Yoast SEO plugin v26.2 - https:\/\/yoast.com\/wordpress\/plugins\/seo\/ -->\n<title>Thank You Online Lesson - Royd Golf<\/title>\n<meta name=\"description\" content=\"Thank you for your purchase! Let us explain the next steps to improve your game with us. Royd Golf Experience in Mallorca.\" \/>\n<meta name=\"robots\" content=\"noindex, nofollow\" \/>\n<meta property=\"og:locale\" content=\"de_DE\" \/>\n<meta property=\"og:type\" content=\"article\" \/>\n<meta property=\"og:title\" content=\"Thank You Online Lesson - Royd Golf\" \/>\n<meta property=\"og:description\" content=\"Thank you for your purchase! Let us explain the next steps to improve your game with us. Royd Golf Experience in Mallorca.\" \/>\n<meta property=\"og:url\" content=\"https:\/\/roydgolf.com\/de\/dankeschon-online-lektion\/\" \/>\n<meta property=\"og:site_name\" content=\"Royd Golf\" \/>\n<meta property=\"article:modified_time\" content=\"2025-10-23T19:10:47+00:00\" \/>\n<meta property=\"og:image\" content=\"https:\/\/roydgolf.com\/wp-content\/uploads\/2023\/07\/high-performance-golf-lessons.jpg\" \/>\n<meta name=\"twitter:card\" content=\"summary_large_image\" \/>\n<meta name=\"twitter:label1\" content=\"Gesch\u00e4tzte Lesezeit\" \/>\n\t<meta name=\"twitter:data1\" content=\"2\u00a0Minuten\" \/>\n<script type=\"application\/ld+json\" class=\"yoast-schema-graph\">{\"@context\":\"https:\/\/schema.org\",\"@graph\":[{\"@type\":\"WebPage\",\"@id\":\"https:\/\/roydgolf.com\/thank-you-online-lesson\/\",\"url\":\"https:\/\/roydgolf.com\/thank-you-online-lesson\/\",\"name\":\"Thank You Online Lesson - Royd Golf\",\"isPartOf\":{\"@id\":\"https:\/\/roydgolf.com\/#website\"},\"primaryImageOfPage\":{\"@id\":\"https:\/\/roydgolf.com\/thank-you-online-lesson\/#primaryimage\"},\"image\":{\"@id\":\"https:\/\/roydgolf.com\/thank-you-online-lesson\/#primaryimage\"},\"thumbnailUrl\":\"https:\/\/roydgolf.com\/wp-content\/uploads\/2023\/07\/high-performance-golf-lessons.jpg\",\"datePublished\":\"2023-09-14T10:23:48+00:00\",\"dateModified\":\"2025-10-23T19:10:47+00:00\",\"description\":\"Thank you for your purchase! Let us explain the next steps to improve your game with us. Royd Golf Experience in Mallorca.\",\"breadcrumb\":{\"@id\":\"https:\/\/roydgolf.com\/thank-you-online-lesson\/#breadcrumb\"},\"inLanguage\":\"de\",\"potentialAction\":[{\"@type\":\"ReadAction\",\"target\":[\"https:\/\/roydgolf.com\/thank-you-online-lesson\/\"]}]},{\"@type\":\"ImageObject\",\"inLanguage\":\"de\",\"@id\":\"https:\/\/roydgolf.com\/thank-you-online-lesson\/#primaryimage\",\"url\":\"https:\/\/roydgolf.com\/wp-content\/uploads\/2023\/07\/high-performance-golf-lessons.jpg\",\"contentUrl\":\"https:\/\/roydgolf.com\/wp-content\/uploads\/2023\/07\/high-performance-golf-lessons.jpg\"},{\"@type\":\"BreadcrumbList\",\"@id\":\"https:\/\/roydgolf.com\/thank-you-online-lesson\/#breadcrumb\",\"itemListElement\":[{\"@type\":\"ListItem\",\"position\":1,\"name\":\"Portada\",\"item\":\"https:\/\/roydgolf.com\/\"},{\"@type\":\"ListItem\",\"position\":2,\"name\":\"Thank You Online Lesson\"}]},{\"@type\":\"WebSite\",\"@id\":\"https:\/\/roydgolf.com\/#website\",\"url\":\"https:\/\/roydgolf.com\/\",\"name\":\"Royd Golf\",\"description\":\"Golf Coaching and Lifestyle in Mallorca\",\"potentialAction\":[{\"@type\":\"SearchAction\",\"target\":{\"@type\":\"EntryPoint\",\"urlTemplate\":\"https:\/\/roydgolf.com\/?s={search_term_string}\"},\"query-input\":{\"@type\":\"PropertyValueSpecification\",\"valueRequired\":true,\"valueName\":\"search_term_string\"}}],\"inLanguage\":\"de\"}]}<\/script>\n<!-- \/ Yoast SEO plugin. -->","yoast_head_json":{"title":"Vielen Dank, Online-Lektion \u2013 Royd Golf","description":"Danke f\u00fcr Ihren Einkauf! Lassen Sie uns die n\u00e4chsten Schritte erkl\u00e4ren, um Ihr Spiel mit uns zu verbessern. Royd Golf-Erlebnis auf Mallorca.","robots":{"index":"noindex","follow":"nofollow"},"og_locale":"de_DE","og_type":"article","og_title":"Thank You Online Lesson - Royd Golf","og_description":"Thank you for your purchase! Let us explain the next steps to improve your game with us. Royd Golf Experience in Mallorca.","og_url":"https:\/\/roydgolf.com\/de\/dankeschon-online-lektion\/","og_site_name":"Royd Golf","article_modified_time":"2025-10-23T19:10:47+00:00","og_image":[{"url":"https:\/\/roydgolf.com\/wp-content\/uploads\/2023\/07\/high-performance-golf-lessons.jpg","type":"","width":"","height":""}],"twitter_card":"summary_large_image","twitter_misc":{"Gesch\u00e4tzte Lesezeit":"2\u00a0Minuten"},"schema":{"@context":"https:\/\/schema.org","@graph":[{"@type":"WebPage","@id":"https:\/\/roydgolf.com\/thank-you-online-lesson\/","url":"https:\/\/roydgolf.com\/thank-you-online-lesson\/","name":"Vielen Dank, Online-Lektion \u2013 Royd Golf","isPartOf":{"@id":"https:\/\/roydgolf.com\/#website"},"primaryImageOfPage":{"@id":"https:\/\/roydgolf.com\/thank-you-online-lesson\/#primaryimage"},"image":{"@id":"https:\/\/roydgolf.com\/thank-you-online-lesson\/#primaryimage"},"thumbnailUrl":"https:\/\/roydgolf.com\/wp-content\/uploads\/2023\/07\/high-performance-golf-lessons.jpg","datePublished":"2023-09-14T10:23:48+00:00","dateModified":"2025-10-23T19:10:47+00:00","description":"Danke f\u00fcr Ihren Einkauf! Lassen Sie uns die n\u00e4chsten Schritte erkl\u00e4ren, um Ihr Spiel mit uns zu verbessern. Royd Golf-Erlebnis auf Mallorca.","breadcrumb":{"@id":"https:\/\/roydgolf.com\/thank-you-online-lesson\/#breadcrumb"},"inLanguage":"de","potentialAction":[{"@type":"ReadAction","target":["https:\/\/roydgolf.com\/thank-you-online-lesson\/"]}]},{"@type":"ImageObject","inLanguage":"de","@id":"https:\/\/roydgolf.com\/thank-you-online-lesson\/#primaryimage","url":"https:\/\/roydgolf.com\/wp-content\/uploads\/2023\/07\/high-performance-golf-lessons.jpg","contentUrl":"https:\/\/roydgolf.com\/wp-content\/uploads\/2023\/07\/high-performance-golf-lessons.jpg"},{"@type":"BreadcrumbList","@id":"https:\/\/roydgolf.com\/thank-you-online-lesson\/#breadcrumb","itemListElement":[{"@type":"ListItem","position":1,"name":"Portada","item":"https:\/\/roydgolf.com\/"},{"@type":"ListItem","position":2,"name":"Thank You Online Lesson"}]},{"@type":"WebSite","@id":"https:\/\/roydgolf.com\/#website","url":"https:\/\/roydgolf.com\/","name":"Royd Golf","description":"Golf-Coaching und Lifestyle auf Mallorca","potentialAction":[{"@type":"SearchAction","target":{"@type":"EntryPoint","urlTemplate":"https:\/\/roydgolf.com\/?s={search_term_string}"},"query-input":{"@type":"PropertyValueSpecification","valueRequired":true,"valueName":"search_term_string"}}],"inLanguage":"de"}]}},"_links":{"self":[{"href":"https:\/\/roydgolf.com\/de\/wp-json\/wp\/v2\/pages\/1860","targetHints":{"allow":["GET"]}}],"collection":[{"href":"https:\/\/roydgolf.com\/de\/wp-json\/wp\/v2\/pages"}],"about":[{"href":"https:\/\/roydgolf.com\/de\/wp-json\/wp\/v2\/types\/page"}],"author":[{"embeddable":true,"href":"https:\/\/roydgolf.com\/de\/wp-json\/wp\/v2\/users\/1"}],"replies":[{"embeddable":true,"href":"https:\/\/roydgolf.com\/de\/wp-json\/wp\/v2\/comments?post=1860"}],"version-history":[{"count":11,"href":"https:\/\/roydgolf.com\/de\/wp-json\/wp\/v2\/pages\/1860\/revisions"}],"predecessor-version":[{"id":2029,"href":"https:\/\/roydgolf.com\/de\/wp-json\/wp\/v2\/pages\/1860\/revisions\/2029"}],"wp:attachment":[{"href":"https:\/\/roydgolf.com\/de\/wp-json\/wp\/v2\/media?parent=1860"}],"curies":[{"name":"wp","href":"https:\/\/api.w.org\/{rel}","templated":true}]}}