{"id":3177,"date":"2025-10-23T13:58:18","date_gmt":"2025-10-23T13:58:18","guid":{"rendered":"https:\/\/roydgolf.com\/?page_id=3177"},"modified":"2025-10-23T14:28:34","modified_gmt":"2025-10-23T14:28:34","slug":"mallorca-10-strase-nach-son-gual","status":"publish","type":"page","link":"https:\/\/roydgolf.com\/de\/mallorca-10-strase-nach-son-gual\/","title":{"rendered":"Mallorca 10: Stra\u00dfe nach Son Gual"},"content":{"rendered":"<div data-elementor-type=\"wp-page\" data-elementor-id=\"3177\" class=\"elementor elementor-3177\" data-elementor-post-type=\"page\">\n\t\t\t\t\t\t<section class=\"elementor-section elementor-top-section elementor-element elementor-element-707762d elementor-section-boxed elementor-section-height-default elementor-section-height-default\" data-id=\"707762d\" data-element_type=\"section\">\n\t\t\t\t\t\t<div class=\"elementor-container elementor-column-gap-default\">\n\t\t\t\t\t<div class=\"elementor-column elementor-col-100 elementor-top-column elementor-element elementor-element-5a99b53a\" data-id=\"5a99b53a\" data-element_type=\"column\">\n\t\t\t<div class=\"elementor-widget-wrap elementor-element-populated\">\n\t\t\t\t\t\t<div class=\"elementor-element elementor-element-5952db66 elementor-widget elementor-widget-heading\" data-id=\"5952db66\" data-element_type=\"widget\" data-widget_type=\"heading.default\">\n\t\t\t\t<div class=\"elementor-widget-container\">\n\t\t\t\t\t<h1 class=\"elementor-heading-title elementor-size-default\">Mallorca10: Stra\u00dfe nach Son Gual<\/h1>\t\t\t\t<\/div>\n\t\t\t\t<\/div>\n\t\t\t\t<div class=\"elementor-element elementor-element-6bceea8d elementor-widget elementor-widget-text-editor\" data-id=\"6bceea8d\" data-element_type=\"widget\" data-widget_type=\"text-editor.default\">\n\t\t\t\t<div class=\"elementor-widget-container\">\n\t\t\t\t\t\t\t\t\t<p><strong>Wettkampfgolf. H\u00f6her.<\/strong><\/p><p>Mallorca10 ist ein kuratiertes Golferlebnis f\u00fcr passionierte Golfer, die anspruchsvollen Wettkampf mit Gemeinschaft und Entwicklung verbinden m\u00f6chten. Die \u201cRoad to Son Gual\u201d-Liga wird in Zusammenarbeit mit Son Gual Golf, einem der exklusivsten Golfpl\u00e4tze Mallorcas, veranstaltet und bietet eine saisonale Wettkampfserie, die die Struktur, die Herausforderung und die Belohnungen echten Wettkampfgolfs widerspiegelt \u2013 und gleichzeitig die Flexibilit\u00e4t bietet, die der aktive Lebensstil von heute erfordert.<\/p><p>Dies ist mehr als nur eine weitere Golfliga. Es ist ein Tor zu besserem Golf, st\u00e4rkeren Verbindungen und unvergesslichen Momenten auf dem Platz.<\/p>\t\t\t\t\t\t\t\t<\/div>\n\t\t\t\t<\/div>\n\t\t\t\t<div class=\"elementor-element elementor-element-2ab66594 elementor-align-left elementor-mobile-align-left elementor-tablet-align-left elementor-widget elementor-widget-button\" data-id=\"2ab66594\" data-element_type=\"widget\" data-widget_type=\"button.default\">\n\t\t\t\t<div class=\"elementor-widget-container\">\n\t\t\t\t\t\t\t\t\t<div class=\"elementor-button-wrapper\">\n\t\t\t\t\t<a class=\"elementor-button elementor-button-link elementor-size-lg\" href=\"#contactmallorca10\">\n\t\t\t\t\t\t<span class=\"elementor-button-content-wrapper\">\n\t\t\t\t\t\t\t\t\t<span class=\"elementor-button-text\">Machen Sie mit<\/span>\n\t\t\t\t\t<\/span>\n\t\t\t\t\t<\/a>\n\t\t\t\t<\/div>\n\t\t\t\t\t\t\t\t<\/div>\n\t\t\t\t<\/div>\n\t\t\t\t\t<\/div>\n\t\t<\/div>\n\t\t\t\t\t<\/div>\n\t\t<\/section>\n\t\t\t\t<section class=\"elementor-section elementor-top-section elementor-element elementor-element-140ca2a8 elementor-section-content-middle elementor-section-full_width elementor-section-height-default elementor-section-height-default\" data-id=\"140ca2a8\" data-element_type=\"section\" data-settings=\"{&quot;background_background&quot;:&quot;classic&quot;}\">\n\t\t\t\t\t\t<div class=\"elementor-container elementor-column-gap-no\">\n\t\t\t\t\t<div class=\"elementor-column elementor-col-100 elementor-top-column elementor-element elementor-element-3346386b\" data-id=\"3346386b\" data-element_type=\"column\">\n\t\t\t<div class=\"elementor-widget-wrap elementor-element-populated\">\n\t\t\t\t\t\t<div class=\"elementor-element elementor-element-e360e42 elementor-widget elementor-widget-spacer\" data-id=\"e360e42\" data-element_type=\"widget\" data-widget_type=\"spacer.default\">\n\t\t\t\t<div class=\"elementor-widget-container\">\n\t\t\t\t\t\t\t<div class=\"elementor-spacer\">\n\t\t\t<div class=\"elementor-spacer-inner\"><\/div>\n\t\t<\/div>\n\t\t\t\t\t\t<\/div>\n\t\t\t\t<\/div>\n\t\t\t\t\t<\/div>\n\t\t<\/div>\n\t\t\t\t\t<\/div>\n\t\t<\/section>\n\t\t\t\t<section class=\"elementor-section elementor-top-section elementor-element elementor-element-505d27d1 elementor-section-boxed elementor-section-height-default elementor-section-height-default\" data-id=\"505d27d1\" data-element_type=\"section\">\n\t\t\t\t\t\t<div class=\"elementor-container elementor-column-gap-no\">\n\t\t\t\t\t<div class=\"elementor-column elementor-col-100 elementor-top-column elementor-element elementor-element-11b5ba20\" data-id=\"11b5ba20\" data-element_type=\"column\">\n\t\t\t<div class=\"elementor-widget-wrap elementor-element-populated\">\n\t\t\t\t\t\t<section class=\"elementor-section elementor-inner-section elementor-element elementor-element-2ddfdab4 elementor-section-content-middle elementor-reverse-tablet elementor-reverse-mobile elementor-section-boxed elementor-section-height-default elementor-section-height-default\" data-id=\"2ddfdab4\" data-element_type=\"section\">\n\t\t\t\t\t\t<div class=\"elementor-container elementor-column-gap-no\">\n\t\t\t\t\t<div class=\"elementor-column elementor-col-100 elementor-inner-column elementor-element elementor-element-6592f188\" data-id=\"6592f188\" data-element_type=\"column\">\n\t\t\t<div class=\"elementor-widget-wrap elementor-element-populated\">\n\t\t\t\t\t\t<div class=\"elementor-element elementor-element-7bd1ee94 elementor-widget elementor-widget-heading\" data-id=\"7bd1ee94\" data-element_type=\"widget\" data-widget_type=\"heading.default\">\n\t\t\t\t<div class=\"elementor-widget-container\">\n\t\t\t\t\t<h2 class=\"elementor-heading-title elementor-size-default\">Warum Mallorca10 beitreten?<\/h2>\t\t\t\t<\/div>\n\t\t\t\t<\/div>\n\t\t\t\t<div class=\"elementor-element elementor-element-715ce8 elementor-widget elementor-widget-text-editor\" data-id=\"715ce8\" data-element_type=\"widget\" data-widget_type=\"text-editor.default\">\n\t\t\t\t<div class=\"elementor-widget-container\">\n\t\t\t\t\t\t\t\t\t<p><strong>1. Hochwertige Paarungen<\/strong><\/p><p>Genie\u00dfen Sie jede Runde, indem Sie mit anderen Spielern auf \u00e4hnlichem Niveau spielen. Mallorca10 sorgt f\u00fcr sorgf\u00e4ltig abgestimmte Paarungen und schafft so faire, wettbewerbsf\u00e4hige und unterhaltsame Runden, die das Beste aus jedem Spieler herausholen.<\/p><p><strong>2. Kompetenzentwicklung<\/strong><\/p><p>Die Struktur f\u00f6rdert eine kontinuierliche Verbesserung. Ein maximales Spielhandicap von 16 (angepasst an Son Guals Slope-Rating von 130 von den gelben Abschl\u00e4gen) tr\u00e4gt dazu bei, das allgemeine Spielniveau zu steigern und motiviert die Golfer, ihr Spiel zu verbessern.<\/p><p><strong>3. Stra\u00dfe zur Son Gual Liga<\/strong><\/p><p>Ein strukturierter und lohnender Saisonwettbewerb mit zweimonatlichen Freitagsspielen und flexiblen, selbst organisierten Runden. K\u00e4mpfen Sie um die Mallorca10 Trophy und andere exklusive Preise in einem Umfeld, das Leistung mit Prestige verbindet.<\/p><p><strong>4. Gebaut f\u00fcr Bewohner und Saisonbesucher<\/strong><\/p><p>Egal, ob Sie ganzj\u00e4hrig auf Mallorca leben oder nur saisonal hier sind, Mallorca10 passt sich Ihrem Lebensstil an. Nehmen Sie an offiziellen Ligarunden teil oder loggen Sie sich in Ihrem eigenen Tempo in selbst organisierte Spiele ein und sichern Sie sich so Ihren Platz in der Bestenliste.<\/p><p><strong>5. Verbesserter Mitgliederwert<\/strong><\/p><p>Mitglieder von Royd Golf profitieren von exklusiven Mallorca10-Rabatten in Son Gual, wodurch das regelm\u00e4\u00dfige Spielen auf einem der ber\u00fchmtesten Privatpl\u00e4tze Europas zug\u00e4nglicher ist als je zuvor.<\/p>\t\t\t\t\t\t\t\t<\/div>\n\t\t\t\t<\/div>\n\t\t\t\t\t<\/div>\n\t\t<\/div>\n\t\t\t\t\t<\/div>\n\t\t<\/section>\n\t\t\t\t\t<\/div>\n\t\t<\/div>\n\t\t\t\t\t<\/div>\n\t\t<\/section>\n\t\t\t\t<section class=\"elementor-section elementor-top-section elementor-element elementor-element-6e78af9f elementor-section-height-min-height elementor-section-boxed elementor-section-height-default elementor-section-items-middle\" data-id=\"6e78af9f\" data-element_type=\"section\" data-settings=\"{&quot;background_background&quot;:&quot;classic&quot;,&quot;background_motion_fx_motion_fx_scrolling&quot;:&quot;yes&quot;,&quot;background_motion_fx_translateY_effect&quot;:&quot;yes&quot;,&quot;background_motion_fx_translateY_direction&quot;:&quot;negative&quot;,&quot;background_motion_fx_translateY_speed&quot;:{&quot;unit&quot;:&quot;px&quot;,&quot;size&quot;:2,&quot;sizes&quot;:[]},&quot;background_motion_fx_translateY_affectedRange&quot;:{&quot;unit&quot;:&quot;%&quot;,&quot;size&quot;:&quot;&quot;,&quot;sizes&quot;:{&quot;start&quot;:0,&quot;end&quot;:100}},&quot;background_motion_fx_devices&quot;:[&quot;desktop&quot;,&quot;tablet&quot;,&quot;mobile&quot;]}\">\n\t\t\t\t\t\t<div class=\"elementor-container elementor-column-gap-no\">\n\t\t\t\t\t<div class=\"elementor-column elementor-col-100 elementor-top-column elementor-element elementor-element-25690742\" data-id=\"25690742\" data-element_type=\"column\">\n\t\t\t<div class=\"elementor-widget-wrap elementor-element-populated\">\n\t\t\t\t\t\t<section class=\"elementor-section elementor-inner-section elementor-element elementor-element-68925b9e elementor-section-content-middle elementor-section-boxed elementor-section-height-default elementor-section-height-default\" data-id=\"68925b9e\" data-element_type=\"section\">\n\t\t\t\t\t\t<div class=\"elementor-container elementor-column-gap-no\">\n\t\t\t\t\t<div class=\"elementor-column elementor-col-50 elementor-inner-column elementor-element elementor-element-53ce11c\" data-id=\"53ce11c\" data-element_type=\"column\" data-settings=\"{&quot;background_background&quot;:&quot;classic&quot;}\">\n\t\t\t<div class=\"elementor-widget-wrap elementor-element-populated\">\n\t\t\t\t\t<div class=\"elementor-background-overlay\"><\/div>\n\t\t\t\t\t\t<div class=\"elementor-element elementor-element-46520586 elementor-widget elementor-widget-heading\" data-id=\"46520586\" data-element_type=\"widget\" data-widget_type=\"heading.default\">\n\t\t\t\t<div class=\"elementor-widget-container\">\n\t\t\t\t\t<h2 class=\"elementor-heading-title elementor-size-default\">Mallorca10 Experience \u2013 F\u00fcr Golfer, die mehr wollen<\/h2>\t\t\t\t<\/div>\n\t\t\t\t<\/div>\n\t\t\t\t<div class=\"elementor-element elementor-element-608bbc79 elementor-widget elementor-widget-text-editor\" data-id=\"608bbc79\" data-element_type=\"widget\" data-widget_type=\"text-editor.default\">\n\t\t\t\t<div class=\"elementor-widget-container\">\n\t\t\t\t\t\t\t\t\t<p>Son Gual Golf liegt etwas au\u00dferhalb von Palma und z\u00e4hlt zu den besten Golfpl\u00e4tzen Europas. Er besticht durch makellose Fairways, Meisterschaftsdesign und einen Service, der Exzellenz ausmacht. Er bietet die perfekte Umgebung f\u00fcr Golfer, die h\u00f6chste Anspr\u00fcche an ihr Spiel und die Umgebung stellen.<\/p><p>Mallorca10 ist gemacht f\u00fcr:<\/p><ul><li>Ambitionierte Amateurgolfer, die einen strukturierten Wettkampf auf hohem Niveau suchen<\/li><li>Auf Mallorca ans\u00e4ssige Spieler, die eine konstante und erstklassige Ligaerfahrung suchen<\/li><li>Saisonale Besucher, die Flexibilit\u00e4t ohne Qualit\u00e4tseinbu\u00dfen ben\u00f6tigen<\/li><li>Spieler, die Herausforderungen, Gemeinschaft und kontinuierliche Verbesserung sch\u00e4tzen<\/li><\/ul><p>\u00a0<\/p><p>Wenn Sie bereit sind, Ihr Spiel zu verbessern, bietet Mallorca10 in Son Gual die B\u00fchne, nach der Sie gesucht haben.<\/p>\t\t\t\t\t\t\t\t<\/div>\n\t\t\t\t<\/div>\n\t\t\t\t\t<\/div>\n\t\t<\/div>\n\t\t\t\t<div class=\"elementor-column elementor-col-50 elementor-inner-column elementor-element elementor-element-27248208 elementor-hidden-tablet elementor-hidden-phone\" data-id=\"27248208\" data-element_type=\"column\">\n\t\t\t<div class=\"elementor-widget-wrap\">\n\t\t\t\t\t\t\t<\/div>\n\t\t<\/div>\n\t\t\t\t\t<\/div>\n\t\t<\/section>\n\t\t\t\t\t<\/div>\n\t\t<\/div>\n\t\t\t\t\t<\/div>\n\t\t<\/section>\n\t\t\t\t<section class=\"elementor-section elementor-top-section elementor-element elementor-element-63f343c5 elementor-section-boxed elementor-section-height-default elementor-section-height-default\" data-id=\"63f343c5\" data-element_type=\"section\">\n\t\t\t\t\t\t<div class=\"elementor-container elementor-column-gap-no\">\n\t\t\t\t\t<div class=\"elementor-column elementor-col-100 elementor-top-column elementor-element elementor-element-16b6420f\" data-id=\"16b6420f\" data-element_type=\"column\">\n\t\t\t<div class=\"elementor-widget-wrap elementor-element-populated\">\n\t\t\t\t\t\t<section class=\"elementor-section elementor-inner-section elementor-element elementor-element-5c112506 elementor-section-content-middle elementor-section-boxed elementor-section-height-default elementor-section-height-default\" data-id=\"5c112506\" data-element_type=\"section\">\n\t\t\t\t\t\t<div class=\"elementor-container elementor-column-gap-no\">\n\t\t\t\t\t<div class=\"elementor-column elementor-col-50 elementor-inner-column elementor-element elementor-element-7ff3b34a\" data-id=\"7ff3b34a\" data-element_type=\"column\" data-settings=\"{&quot;background_background&quot;:&quot;classic&quot;}\">\n\t\t\t<div class=\"elementor-widget-wrap elementor-element-populated\">\n\t\t\t\t\t\t<div class=\"elementor-element elementor-element-39eb835 elementor-widget elementor-widget-spacer\" data-id=\"39eb835\" data-element_type=\"widget\" data-widget_type=\"spacer.default\">\n\t\t\t\t<div class=\"elementor-widget-container\">\n\t\t\t\t\t\t\t<div class=\"elementor-spacer\">\n\t\t\t<div class=\"elementor-spacer-inner\"><\/div>\n\t\t<\/div>\n\t\t\t\t\t\t<\/div>\n\t\t\t\t<\/div>\n\t\t\t\t\t<\/div>\n\t\t<\/div>\n\t\t\t\t<div class=\"elementor-column elementor-col-50 elementor-inner-column elementor-element elementor-element-14400e29\" data-id=\"14400e29\" data-element_type=\"column\">\n\t\t\t<div class=\"elementor-widget-wrap elementor-element-populated\">\n\t\t\t\t\t\t<div class=\"elementor-element elementor-element-2925bf96 elementor-widget elementor-widget-menu-anchor\" data-id=\"2925bf96\" data-element_type=\"widget\" data-widget_type=\"menu-anchor.default\">\n\t\t\t\t<div class=\"elementor-widget-container\">\n\t\t\t\t\t\t\t<div class=\"elementor-menu-anchor\" id=\"contactmallorca10\"><\/div>\n\t\t\t\t\t\t<\/div>\n\t\t\t\t<\/div>\n\t\t\t\t<div class=\"elementor-element elementor-element-c85e2f3 elementor-widget elementor-widget-heading\" data-id=\"c85e2f3\" data-element_type=\"widget\" data-widget_type=\"heading.default\">\n\t\t\t\t<div class=\"elementor-widget-container\">\n\t\t\t\t\t<h2 class=\"elementor-heading-title elementor-size-default\">Bereit, Ihr Spiel zu verbessern?<\/h2>\t\t\t\t<\/div>\n\t\t\t\t<\/div>\n\t\t\t\t<div class=\"elementor-element elementor-element-75168588 elementor-widget elementor-widget-text-editor\" data-id=\"75168588\" data-element_type=\"widget\" data-widget_type=\"text-editor.default\">\n\t\t\t\t<div class=\"elementor-widget-container\">\n\t\t\t\t\t\t\t\t\t<p>Wenn Sie Golf ernst nehmen und sich in einem inspirierenden Umfeld mit gleichgesinnten Spielern herausfordern m\u00f6chten, ist Mallorca10: Road to Son Gual der richtige Schritt f\u00fcr Sie. Egal, ob Sie hier wohnen oder nur saisonal zu Besuch sind, diese Liga bietet ein flexibles und dennoch strukturiertes Format, das es Ihnen erm\u00f6glicht, auf hohem Niveau zu konkurrieren, dauerhafte Kontakte zu kn\u00fcpfen und das Privileg zu genie\u00dfen, auf einem der sch\u00f6nsten Golfpl\u00e4tze Europas zu spielen.<\/p><p>Verpassen Sie nicht die Gelegenheit, Teil der dynamischsten Golfliga Mallorcas zu werden \u2013 wo Leistung, Gemeinschaft und Erfahrung zusammenkommen.<\/p><p>Kontaktieren Sie Royd Golf noch heute, um alle Registrierungsdetails, bevorstehende Termine und Informationen zur Mitgliedschaft bei Mallorca10 zu erhalten.<\/p><p>Wir helfen Ihnen, Ihr Spiel Runde f\u00fcr Runde weiterzuentwickeln.<\/p>\t\t\t\t\t\t\t\t<\/div>\n\t\t\t\t<\/div>\n\t\t\t\t<div class=\"elementor-element elementor-element-7aa51bb8 elementor-align-left elementor-mobile-align-left elementor-tablet-align-left elementor-widget elementor-widget-button\" data-id=\"7aa51bb8\" data-element_type=\"widget\" data-widget_type=\"button.default\">\n\t\t\t\t<div class=\"elementor-widget-container\">\n\t\t\t\t\t\t\t\t\t<div class=\"elementor-button-wrapper\">\n\t\t\t\t\t<a class=\"elementor-button elementor-button-link elementor-size-lg\" href=\"https:\/\/roydgolf.com\/de\/kontaktieren-sie-uns\/\" target=\"_blank\">\n\t\t\t\t\t\t<span class=\"elementor-button-content-wrapper\">\n\t\t\t\t\t\t\t\t\t<span class=\"elementor-button-text\">Kontakt<\/span>\n\t\t\t\t\t<\/span>\n\t\t\t\t\t<\/a>\n\t\t\t\t<\/div>\n\t\t\t\t\t\t\t\t<\/div>\n\t\t\t\t<\/div>\n\t\t\t\t\t<\/div>\n\t\t<\/div>\n\t\t\t\t\t<\/div>\n\t\t<\/section>\n\t\t\t\t\t<\/div>\n\t\t<\/div>\n\t\t\t\t\t<\/div>\n\t\t<\/section>\n\t\t\t\t<\/div>","protected":false},"excerpt":{"rendered":"<p>Mallorca10: Road to Son Gual Competitive Golf. Elevated. Mallorca10 is a curated golf experience designed for passionate players looking to combine quality competition with community and development. Hosted in collaboration with Son Gual Golf, one of Mallorca\u2019s most exclusive courses, the &#8220;Road to Son Gual&#8221; League offers a seasonal competition series that reflects the structure, [&hellip;]<\/p>","protected":false},"author":1,"featured_media":0,"parent":0,"menu_order":0,"comment_status":"closed","ping_status":"closed","template":"elementor_header_footer","meta":{"_joinchat":[],"footnotes":""},"class_list":["post-3177","page","type-page","status-publish","hentry"],"yoast_head":"<!-- This site is optimized with the Yoast SEO plugin v26.2 - https:\/\/yoast.com\/wordpress\/plugins\/seo\/ -->\n<title>Mallorca 10: Road to Son Gual - Royd Golf<\/title>\n<meta name=\"description\" content=\"Mallorca10 is a curated golf experience designed for passionate players looking to combine quality competition with community and development\" \/>\n<meta name=\"robots\" content=\"index, follow, max-snippet:-1, max-image-preview:large, max-video-preview:-1\" \/>\n<link rel=\"canonical\" href=\"https:\/\/roydgolf.com\/de\/mallorca-10-strase-nach-son-gual\/\" \/>\n<meta property=\"og:locale\" content=\"de_DE\" \/>\n<meta property=\"og:type\" content=\"article\" \/>\n<meta property=\"og:title\" content=\"Mallorca 10: Road to Son Gual - Royd Golf\" \/>\n<meta property=\"og:description\" content=\"Mallorca10 is a curated golf experience designed for passionate players looking to combine quality competition with community and development\" \/>\n<meta property=\"og:url\" content=\"https:\/\/roydgolf.com\/de\/mallorca-10-strase-nach-son-gual\/\" \/>\n<meta property=\"og:site_name\" content=\"Royd Golf\" \/>\n<meta property=\"article:modified_time\" content=\"2025-10-23T14:28:34+00:00\" \/>\n<meta name=\"twitter:card\" content=\"summary_large_image\" \/>\n<meta name=\"twitter:label1\" content=\"Gesch\u00e4tzte Lesezeit\" \/>\n\t<meta name=\"twitter:data1\" content=\"3\u00a0Minuten\" \/>\n<script type=\"application\/ld+json\" class=\"yoast-schema-graph\">{\"@context\":\"https:\/\/schema.org\",\"@graph\":[{\"@type\":\"WebPage\",\"@id\":\"https:\/\/roydgolf.com\/mallorca-10-road-to-son-gual\/\",\"url\":\"https:\/\/roydgolf.com\/mallorca-10-road-to-son-gual\/\",\"name\":\"Mallorca 10: Road to Son Gual - Royd Golf\",\"isPartOf\":{\"@id\":\"https:\/\/roydgolf.com\/#website\"},\"datePublished\":\"2025-10-23T13:58:18+00:00\",\"dateModified\":\"2025-10-23T14:28:34+00:00\",\"description\":\"Mallorca10 is a curated golf experience designed for passionate players looking to combine quality competition with community and development\",\"breadcrumb\":{\"@id\":\"https:\/\/roydgolf.com\/mallorca-10-road-to-son-gual\/#breadcrumb\"},\"inLanguage\":\"de\",\"potentialAction\":[{\"@type\":\"ReadAction\",\"target\":[\"https:\/\/roydgolf.com\/mallorca-10-road-to-son-gual\/\"]}]},{\"@type\":\"BreadcrumbList\",\"@id\":\"https:\/\/roydgolf.com\/mallorca-10-road-to-son-gual\/#breadcrumb\",\"itemListElement\":[{\"@type\":\"ListItem\",\"position\":1,\"name\":\"Portada\",\"item\":\"https:\/\/roydgolf.com\/\"},{\"@type\":\"ListItem\",\"position\":2,\"name\":\"Mallorca 10: Road to Son Gual\"}]},{\"@type\":\"WebSite\",\"@id\":\"https:\/\/roydgolf.com\/#website\",\"url\":\"https:\/\/roydgolf.com\/\",\"name\":\"Royd Golf\",\"description\":\"Golf Coaching and Lifestyle in Mallorca\",\"potentialAction\":[{\"@type\":\"SearchAction\",\"target\":{\"@type\":\"EntryPoint\",\"urlTemplate\":\"https:\/\/roydgolf.com\/?s={search_term_string}\"},\"query-input\":{\"@type\":\"PropertyValueSpecification\",\"valueRequired\":true,\"valueName\":\"search_term_string\"}}],\"inLanguage\":\"de\"}]}<\/script>\n<!-- \/ Yoast SEO plugin. -->","yoast_head_json":{"title":"Mallorca 10: Stra\u00dfe nach Son Gual - Royd Golf","description":"Mallorca10 ist ein kuratiertes Golferlebnis f\u00fcr leidenschaftliche Spieler, die hochwertigen Wettbewerb mit Gemeinschaft und Entwicklung verbinden m\u00f6chten","robots":{"index":"index","follow":"follow","max-snippet":"max-snippet:-1","max-image-preview":"max-image-preview:large","max-video-preview":"max-video-preview:-1"},"canonical":"https:\/\/roydgolf.com\/de\/mallorca-10-strase-nach-son-gual\/","og_locale":"de_DE","og_type":"article","og_title":"Mallorca 10: Road to Son Gual - Royd Golf","og_description":"Mallorca10 is a curated golf experience designed for passionate players looking to combine quality competition with community and development","og_url":"https:\/\/roydgolf.com\/de\/mallorca-10-strase-nach-son-gual\/","og_site_name":"Royd Golf","article_modified_time":"2025-10-23T14:28:34+00:00","twitter_card":"summary_large_image","twitter_misc":{"Gesch\u00e4tzte Lesezeit":"3\u00a0Minuten"},"schema":{"@context":"https:\/\/schema.org","@graph":[{"@type":"WebPage","@id":"https:\/\/roydgolf.com\/mallorca-10-road-to-son-gual\/","url":"https:\/\/roydgolf.com\/mallorca-10-road-to-son-gual\/","name":"Mallorca 10: Stra\u00dfe nach Son Gual - Royd Golf","isPartOf":{"@id":"https:\/\/roydgolf.com\/#website"},"datePublished":"2025-10-23T13:58:18+00:00","dateModified":"2025-10-23T14:28:34+00:00","description":"Mallorca10 ist ein kuratiertes Golferlebnis f\u00fcr leidenschaftliche Spieler, die hochwertigen Wettbewerb mit Gemeinschaft und Entwicklung verbinden m\u00f6chten","breadcrumb":{"@id":"https:\/\/roydgolf.com\/mallorca-10-road-to-son-gual\/#breadcrumb"},"inLanguage":"de","potentialAction":[{"@type":"ReadAction","target":["https:\/\/roydgolf.com\/mallorca-10-road-to-son-gual\/"]}]},{"@type":"BreadcrumbList","@id":"https:\/\/roydgolf.com\/mallorca-10-road-to-son-gual\/#breadcrumb","itemListElement":[{"@type":"ListItem","position":1,"name":"Portada","item":"https:\/\/roydgolf.com\/"},{"@type":"ListItem","position":2,"name":"Mallorca 10: Road to Son Gual"}]},{"@type":"WebSite","@id":"https:\/\/roydgolf.com\/#website","url":"https:\/\/roydgolf.com\/","name":"Royd Golf","description":"Golf-Coaching und Lifestyle auf Mallorca","potentialAction":[{"@type":"SearchAction","target":{"@type":"EntryPoint","urlTemplate":"https:\/\/roydgolf.com\/?s={search_term_string}"},"query-input":{"@type":"PropertyValueSpecification","valueRequired":true,"valueName":"search_term_string"}}],"inLanguage":"de"}]}},"_links":{"self":[{"href":"https:\/\/roydgolf.com\/de\/wp-json\/wp\/v2\/pages\/3177","targetHints":{"allow":["GET"]}}],"collection":[{"href":"https:\/\/roydgolf.com\/de\/wp-json\/wp\/v2\/pages"}],"about":[{"href":"https:\/\/roydgolf.com\/de\/wp-json\/wp\/v2\/types\/page"}],"author":[{"embeddable":true,"href":"https:\/\/roydgolf.com\/de\/wp-json\/wp\/v2\/users\/1"}],"replies":[{"embeddable":true,"href":"https:\/\/roydgolf.com\/de\/wp-json\/wp\/v2\/comments?post=3177"}],"version-history":[{"count":31,"href":"https:\/\/roydgolf.com\/de\/wp-json\/wp\/v2\/pages\/3177\/revisions"}],"predecessor-version":[{"id":3209,"href":"https:\/\/roydgolf.com\/de\/wp-json\/wp\/v2\/pages\/3177\/revisions\/3209"}],"wp:attachment":[{"href":"https:\/\/roydgolf.com\/de\/wp-json\/wp\/v2\/media?parent=3177"}],"curies":[{"name":"wp","href":"https:\/\/api.w.org\/{rel}","templated":true}]}}