{"id":741,"date":"2023-06-08T14:43:58","date_gmt":"2023-06-08T14:43:58","guid":{"rendered":"https:\/\/roydgolf.com\/?page_id=741"},"modified":"2023-07-05T10:53:13","modified_gmt":"2023-07-05T10:53:13","slug":"impressum","status":"publish","type":"page","link":"https:\/\/roydgolf.com\/de\/impressum\/","title":{"rendered":"Impressum"},"content":{"rendered":"<div data-elementor-type=\"wp-page\" data-elementor-id=\"741\" class=\"elementor elementor-741\" data-elementor-post-type=\"page\">\n\t\t\t\t\t\t<section class=\"elementor-section elementor-top-section elementor-element elementor-element-15a5ab5c elementor-section-boxed elementor-section-height-default elementor-section-height-default\" data-id=\"15a5ab5c\" data-element_type=\"section\">\n\t\t\t\t\t\t<div class=\"elementor-container elementor-column-gap-no\">\n\t\t\t\t\t<div class=\"elementor-column elementor-col-100 elementor-top-column elementor-element elementor-element-355fc9a0\" data-id=\"355fc9a0\" data-element_type=\"column\">\n\t\t\t<div class=\"elementor-widget-wrap elementor-element-populated\">\n\t\t\t\t\t\t<section class=\"elementor-section elementor-inner-section elementor-element elementor-element-72fee0a9 elementor-section-boxed elementor-section-height-default elementor-section-height-default\" data-id=\"72fee0a9\" data-element_type=\"section\">\n\t\t\t\t\t\t<div class=\"elementor-container elementor-column-gap-default\">\n\t\t\t\t\t<div class=\"elementor-column elementor-col-100 elementor-inner-column elementor-element elementor-element-13186458\" data-id=\"13186458\" data-element_type=\"column\">\n\t\t\t<div class=\"elementor-widget-wrap elementor-element-populated\">\n\t\t\t\t\t\t<div class=\"elementor-element elementor-element-1e306cf2 elementor-widget elementor-widget-heading\" data-id=\"1e306cf2\" data-element_type=\"widget\" data-widget_type=\"heading.default\">\n\t\t\t\t<div class=\"elementor-widget-container\">\n\t\t\t\t\t<h1 class=\"elementor-heading-title elementor-size-default\">IMPRESSUM<\/h1>\t\t\t\t<\/div>\n\t\t\t\t<\/div>\n\t\t\t\t<div class=\"elementor-element elementor-element-cf844ae elementor-widget elementor-widget-text-editor\" data-id=\"cf844ae\" data-element_type=\"widget\" data-widget_type=\"text-editor.default\">\n\t\t\t\t<div class=\"elementor-widget-container\">\n\t\t\t\t\t\t\t\t\t<p class=\"p1\"><strong>Identifikation und Eigentum<\/strong><\/p><p class=\"p1\">Gem\u00e4\u00df Artikel 10 des Gesetzes 34\/2002 vom 11. Juli \u00fcber Dienste der Informationsgesellschaft und elektronischen Handel stellt der Eigent\u00fcmer seine Identifikationsdaten zur Verf\u00fcgung:<\/p><ul class=\"ul1\"><li class=\"li1\">Besitzer: Timothy Myles Holroyd.<\/li><li class=\"li1\">ZINN: Y3316755P<\/li><li class=\"li1\">Adresse: Ma 15 \u2013 Palma \u2013 Manacor, Km 11,5 Palma 07199, Balearen \u2013 Spanien.<\/li><li class=\"li3\"><span class=\"s3\">Email: <a href=\"mailto:contact@roydgolf.com\"><span class=\"s4\">contact@roydgolf.com<\/span><\/a><\/span><\/li><li class=\"li3\"><span class=\"s3\">Webseite: <a href=\"https:\/\/roydgolf.com\/de\"><span class=\"s4\">https:\/\/roydgolf.com\/<\/span><\/a><\/span><\/li><\/ul><p class=\"p1\"><strong>Zweck<\/strong><\/p><p class=\"p1\">Der Zweck der Website ist: F\u00f6rderung von Golfdienstleistungen.<\/p><p class=\"p1\"><strong>Nutzungsbedingungen<\/strong><\/p><p class=\"p1\">Durch die Nutzung der Website erhalten Sie den Status eines Benutzers und implizieren die vollst\u00e4ndige Akzeptanz aller auf den folgenden Seiten enthaltenen Klauseln und Nutzungsbedingungen:<\/p><ul class=\"ul1\"><li class=\"li1\"><a href=\"https:\/\/roydgolf.com\/de\/impressum\/\">Impressum<\/a><\/li><li class=\"li1\"><a href=\"https:\/\/roydgolf.com\/de\/datenschutzrichtlinie\/\">Datenschutzbestimmungen<\/a><\/li><li class=\"li1\"><a href=\"https:\/\/roydgolf.com\/de\/cookie-richtlinie\/\">Cookie-Richtlinie<\/a><\/li><\/ul><p class=\"p1\">Wenn Sie mit jeder einzelnen dieser Klauseln und Bedingungen nicht einverstanden sind, sehen Sie bitte von der Nutzung der Website ab.<\/p><p class=\"p1\">Der Zugriff auf die Website bedeutet unter keinen Umst\u00e4nden den Aufbau einer Gesch\u00e4ftsbeziehung mit dem Eigent\u00fcmer.<\/p><p class=\"p1\">\u00dcber die Website erm\u00f6glicht der Eigent\u00fcmer den Zugriff auf und die Nutzung verschiedener Inhalte, die der Eigent\u00fcmer und\/oder seine Mitarbeiter \u00fcber das Internet ver\u00f6ffentlicht haben.<\/p><p class=\"p1\">Zu diesem Zweck sind Sie verpflichtet und verpflichtet, die Inhalte der Website NICHT f\u00fcr rechtswidrige Zwecke oder Zwecke zu nutzen, die durch diesen rechtlichen Hinweis oder die geltende Gesetzgebung verboten sind, die Rechte und Interessen Dritter beeintr\u00e4chtigen oder in irgendeiner Weise sch\u00e4dlich sind die Inhalte, Computerausr\u00fcstung oder Dokumente, Dateien und alle Arten von Inhalten besch\u00e4digen, deaktivieren, \u00fcberlasten, verschlechtern oder deren normale Nutzung verhindern k\u00f6nnen Ger\u00e4te eines Internetnutzers.<\/p><p class=\"p1\"><strong>Sicherheitsma\u00dfnahmen<\/strong><\/p><p class=\"p1\">Die personenbezogenen Daten, die Sie dem Eigent\u00fcmer zur Verf\u00fcgung stellen, k\u00f6nnen in automatisierten oder nicht automatisierten Datenbanken gespeichert werden, die ausschlie\u00dflich dem Eigent\u00fcmer geh\u00f6ren, der alle technischen, organisatorischen und Sicherheitsma\u00dfnahmen \u00fcbernimmt, um die Vertraulichkeit, Integrit\u00e4t und Qualit\u00e4t der darin enthaltenen Informationen zu gew\u00e4hrleisten im Einklang mit den aktuellen Datenschutzbestimmungen.<\/p><p class=\"p1\">Sie sollten sich jedoch dar\u00fcber im Klaren sein, dass die Sicherheitsma\u00dfnahmen f\u00fcr Computersysteme im Internet nicht v\u00f6llig zuverl\u00e4ssig sind und der Eigent\u00fcmer daher nicht garantieren kann, dass keine Viren oder andere Elemente vorhanden sind, die \u00c4nderungen an den Computersystemen (Software und Hardware) des Benutzers oder an seinen Computersystemen verursachen k\u00f6nnen darin enthaltene elektronische Dokumente und Dateien, obwohl der Eigent\u00fcmer alle erforderlichen Ma\u00dfnahmen und geeigneten Sicherheitsma\u00dfnahmen ergreift, um das Vorhandensein dieser sch\u00e4dlichen Elemente zu verhindern.<\/p><p class=\"p1\"><strong>Verarbeitung personenbezogener Daten<\/strong><\/p><p class=\"p1\">Alle Informationen zur Verarbeitung der vom Eigent\u00fcmer erhobenen personenbezogenen Daten finden Sie auf der Website <a href=\"https:\/\/roydgolf.com\/de\/datenschutzrichtlinie\/\">Datenschutzbestimmungen<\/a> Seite.<\/p><p class=\"p1\"><strong>Inhalt<\/strong><\/p><p class=\"p1\">Der Eigent\u00fcmer hat die auf der Website enthaltenen Informationen, Multimediainhalte und Materialien aus Quellen bezogen, die er f\u00fcr zuverl\u00e4ssig h\u00e4lt. Obwohl der Eigent\u00fcmer alle angemessenen Ma\u00dfnahmen ergriffen hat, um sicherzustellen, dass die enthaltenen Informationen korrekt sind, \u00fcbernimmt der Eigent\u00fcmer keine Garantie f\u00fcr deren Richtigkeit, Vollst\u00e4ndigkeit oder Aktualit\u00e4t.<\/p><p class=\"p1\">Der Eigent\u00fcmer lehnt ausdr\u00fccklich jegliche Verantwortung f\u00fcr Fehler oder Auslassungen in den auf den Seiten der Website enthaltenen Informationen ab.<\/p><p class=\"p1\">Es ist verboten, \u00fcber die Website illegale oder illegale Inhalte, Computerviren oder Nachrichten zu \u00fcbertragen oder zu versenden, die im Allgemeinen die Rechte des Eigent\u00fcmers oder Dritter beeintr\u00e4chtigen oder verletzen.<\/p><p class=\"p1\">Die Inhalte der Website dienen ausschlie\u00dflich Informationszwecken und d\u00fcrfen unter keinen Umst\u00e4nden als Verkaufsangebot, Aufforderung zur Abgabe eines Kaufangebots oder als Empfehlung zur Durchf\u00fchrung einer anderen Transaktion verwendet oder betrachtet werden, sofern dies nicht ausdr\u00fccklich angegeben ist.<\/p><p class=\"p1\">Der Eigent\u00fcmer beh\u00e4lt sich das Recht vor, den Inhalt der Website, die Links oder die \u00fcber die Website erhaltenen Informationen ohne vorherige Ank\u00fcndigung zu \u00e4ndern, auszusetzen, zu l\u00f6schen oder einzuschr\u00e4nken.<\/p><p class=\"p1\">Der Eigent\u00fcmer haftet nicht f\u00fcr Sch\u00e4den, die durch die Nutzung der Informationen auf der Website oder der auf den Social-Media-Kan\u00e4len des Eigent\u00fcmers enthaltenen Inhalte entstehen k\u00f6nnen.<\/p><p class=\"p1\"><strong>Cookie-Richtlinie<\/strong><\/p><p class=\"p1\">Alle Informationen zur Erfassung und Verarbeitung von Cookies finden Sie auf der Seite Cookie-Richtlinie.<\/p><p class=\"p1\"><strong>Links zu anderen Websites<\/strong><\/p><p class=\"p1\">Der Eigent\u00fcmer kann den Zugriff auf Websites Dritter \u00fcber Links ausschlie\u00dflich zu dem Zweck bereitstellen, \u00fcber die Existenz anderer Informationsquellen im Internet zu informieren, wo Sie die auf der Website angebotenen Daten erweitern k\u00f6nnen.<\/p><p class=\"p1\">Diese Links zu anderen Websites stellen in keinem Fall einen Vorschlag oder eine Empfehlung f\u00fcr Sie dar, die Zielwebseiten zu besuchen, die au\u00dferhalb der Kontrolle des Eigent\u00fcmers liegen. Daher ist der Eigent\u00fcmer nicht verantwortlich f\u00fcr den Inhalt der verlinkten Websites oder das Ergebnis, das Sie m\u00f6glicherweise erleben, wenn Sie den Links folgen. Ebenso wenig bef\u00fcrwortet der Eigent\u00fcmer die Links oder die Inhalte oder Dienste auf verlinkten Websites.<\/p><p class=\"p1\">Die Einrichtung des Links impliziert weder das Bestehen einer Beziehung zwischen dem Eigent\u00fcmer und dem Eigent\u00fcmer der Website, auf der der Link eingerichtet ist, noch die Annahme oder Genehmigung der Inhalte oder Dienste durch den Eigent\u00fcmer. Wenn Sie \u00fcber einen auf der Website gefundenen Link auf eine externe Website zugreifen, sollten Sie die Datenschutzrichtlinien dieser anderen Website lesen, da diese m\u00f6glicherweise von den Richtlinien dieser Website abweichen.<\/p><p class=\"p1\"><strong>Geistiges und gewerbliches Eigentum<\/strong><\/p><p class=\"p1\">Alle Rechte vorbehalten.<\/p><p class=\"p1\">Jeder Zugriff auf diese Website unterliegt den folgenden Bedingungen: Die Vervielf\u00e4ltigung, dauerhafte Speicherung und Verbreitung der Inhalte oder jede andere Nutzung mit \u00f6ffentlichem oder kommerziellem Zweck ist ohne vorherige ausdr\u00fcckliche schriftliche Zustimmung des Eigent\u00fcmers ausdr\u00fccklich untersagt.<\/p><p class=\"p1\"><strong>Haftungsbeschr\u00e4nkung<\/strong><\/p><p class=\"p1\">Der Eigent\u00fcmer lehnt jegliche Verantwortung im Falle von Unterbrechungen oder St\u00f6rungen der im Internet angebotenen Dienste oder Inhalte ab, unabh\u00e4ngig von der Ursache. Ebenso ist der Eigent\u00fcmer nicht verantwortlich f\u00fcr Netzwerkausf\u00e4lle, daraus resultierende Gesch\u00e4ftsverluste, vor\u00fcbergehende Stromausf\u00e4lle oder andere indirekte Sch\u00e4den, die Ihnen durch Ursachen entstehen, die au\u00dferhalb der Kontrolle des Eigent\u00fcmers liegen.<\/p><p class=\"p1\">Bevor Sie Entscheidungen treffen und\/oder Ma\u00dfnahmen ergreifen, die auf den auf der Website enthaltenen Informationen basieren, empfiehlt der Eigent\u00fcmer, dass Sie die erhaltenen Informationen \u00fcberpr\u00fcfen und mit anderen Quellen vergleichen.<\/p><p class=\"p1\"><strong>Zust\u00e4ndigkeit<\/strong><\/p><p class=\"p1\">Dieser rechtliche Hinweis unterliegt vollst\u00e4ndig dem spanischen Recht.<\/p><p class=\"p1\"><strong>Kontakt<\/strong><\/p><p class=\"p1\">Wenn Sie Fragen zu diesem rechtlichen Hinweis haben oder Kommentare zur Website abgeben m\u00f6chten, k\u00f6nnen Sie eine E-Mail an folgende Adresse senden: <a href=\"mailto:contact@roydgolf.com\"><span class=\"s5\">contact@roydgolf.com<\/span><\/a>.<\/p>\t\t\t\t\t\t\t\t<\/div>\n\t\t\t\t<\/div>\n\t\t\t\t\t<\/div>\n\t\t<\/div>\n\t\t\t\t\t<\/div>\n\t\t<\/section>\n\t\t\t\t\t<\/div>\n\t\t<\/div>\n\t\t\t\t\t<\/div>\n\t\t<\/section>\n\t\t\t\t<\/div>","protected":false},"excerpt":{"rendered":"<p>RECHTLICHER HINWEIS Identifizierung und Eigentum In \u00dcbereinstimmung mit Artikel 10 des Gesetzes 34\/2002 vom 11. Juli \u00fcber Dienste der Informationsgesellschaft und elektronischen Handel stellt der Eigent\u00fcmer seine Identifikationsdaten zur Verf\u00fcgung: Eigent\u00fcmer: Timothy Myles Holroyd. Steuernummer: Y3316755P Adresse: Ma 15 \u2013 Palma \u2013 Manacor, Km 11.5 Palma 07199, Balearen \u2013 Spanien. E-Mail: contact@roydgolf.com Website: https:\/\/roydgolf.com\/ Zweck [\u2026]<\/p>","protected":false},"author":1,"featured_media":0,"parent":0,"menu_order":0,"comment_status":"closed","ping_status":"closed","template":"elementor_header_footer","meta":{"_joinchat":[],"footnotes":""},"class_list":["post-741","page","type-page","status-publish","hentry"],"yoast_head":"<!-- This site is optimized with the Yoast SEO plugin v26.2 - https:\/\/yoast.com\/wordpress\/plugins\/seo\/ -->\n<title>Legal Notice - Royd Golf<\/title>\n<meta name=\"robots\" content=\"noindex, nofollow\" \/>\n<meta property=\"og:locale\" content=\"de_DE\" \/>\n<meta property=\"og:type\" content=\"article\" \/>\n<meta property=\"og:title\" content=\"Legal Notice - Royd Golf\" \/>\n<meta property=\"og:description\" content=\"LEGAL NOTICE Identification and Ownership In compliance with Article 10 of Law 34\/2002, of July 11, on Information Society Services and Electronic Commerce, the Owner provides its identification data: Owner: Timothy Myles Holroyd. TIN: Y3316755P Address: Ma 15 &#8211; Palma &#8211; Manacor, Km 11.5 Palma 07199, Balearic Islands &#8211; Spain. Email: contact@roydgolf.com Website: https:\/\/roydgolf.com\/ Purpose [&hellip;]\" \/>\n<meta property=\"og:url\" content=\"https:\/\/roydgolf.com\/de\/impressum\/\" \/>\n<meta property=\"og:site_name\" content=\"Royd Golf\" \/>\n<meta property=\"article:modified_time\" content=\"2023-07-05T10:53:13+00:00\" \/>\n<meta name=\"twitter:card\" content=\"summary_large_image\" \/>\n<meta name=\"twitter:label1\" content=\"Gesch\u00e4tzte Lesezeit\" \/>\n\t<meta name=\"twitter:data1\" content=\"5\u00a0Minuten\" \/>\n<script type=\"application\/ld+json\" class=\"yoast-schema-graph\">{\"@context\":\"https:\/\/schema.org\",\"@graph\":[{\"@type\":\"WebPage\",\"@id\":\"https:\/\/roydgolf.com\/legal-notice\/\",\"url\":\"https:\/\/roydgolf.com\/legal-notice\/\",\"name\":\"Legal Notice - Royd Golf\",\"isPartOf\":{\"@id\":\"https:\/\/roydgolf.com\/#website\"},\"datePublished\":\"2023-06-08T14:43:58+00:00\",\"dateModified\":\"2023-07-05T10:53:13+00:00\",\"breadcrumb\":{\"@id\":\"https:\/\/roydgolf.com\/legal-notice\/#breadcrumb\"},\"inLanguage\":\"de\",\"potentialAction\":[{\"@type\":\"ReadAction\",\"target\":[\"https:\/\/roydgolf.com\/legal-notice\/\"]}]},{\"@type\":\"BreadcrumbList\",\"@id\":\"https:\/\/roydgolf.com\/legal-notice\/#breadcrumb\",\"itemListElement\":[{\"@type\":\"ListItem\",\"position\":1,\"name\":\"Portada\",\"item\":\"https:\/\/roydgolf.com\/\"},{\"@type\":\"ListItem\",\"position\":2,\"name\":\"Legal Notice\"}]},{\"@type\":\"WebSite\",\"@id\":\"https:\/\/roydgolf.com\/#website\",\"url\":\"https:\/\/roydgolf.com\/\",\"name\":\"Royd Golf\",\"description\":\"Golf Coaching and Lifestyle in Mallorca\",\"potentialAction\":[{\"@type\":\"SearchAction\",\"target\":{\"@type\":\"EntryPoint\",\"urlTemplate\":\"https:\/\/roydgolf.com\/?s={search_term_string}\"},\"query-input\":{\"@type\":\"PropertyValueSpecification\",\"valueRequired\":true,\"valueName\":\"search_term_string\"}}],\"inLanguage\":\"de\"}]}<\/script>\n<!-- \/ Yoast SEO plugin. -->","yoast_head_json":{"title":"Rechtlicher Hinweis \u2013 Royd Golf","robots":{"index":"noindex","follow":"nofollow"},"og_locale":"de_DE","og_type":"article","og_title":"Legal Notice - Royd Golf","og_description":"LEGAL NOTICE Identification and Ownership In compliance with Article 10 of Law 34\/2002, of July 11, on Information Society Services and Electronic Commerce, the Owner provides its identification data: Owner: Timothy Myles Holroyd. TIN: Y3316755P Address: Ma 15 &#8211; Palma &#8211; Manacor, Km 11.5 Palma 07199, Balearic Islands &#8211; Spain. Email: contact@roydgolf.com Website: https:\/\/roydgolf.com\/ Purpose [&hellip;]","og_url":"https:\/\/roydgolf.com\/de\/impressum\/","og_site_name":"Royd Golf","article_modified_time":"2023-07-05T10:53:13+00:00","twitter_card":"summary_large_image","twitter_misc":{"Gesch\u00e4tzte Lesezeit":"5\u00a0Minuten"},"schema":{"@context":"https:\/\/schema.org","@graph":[{"@type":"WebPage","@id":"https:\/\/roydgolf.com\/legal-notice\/","url":"https:\/\/roydgolf.com\/legal-notice\/","name":"Rechtlicher Hinweis \u2013 Royd Golf","isPartOf":{"@id":"https:\/\/roydgolf.com\/#website"},"datePublished":"2023-06-08T14:43:58+00:00","dateModified":"2023-07-05T10:53:13+00:00","breadcrumb":{"@id":"https:\/\/roydgolf.com\/legal-notice\/#breadcrumb"},"inLanguage":"de","potentialAction":[{"@type":"ReadAction","target":["https:\/\/roydgolf.com\/legal-notice\/"]}]},{"@type":"BreadcrumbList","@id":"https:\/\/roydgolf.com\/legal-notice\/#breadcrumb","itemListElement":[{"@type":"ListItem","position":1,"name":"Portada","item":"https:\/\/roydgolf.com\/"},{"@type":"ListItem","position":2,"name":"Legal Notice"}]},{"@type":"WebSite","@id":"https:\/\/roydgolf.com\/#website","url":"https:\/\/roydgolf.com\/","name":"Royd Golf","description":"Golf-Coaching und Lifestyle auf Mallorca","potentialAction":[{"@type":"SearchAction","target":{"@type":"EntryPoint","urlTemplate":"https:\/\/roydgolf.com\/?s={search_term_string}"},"query-input":{"@type":"PropertyValueSpecification","valueRequired":true,"valueName":"search_term_string"}}],"inLanguage":"de"}]}},"_links":{"self":[{"href":"https:\/\/roydgolf.com\/de\/wp-json\/wp\/v2\/pages\/741","targetHints":{"allow":["GET"]}}],"collection":[{"href":"https:\/\/roydgolf.com\/de\/wp-json\/wp\/v2\/pages"}],"about":[{"href":"https:\/\/roydgolf.com\/de\/wp-json\/wp\/v2\/types\/page"}],"author":[{"embeddable":true,"href":"https:\/\/roydgolf.com\/de\/wp-json\/wp\/v2\/users\/1"}],"replies":[{"embeddable":true,"href":"https:\/\/roydgolf.com\/de\/wp-json\/wp\/v2\/comments?post=741"}],"version-history":[{"count":22,"href":"https:\/\/roydgolf.com\/de\/wp-json\/wp\/v2\/pages\/741\/revisions"}],"predecessor-version":[{"id":1198,"href":"https:\/\/roydgolf.com\/de\/wp-json\/wp\/v2\/pages\/741\/revisions\/1198"}],"wp:attachment":[{"href":"https:\/\/roydgolf.com\/de\/wp-json\/wp\/v2\/media?parent=741"}],"curies":[{"name":"wp","href":"https:\/\/api.w.org\/{rel}","templated":true}]}}