{"id":1860,"date":"2023-09-14T10:23:48","date_gmt":"2023-09-14T10:23:48","guid":{"rendered":"https:\/\/roydgolf.com\/?page_id=1860"},"modified":"2025-10-23T19:10:47","modified_gmt":"2025-10-23T19:10:47","slug":"gracias-clase-online","status":"publish","type":"page","link":"https:\/\/roydgolf.com\/es\/gracias-clase-online\/","title":{"rendered":"Gracias lecci\u00f3n en l\u00ednea"},"content":{"rendered":"<div data-elementor-type=\"wp-page\" data-elementor-id=\"1860\" class=\"elementor elementor-1860\" data-elementor-post-type=\"page\">\n\t\t\t\t\t\t<section class=\"elementor-section elementor-top-section elementor-element elementor-element-2970830a elementor-section-boxed elementor-section-height-default elementor-section-height-default\" data-id=\"2970830a\" data-element_type=\"section\">\n\t\t\t\t\t\t<div class=\"elementor-container elementor-column-gap-no\">\n\t\t\t\t\t<div class=\"elementor-column elementor-col-100 elementor-top-column elementor-element elementor-element-11d0056e\" data-id=\"11d0056e\" data-element_type=\"column\">\n\t\t\t<div class=\"elementor-widget-wrap elementor-element-populated\">\n\t\t\t\t\t\t<section class=\"elementor-section elementor-inner-section elementor-element elementor-element-1fee0e13 elementor-section-content-middle elementor-reverse-mobile elementor-section-boxed elementor-section-height-default elementor-section-height-default\" data-id=\"1fee0e13\" data-element_type=\"section\">\n\t\t\t\t\t\t<div class=\"elementor-container elementor-column-gap-no\">\n\t\t\t\t\t<div class=\"elementor-column elementor-col-50 elementor-inner-column elementor-element elementor-element-22cdea95\" data-id=\"22cdea95\" data-element_type=\"column\">\n\t\t\t<div class=\"elementor-widget-wrap elementor-element-populated\">\n\t\t\t\t\t\t<div class=\"elementor-element elementor-element-63add0f0 elementor-hidden-tablet elementor-widget elementor-widget-image\" data-id=\"63add0f0\" data-element_type=\"widget\" data-widget_type=\"image.default\">\n\t\t\t\t<div class=\"elementor-widget-container\">\n\t\t\t\t\t\t\t\t\t\t\t\t\t\t\t<img fetchpriority=\"high\" decoding=\"async\" width=\"800\" height=\"801\" src=\"https:\/\/roydgolf.com\/wp-content\/uploads\/2023\/07\/high-performance-golf-lessons.jpg\" class=\"attachment-large size-large wp-image-1364\" alt=\"\" srcset=\"https:\/\/roydgolf.com\/wp-content\/uploads\/2023\/07\/high-performance-golf-lessons.jpg 992w, https:\/\/roydgolf.com\/wp-content\/uploads\/2023\/07\/high-performance-golf-lessons-300x300.jpg 300w, https:\/\/roydgolf.com\/wp-content\/uploads\/2023\/07\/high-performance-golf-lessons-100x100.jpg 100w, https:\/\/roydgolf.com\/wp-content\/uploads\/2023\/07\/high-performance-golf-lessons-600x600.jpg 600w, https:\/\/roydgolf.com\/wp-content\/uploads\/2023\/07\/high-performance-golf-lessons-150x150.jpg 150w, https:\/\/roydgolf.com\/wp-content\/uploads\/2023\/07\/high-performance-golf-lessons-768x769.jpg 768w\" sizes=\"(max-width: 800px) 100vw, 800px\" \/>\t\t\t\t\t\t\t\t\t\t\t\t\t\t\t<\/div>\n\t\t\t\t<\/div>\n\t\t\t\t\t<\/div>\n\t\t<\/div>\n\t\t\t\t<div class=\"elementor-column elementor-col-50 elementor-inner-column elementor-element elementor-element-1e7a5b6b\" data-id=\"1e7a5b6b\" data-element_type=\"column\">\n\t\t\t<div class=\"elementor-widget-wrap elementor-element-populated\">\n\t\t\t\t\t\t<div class=\"elementor-element elementor-element-6a5eb1 elementor-widget elementor-widget-heading\" data-id=\"6a5eb1\" data-element_type=\"widget\" data-widget_type=\"heading.default\">\n\t\t\t\t<div class=\"elementor-widget-container\">\n\t\t\t\t\t<h2 class=\"elementor-heading-title elementor-size-default\">GRACIAS POR TU COMPRA<\/h2>\t\t\t\t<\/div>\n\t\t\t\t<\/div>\n\t\t\t\t<div class=\"elementor-element elementor-element-7ce7164d elementor-widget elementor-widget-text-editor\" data-id=\"7ce7164d\" data-element_type=\"widget\" data-widget_type=\"text-editor.default\">\n\t\t\t\t<div class=\"elementor-widget-container\">\n\t\t\t\t\t\t\t\t\t<p class=\"p1\"><b>Pr\u00f3ximos pasos que debes hacer para tu clase online:<\/b><\/p><p class=\"p1\"><b>- Preparaci\u00f3n:<\/b> Re\u00fane tu bolsa de palos y elige un lugar bien iluminado para grabar tu swing. Recuerda, la claridad es clave para obtener la mejor informaci\u00f3n.<\/p><p class=\"p1\"><b>\u2013 Graba tu swing:<\/b> Captura los videos de tu swing desde las posiciones delantera, lateral y trasera. Aseg\u00farate de no estar a m\u00e1s de 2 metros de distancia para obtener resultados \u00f3ptimos. Adem\u00e1s, incluye un primer plano de tu grip, mostrando ambas manos, con \u00e9nfasis en la mano izquierda.<\/p><p class=\"p1\"><b>\u2013 Env\u00eda los v\u00eddeos:<\/b> Una vez que tus videos est\u00e9n listos, env\u00edanoslos v\u00eda WhatsApp. Aseg\u00farate de que sean claros y de alta calidad para aprovechar al m\u00e1ximo tu clase.<\/p><p class=\"p1\"><b>\u2013 Espera la invitaci\u00f3n a Onform:<\/b> Una vez que hayamos recibido y revisado el contenido de tu video, lo subiremos a nuestra plataforma Onform. Recibir\u00e1s un enlace de invitaci\u00f3n a tu cuenta personal.<\/p><p class=\"p1\"><b>\u2013 Participa y aprende:<\/b> Al iniciar sesi\u00f3n en tu cuenta de Onform, encontrar\u00e1s el feedback exclusivo para tu swing. Aqu\u00ed tambi\u00e9n puedes chatear con nuestros entrenadores, hacer preguntas y obtener informaci\u00f3n m\u00e1s profunda para perfeccionar tu juego.<\/p><p class=\"p1\"><b>- Mantente al d\u00eda:<\/b> Recuerda enviar tu direcci\u00f3n de correo electr\u00f3nico actual, si a\u00fan no lo has hecho. Esto garantiza una comunicaci\u00f3n fluida durante todo el aprendizaje.<\/p>\t\t\t\t\t\t\t\t<\/div>\n\t\t\t\t<\/div>\n\t\t\t\t\t<\/div>\n\t\t<\/div>\n\t\t\t\t\t<\/div>\n\t\t<\/section>\n\t\t\t\t\t<\/div>\n\t\t<\/div>\n\t\t\t\t\t<\/div>\n\t\t<\/section>\n\t\t\t\t<\/div>","protected":false},"excerpt":{"rendered":"<p>GRACIAS POR SU COMPRA. Pr\u00f3ximos pasos para su clase en l\u00ednea: \u2013 Preparaci\u00f3n: Prepare su equipo de golf y elija un lugar bien iluminado para grabar su swing. Recuerde que la claridad es clave para obtener la mejor retroalimentaci\u00f3n. \u2013 Grabaci\u00f3n de su swing: Grabe videos de su swing desde las posiciones frontal, lateral y trasera. Aseg\u00farese de no estar m\u00e1s [\u2026]<\/p>","protected":false},"author":1,"featured_media":0,"parent":0,"menu_order":0,"comment_status":"closed","ping_status":"closed","template":"elementor_header_footer","meta":{"_joinchat":[],"footnotes":""},"class_list":["post-1860","page","type-page","status-publish","hentry"],"yoast_head":"<!-- This site is optimized with the Yoast SEO plugin v26.2 - https:\/\/yoast.com\/wordpress\/plugins\/seo\/ -->\n<title>Thank You Online Lesson - Royd Golf<\/title>\n<meta name=\"description\" content=\"Thank you for your purchase! Let us explain the next steps to improve your game with us. Royd Golf Experience in Mallorca.\" \/>\n<meta name=\"robots\" content=\"noindex, nofollow\" \/>\n<meta property=\"og:locale\" content=\"es_ES\" \/>\n<meta property=\"og:type\" content=\"article\" \/>\n<meta property=\"og:title\" content=\"Thank You Online Lesson - Royd Golf\" \/>\n<meta property=\"og:description\" content=\"Thank you for your purchase! Let us explain the next steps to improve your game with us. Royd Golf Experience in Mallorca.\" \/>\n<meta property=\"og:url\" content=\"https:\/\/roydgolf.com\/es\/gracias-clase-online\/\" \/>\n<meta property=\"og:site_name\" content=\"Royd Golf\" \/>\n<meta property=\"article:modified_time\" content=\"2025-10-23T19:10:47+00:00\" \/>\n<meta property=\"og:image\" content=\"https:\/\/roydgolf.com\/wp-content\/uploads\/2023\/07\/high-performance-golf-lessons.jpg\" \/>\n<meta name=\"twitter:card\" content=\"summary_large_image\" \/>\n<meta name=\"twitter:label1\" content=\"Tiempo de lectura\" \/>\n\t<meta name=\"twitter:data1\" content=\"2 minutos\" \/>\n<script type=\"application\/ld+json\" class=\"yoast-schema-graph\">{\"@context\":\"https:\/\/schema.org\",\"@graph\":[{\"@type\":\"WebPage\",\"@id\":\"https:\/\/roydgolf.com\/thank-you-online-lesson\/\",\"url\":\"https:\/\/roydgolf.com\/thank-you-online-lesson\/\",\"name\":\"Thank You Online Lesson - Royd Golf\",\"isPartOf\":{\"@id\":\"https:\/\/roydgolf.com\/#website\"},\"primaryImageOfPage\":{\"@id\":\"https:\/\/roydgolf.com\/thank-you-online-lesson\/#primaryimage\"},\"image\":{\"@id\":\"https:\/\/roydgolf.com\/thank-you-online-lesson\/#primaryimage\"},\"thumbnailUrl\":\"https:\/\/roydgolf.com\/wp-content\/uploads\/2023\/07\/high-performance-golf-lessons.jpg\",\"datePublished\":\"2023-09-14T10:23:48+00:00\",\"dateModified\":\"2025-10-23T19:10:47+00:00\",\"description\":\"Thank you for your purchase! Let us explain the next steps to improve your game with us. Royd Golf Experience in Mallorca.\",\"breadcrumb\":{\"@id\":\"https:\/\/roydgolf.com\/thank-you-online-lesson\/#breadcrumb\"},\"inLanguage\":\"es\",\"potentialAction\":[{\"@type\":\"ReadAction\",\"target\":[\"https:\/\/roydgolf.com\/thank-you-online-lesson\/\"]}]},{\"@type\":\"ImageObject\",\"inLanguage\":\"es\",\"@id\":\"https:\/\/roydgolf.com\/thank-you-online-lesson\/#primaryimage\",\"url\":\"https:\/\/roydgolf.com\/wp-content\/uploads\/2023\/07\/high-performance-golf-lessons.jpg\",\"contentUrl\":\"https:\/\/roydgolf.com\/wp-content\/uploads\/2023\/07\/high-performance-golf-lessons.jpg\"},{\"@type\":\"BreadcrumbList\",\"@id\":\"https:\/\/roydgolf.com\/thank-you-online-lesson\/#breadcrumb\",\"itemListElement\":[{\"@type\":\"ListItem\",\"position\":1,\"name\":\"Portada\",\"item\":\"https:\/\/roydgolf.com\/\"},{\"@type\":\"ListItem\",\"position\":2,\"name\":\"Thank You Online Lesson\"}]},{\"@type\":\"WebSite\",\"@id\":\"https:\/\/roydgolf.com\/#website\",\"url\":\"https:\/\/roydgolf.com\/\",\"name\":\"Royd Golf\",\"description\":\"Golf Coaching and Lifestyle in Mallorca\",\"potentialAction\":[{\"@type\":\"SearchAction\",\"target\":{\"@type\":\"EntryPoint\",\"urlTemplate\":\"https:\/\/roydgolf.com\/?s={search_term_string}\"},\"query-input\":{\"@type\":\"PropertyValueSpecification\",\"valueRequired\":true,\"valueName\":\"search_term_string\"}}],\"inLanguage\":\"es\"}]}<\/script>\n<!-- \/ Yoast SEO plugin. -->","yoast_head_json":{"title":"Gracias por tu Compra de la Clase Online - Royd Golf","description":"Gracias por tu compra! Perm\u00edtenos explicarte los pr\u00f3ximos pasos para mejorar tu juego con nosotros. Royd Golf en Mallorca.","robots":{"index":"noindex","follow":"nofollow"},"og_locale":"es_ES","og_type":"article","og_title":"Thank You Online Lesson - Royd Golf","og_description":"Thank you for your purchase! Let us explain the next steps to improve your game with us. Royd Golf Experience in Mallorca.","og_url":"https:\/\/roydgolf.com\/es\/gracias-clase-online\/","og_site_name":"Royd Golf","article_modified_time":"2025-10-23T19:10:47+00:00","og_image":[{"url":"https:\/\/roydgolf.com\/wp-content\/uploads\/2023\/07\/high-performance-golf-lessons.jpg","type":"","width":"","height":""}],"twitter_card":"summary_large_image","twitter_misc":{"Tiempo de lectura":"2 minutos"},"schema":{"@context":"https:\/\/schema.org","@graph":[{"@type":"WebPage","@id":"https:\/\/roydgolf.com\/thank-you-online-lesson\/","url":"https:\/\/roydgolf.com\/thank-you-online-lesson\/","name":"Gracias por tu Compra de la Clase Online - Royd Golf","isPartOf":{"@id":"https:\/\/roydgolf.com\/#website"},"primaryImageOfPage":{"@id":"https:\/\/roydgolf.com\/thank-you-online-lesson\/#primaryimage"},"image":{"@id":"https:\/\/roydgolf.com\/thank-you-online-lesson\/#primaryimage"},"thumbnailUrl":"https:\/\/roydgolf.com\/wp-content\/uploads\/2023\/07\/high-performance-golf-lessons.jpg","datePublished":"2023-09-14T10:23:48+00:00","dateModified":"2025-10-23T19:10:47+00:00","description":"Gracias por tu compra! Perm\u00edtenos explicarte los pr\u00f3ximos pasos para mejorar tu juego con nosotros. Royd Golf en Mallorca.","breadcrumb":{"@id":"https:\/\/roydgolf.com\/thank-you-online-lesson\/#breadcrumb"},"inLanguage":"es","potentialAction":[{"@type":"ReadAction","target":["https:\/\/roydgolf.com\/thank-you-online-lesson\/"]}]},{"@type":"ImageObject","inLanguage":"es","@id":"https:\/\/roydgolf.com\/thank-you-online-lesson\/#primaryimage","url":"https:\/\/roydgolf.com\/wp-content\/uploads\/2023\/07\/high-performance-golf-lessons.jpg","contentUrl":"https:\/\/roydgolf.com\/wp-content\/uploads\/2023\/07\/high-performance-golf-lessons.jpg"},{"@type":"BreadcrumbList","@id":"https:\/\/roydgolf.com\/thank-you-online-lesson\/#breadcrumb","itemListElement":[{"@type":"ListItem","position":1,"name":"Portada","item":"https:\/\/roydgolf.com\/"},{"@type":"ListItem","position":2,"name":"Thank You Online Lesson"}]},{"@type":"WebSite","@id":"https:\/\/roydgolf.com\/#website","url":"https:\/\/roydgolf.com\/","name":"royd golf","description":"Entrenamiento de golf y estilo de vida en Mallorca","potentialAction":[{"@type":"SearchAction","target":{"@type":"EntryPoint","urlTemplate":"https:\/\/roydgolf.com\/?s={search_term_string}"},"query-input":{"@type":"PropertyValueSpecification","valueRequired":true,"valueName":"search_term_string"}}],"inLanguage":"es"}]}},"_links":{"self":[{"href":"https:\/\/roydgolf.com\/es\/wp-json\/wp\/v2\/pages\/1860","targetHints":{"allow":["GET"]}}],"collection":[{"href":"https:\/\/roydgolf.com\/es\/wp-json\/wp\/v2\/pages"}],"about":[{"href":"https:\/\/roydgolf.com\/es\/wp-json\/wp\/v2\/types\/page"}],"author":[{"embeddable":true,"href":"https:\/\/roydgolf.com\/es\/wp-json\/wp\/v2\/users\/1"}],"replies":[{"embeddable":true,"href":"https:\/\/roydgolf.com\/es\/wp-json\/wp\/v2\/comments?post=1860"}],"version-history":[{"count":11,"href":"https:\/\/roydgolf.com\/es\/wp-json\/wp\/v2\/pages\/1860\/revisions"}],"predecessor-version":[{"id":2029,"href":"https:\/\/roydgolf.com\/es\/wp-json\/wp\/v2\/pages\/1860\/revisions\/2029"}],"wp:attachment":[{"href":"https:\/\/roydgolf.com\/es\/wp-json\/wp\/v2\/media?parent=1860"}],"curies":[{"name":"wp","href":"https:\/\/api.w.org\/{rel}","templated":true}]}}