{"id":2290,"date":"2023-11-03T22:35:24","date_gmt":"2023-11-03T22:35:24","guid":{"rendered":"https:\/\/roydgolf.com\/?page_id=2290"},"modified":"2024-07-27T11:46:09","modified_gmt":"2024-07-27T11:46:09","slug":"programa-de-3-4-dias-royd-golf","status":"publish","type":"page","link":"https:\/\/roydgolf.com\/es\/programa-de-3-4-dias-royd-golf\/","title":{"rendered":"Programa de golf Royd de 3 a 4 d\u00edas"},"content":{"rendered":"<div data-elementor-type=\"wp-page\" data-elementor-id=\"2290\" class=\"elementor elementor-2290\" data-elementor-post-type=\"page\">\n\t\t\t\t\t\t<section class=\"elementor-section elementor-top-section elementor-element elementor-element-0350009 elementor-section-boxed elementor-section-height-default elementor-section-height-default\" data-id=\"0350009\" data-element_type=\"section\">\n\t\t\t\t\t\t<div class=\"elementor-container elementor-column-gap-default\">\n\t\t\t\t\t<div class=\"elementor-column elementor-col-100 elementor-top-column elementor-element elementor-element-d012fa8\" data-id=\"d012fa8\" data-element_type=\"column\">\n\t\t\t<div class=\"elementor-widget-wrap elementor-element-populated\">\n\t\t\t\t\t\t<div class=\"elementor-element elementor-element-4ab7cdb elementor-widget elementor-widget-heading\" data-id=\"4ab7cdb\" data-element_type=\"widget\" data-widget_type=\"heading.default\">\n\t\t\t\t<div class=\"elementor-widget-container\">\n\t\t\t\t\t<h1 class=\"elementor-heading-title elementor-size-default\">PROGRAMA DE 3-4 D\u00cdAS ROYD GOLF Y SURE GOLF<\/h1>\t\t\t\t<\/div>\n\t\t\t\t<\/div>\n\t\t\t\t<div class=\"elementor-element elementor-element-6adbf901 elementor-widget elementor-widget-text-editor\" data-id=\"6adbf901\" data-element_type=\"widget\" data-widget_type=\"text-editor.default\">\n\t\t\t\t<div class=\"elementor-widget-container\">\n\t\t\t\t\t\t\t\t\t<h3>Descubre el programa definitivo de entrenamiento de golf de 3 a 4 d\u00edas<\/h3><p>Te damos la bienvenida a una experiencia transformadora que combina el arte del golf con el encanto de la serena belleza de Mallorca. \u00danete a nosotros en el prestigioso Golf Son Gual para disfrutar de un programa de entrenamiento exclusivo dise\u00f1ado por Royd Golf, dise\u00f1ado para aquellos que buscan la excelencia en su juego y el lujo en su ocio.<\/p>\t\t\t\t\t\t\t\t<\/div>\n\t\t\t\t<\/div>\n\t\t\t\t<div class=\"elementor-element elementor-element-3dcb4b5 elementor-align-left elementor-mobile-align-left elementor-tablet-align-left elementor-widget elementor-widget-button\" data-id=\"3dcb4b5\" data-element_type=\"widget\" data-widget_type=\"button.default\">\n\t\t\t\t<div class=\"elementor-widget-container\">\n\t\t\t\t\t\t\t\t\t<div class=\"elementor-button-wrapper\">\n\t\t\t\t\t<a class=\"elementor-button elementor-button-link elementor-size-lg\" href=\"https:\/\/roydgolf.com\/es\/contactanos\/\">\n\t\t\t\t\t\t<span class=\"elementor-button-content-wrapper\">\n\t\t\t\t\t\t\t\t\t<span class=\"elementor-button-text\">RESERVAR AHORA<\/span>\n\t\t\t\t\t<\/span>\n\t\t\t\t\t<\/a>\n\t\t\t\t<\/div>\n\t\t\t\t\t\t\t\t<\/div>\n\t\t\t\t<\/div>\n\t\t\t\t\t<\/div>\n\t\t<\/div>\n\t\t\t\t\t<\/div>\n\t\t<\/section>\n\t\t\t\t<section class=\"elementor-section elementor-top-section elementor-element elementor-element-6f00fc20 elementor-section-content-middle elementor-section-full_width elementor-section-height-default elementor-section-height-default\" data-id=\"6f00fc20\" data-element_type=\"section\" data-settings=\"{&quot;background_background&quot;:&quot;classic&quot;}\">\n\t\t\t\t\t\t<div class=\"elementor-container elementor-column-gap-no\">\n\t\t\t\t\t<div class=\"elementor-column elementor-col-100 elementor-top-column elementor-element elementor-element-fc57e69\" data-id=\"fc57e69\" data-element_type=\"column\">\n\t\t\t<div class=\"elementor-widget-wrap elementor-element-populated\">\n\t\t\t\t\t\t<div class=\"elementor-element elementor-element-2e618cf0 elementor-widget elementor-widget-image\" data-id=\"2e618cf0\" data-element_type=\"widget\" data-widget_type=\"image.default\">\n\t\t\t\t<div class=\"elementor-widget-container\">\n\t\t\t\t\t\t\t\t\t\t\t\t\t\t\t<img fetchpriority=\"high\" decoding=\"async\" width=\"1500\" height=\"536\" src=\"https:\/\/roydgolf.com\/wp-content\/uploads\/2023\/11\/son-gual-golf-mallorca-course1-hole18-clubhouse-high-res-1.jpg\" class=\"attachment-full size-full wp-image-2313\" alt=\"\" srcset=\"https:\/\/roydgolf.com\/wp-content\/uploads\/2023\/11\/son-gual-golf-mallorca-course1-hole18-clubhouse-high-res-1.jpg 1500w, https:\/\/roydgolf.com\/wp-content\/uploads\/2023\/11\/son-gual-golf-mallorca-course1-hole18-clubhouse-high-res-1-600x214.jpg 600w, https:\/\/roydgolf.com\/wp-content\/uploads\/2023\/11\/son-gual-golf-mallorca-course1-hole18-clubhouse-high-res-1-300x107.jpg 300w, https:\/\/roydgolf.com\/wp-content\/uploads\/2023\/11\/son-gual-golf-mallorca-course1-hole18-clubhouse-high-res-1-1024x366.jpg 1024w, https:\/\/roydgolf.com\/wp-content\/uploads\/2023\/11\/son-gual-golf-mallorca-course1-hole18-clubhouse-high-res-1-768x274.jpg 768w, https:\/\/roydgolf.com\/wp-content\/uploads\/2023\/11\/son-gual-golf-mallorca-course1-hole18-clubhouse-high-res-1-18x6.jpg 18w\" sizes=\"(max-width: 1500px) 100vw, 1500px\" \/>\t\t\t\t\t\t\t\t\t\t\t\t\t\t\t<\/div>\n\t\t\t\t<\/div>\n\t\t\t\t\t<\/div>\n\t\t<\/div>\n\t\t\t\t\t<\/div>\n\t\t<\/section>\n\t\t\t\t<section class=\"elementor-section elementor-top-section elementor-element elementor-element-62471d6d elementor-section-boxed elementor-section-height-default elementor-section-height-default\" data-id=\"62471d6d\" data-element_type=\"section\">\n\t\t\t\t\t\t<div class=\"elementor-container elementor-column-gap-no\">\n\t\t\t\t\t<div class=\"elementor-column elementor-col-100 elementor-top-column elementor-element elementor-element-2efbdcf4\" data-id=\"2efbdcf4\" data-element_type=\"column\">\n\t\t\t<div class=\"elementor-widget-wrap elementor-element-populated\">\n\t\t\t\t\t\t<section class=\"elementor-section elementor-inner-section elementor-element elementor-element-38213ca7 elementor-section-content-middle elementor-reverse-tablet elementor-reverse-mobile elementor-section-boxed elementor-section-height-default elementor-section-height-default\" data-id=\"38213ca7\" data-element_type=\"section\">\n\t\t\t\t\t\t<div class=\"elementor-container elementor-column-gap-no\">\n\t\t\t\t\t<div class=\"elementor-column elementor-col-100 elementor-inner-column elementor-element elementor-element-7f5e0e26\" data-id=\"7f5e0e26\" data-element_type=\"column\">\n\t\t\t<div class=\"elementor-widget-wrap elementor-element-populated\">\n\t\t\t\t\t\t<div class=\"elementor-element elementor-element-56008dd5 elementor-widget elementor-widget-heading\" data-id=\"56008dd5\" data-element_type=\"widget\" data-widget_type=\"heading.default\">\n\t\t\t\t<div class=\"elementor-widget-container\">\n\t\t\t\t\t<h2 class=\"elementor-heading-title elementor-size-default\">Su retiro de golf personalizado le espera\n<\/h2>\t\t\t\t<\/div>\n\t\t\t\t<\/div>\n\t\t\t\t<div class=\"elementor-element elementor-element-9f875f4 elementor-widget elementor-widget-text-editor\" data-id=\"9f875f4\" data-element_type=\"widget\" data-widget_type=\"text-editor.default\">\n\t\t\t\t<div class=\"elementor-widget-container\">\n\t\t\t\t\t\t\t\t\t<p><strong>Todos los programas de 3 a 4 d\u00edas se pueden adaptar a tus necesidades y deseos.<\/strong><\/p><p>Nuestro programa, personalizado seg\u00fan tu estilo y aspiraciones \u00fanicas, se adapta a tu evoluci\u00f3n personal en el golf.<\/p><h4>D\u00eda 1: An\u00e1lisis profundo y entrenamiento intensivo<\/h4><ul><li><strong>Dominio de la ma\u00f1ana:<\/strong> 3 horas de formaci\u00f3n inmersiva (10:00 \u2013 13:00)<\/li><li><strong>Repostar y reflexionar:<\/strong> Un merecido descanso de una hora<\/li><li><strong>Avance de la tarde:<\/strong> 2 horas adicionales para solidificar tus habilidades (14:00 \u2013 16:00)<\/li><\/ul><h4>D\u00eda 2: De la pr\u00e1ctica al juego<\/h4><ul><li><strong>Sesi\u00f3n matinal:<\/strong> Perfecciona tus habilidades con 3 horas de entrenamiento enfocado (10:00 \u2013 13:00)<\/li><li><strong>Almuerzo y Ocio:<\/strong> Recarga energ\u00edas con un descanso tranquilo<\/li><li><strong>Conquista el Campo:<\/strong> Un calentamiento estrat\u00e9gico de 30 minutos seguido de 9 hoyos desafiantes en Son Gual (a partir de las 15:00 horas)<\/li><\/ul><h4>D\u00eda 3: Explora y absorbe<\/h4><ul><li><strong>Libertad y flexibilidad:<\/strong> Un d\u00eda para relajarse, explorar los servicios locales o participar en nuestras ofertas exclusivas de RoydGolf y nuestros socios.<\/li><\/ul><h4>D\u00eda 4: Culminaci\u00f3n de la Maestr\u00eda<\/h4><ul><li><strong>Refinamiento matutino:<\/strong> 3 horas de formaci\u00f3n espec\u00edfica (10:00 \u2013 13:00)<\/li><li><strong>Pausa y reflexiona:<\/strong> Una pausa de reflexi\u00f3n para preparar la jugada final<\/li><li><strong>Hoyos finales:<\/strong> Un calentamiento exhaustivo que conduce a 9 hoyos de golf gratificante.<\/li><li><strong>Reflexi\u00f3n de despedida:<\/strong> Conclusiones finales para el futuro<\/li><\/ul><h3>Detalles de precios:<\/h3><ul><li><strong>Inversi\u00f3n para la Excelencia:<\/strong> 650\u20ac por d\u00eda.<\/li><\/ul>\t\t\t\t\t\t\t\t<\/div>\n\t\t\t\t<\/div>\n\t\t\t\t\t<\/div>\n\t\t<\/div>\n\t\t\t\t\t<\/div>\n\t\t<\/section>\n\t\t\t\t\t<\/div>\n\t\t<\/div>\n\t\t\t\t\t<\/div>\n\t\t<\/section>\n\t\t\t\t<section class=\"elementor-section elementor-top-section elementor-element elementor-element-4dcac583 elementor-section-height-min-height elementor-section-boxed elementor-section-height-default elementor-section-items-middle\" data-id=\"4dcac583\" data-element_type=\"section\" data-settings=\"{&quot;background_background&quot;:&quot;classic&quot;,&quot;background_motion_fx_motion_fx_scrolling&quot;:&quot;yes&quot;,&quot;background_motion_fx_translateY_effect&quot;:&quot;yes&quot;,&quot;background_motion_fx_translateY_direction&quot;:&quot;negative&quot;,&quot;background_motion_fx_translateY_speed&quot;:{&quot;unit&quot;:&quot;px&quot;,&quot;size&quot;:2,&quot;sizes&quot;:[]},&quot;background_motion_fx_translateY_affectedRange&quot;:{&quot;unit&quot;:&quot;%&quot;,&quot;size&quot;:&quot;&quot;,&quot;sizes&quot;:{&quot;start&quot;:0,&quot;end&quot;:100}},&quot;background_motion_fx_devices&quot;:[&quot;desktop&quot;,&quot;tablet&quot;,&quot;mobile&quot;]}\">\n\t\t\t\t\t\t<div class=\"elementor-container elementor-column-gap-no\">\n\t\t\t\t\t<div class=\"elementor-column elementor-col-100 elementor-top-column elementor-element elementor-element-d5bcf78\" data-id=\"d5bcf78\" data-element_type=\"column\">\n\t\t\t<div class=\"elementor-widget-wrap elementor-element-populated\">\n\t\t\t\t\t\t<section class=\"elementor-section elementor-inner-section elementor-element elementor-element-40ce4907 elementor-section-content-middle elementor-section-boxed elementor-section-height-default elementor-section-height-default\" data-id=\"40ce4907\" data-element_type=\"section\">\n\t\t\t\t\t\t<div class=\"elementor-container elementor-column-gap-no\">\n\t\t\t\t\t<div class=\"elementor-column elementor-col-50 elementor-inner-column elementor-element elementor-element-1984fd02\" data-id=\"1984fd02\" data-element_type=\"column\" data-settings=\"{&quot;background_background&quot;:&quot;classic&quot;}\">\n\t\t\t<div class=\"elementor-widget-wrap elementor-element-populated\">\n\t\t\t\t\t<div class=\"elementor-background-overlay\"><\/div>\n\t\t\t\t\t\t<div class=\"elementor-element elementor-element-3d161a00 elementor-widget elementor-widget-heading\" data-id=\"3d161a00\" data-element_type=\"widget\" data-widget_type=\"heading.default\">\n\t\t\t\t<div class=\"elementor-widget-container\">\n\t\t\t\t\t<h2 class=\"elementor-heading-title elementor-size-default\">\u00bfQu\u00e9 incluye esta Experiencia?<\/h2>\t\t\t\t<\/div>\n\t\t\t\t<\/div>\n\t\t\t\t<div class=\"elementor-element elementor-element-74e9e955 elementor-widget elementor-widget-text-editor\" data-id=\"74e9e955\" data-element_type=\"widget\" data-widget_type=\"text-editor.default\">\n\t\t\t\t<div class=\"elementor-widget-container\">\n\t\t\t\t\t\t\t\t\t<ul><li><strong>Entrenamiento de \u00e9lite con Tim:<\/strong> Benef\u00edciate de m\u00e1s de 30 a\u00f1os de experiencia<\/li><li><strong>Exclusividad y Atenci\u00f3n:<\/strong> Grupos peque\u00f1os para una experiencia personalizada (2-4 personas)<\/li><li><strong>Santuario de pr\u00e1ctica privada:<\/strong> Tu refugio apartado para perfeccionar tu juego<\/li><li><strong>Bolas Ilimitadas:<\/strong> Practica sin l\u00edmites<\/li><li><strong>Acceso al gimnasio de golf:<\/strong> Instalaciones de \u00faltima generaci\u00f3n para mejorar tu forma f\u00edsica<\/li><li><strong>Dominio del TrackMan:<\/strong> An\u00e1lisis preciso para un rendimiento refinado<\/li><li><strong>De Whiz Biomechanics:<\/strong> Tecnolog\u00eda de vanguardia para un movimiento \u00f3ptimo<\/li><li><strong>Tarifas de Greenfee ajustadas:<\/strong> Descuentos exclusivos como nuestro estimado invitado.<\/li><\/ul>\t\t\t\t\t\t\t\t<\/div>\n\t\t\t\t<\/div>\n\t\t\t\t\t<\/div>\n\t\t<\/div>\n\t\t\t\t<div class=\"elementor-column elementor-col-50 elementor-inner-column elementor-element elementor-element-f28da24 elementor-hidden-tablet elementor-hidden-phone\" data-id=\"f28da24\" data-element_type=\"column\">\n\t\t\t<div class=\"elementor-widget-wrap\">\n\t\t\t\t\t\t\t<\/div>\n\t\t<\/div>\n\t\t\t\t\t<\/div>\n\t\t<\/section>\n\t\t\t\t\t<\/div>\n\t\t<\/div>\n\t\t\t\t\t<\/div>\n\t\t<\/section>\n\t\t\t\t<section class=\"elementor-section elementor-top-section elementor-element elementor-element-67ade3bd elementor-section-boxed elementor-section-height-default elementor-section-height-default\" data-id=\"67ade3bd\" data-element_type=\"section\">\n\t\t\t\t\t\t<div class=\"elementor-container elementor-column-gap-no\">\n\t\t\t\t\t<div class=\"elementor-column elementor-col-100 elementor-top-column elementor-element elementor-element-341fdec6\" data-id=\"341fdec6\" data-element_type=\"column\">\n\t\t\t<div class=\"elementor-widget-wrap elementor-element-populated\">\n\t\t\t\t\t\t<section class=\"elementor-section elementor-inner-section elementor-element elementor-element-52f13e3d elementor-section-content-middle elementor-section-boxed elementor-section-height-default elementor-section-height-default\" data-id=\"52f13e3d\" data-element_type=\"section\">\n\t\t\t\t\t\t<div class=\"elementor-container elementor-column-gap-no\">\n\t\t\t\t\t<div class=\"elementor-column elementor-col-50 elementor-inner-column elementor-element elementor-element-2e8479d5\" data-id=\"2e8479d5\" data-element_type=\"column\">\n\t\t\t<div class=\"elementor-widget-wrap elementor-element-populated\">\n\t\t\t\t\t\t<div class=\"elementor-element elementor-element-d5476b1 elementor-widget elementor-widget-image\" data-id=\"d5476b1\" data-element_type=\"widget\" data-widget_type=\"image.default\">\n\t\t\t\t<div class=\"elementor-widget-container\">\n\t\t\t\t\t\t\t\t\t\t\t\t\t\t\t<img decoding=\"async\" width=\"800\" height=\"801\" src=\"https:\/\/roydgolf.com\/wp-content\/uploads\/2023\/07\/high-performance-golf-lessons.jpg\" class=\"attachment-large size-large wp-image-1364\" alt=\"\" srcset=\"https:\/\/roydgolf.com\/wp-content\/uploads\/2023\/07\/high-performance-golf-lessons.jpg 992w, https:\/\/roydgolf.com\/wp-content\/uploads\/2023\/07\/high-performance-golf-lessons-300x300.jpg 300w, https:\/\/roydgolf.com\/wp-content\/uploads\/2023\/07\/high-performance-golf-lessons-100x100.jpg 100w, https:\/\/roydgolf.com\/wp-content\/uploads\/2023\/07\/high-performance-golf-lessons-600x600.jpg 600w, https:\/\/roydgolf.com\/wp-content\/uploads\/2023\/07\/high-performance-golf-lessons-150x150.jpg 150w, https:\/\/roydgolf.com\/wp-content\/uploads\/2023\/07\/high-performance-golf-lessons-768x769.jpg 768w\" sizes=\"(max-width: 800px) 100vw, 800px\" \/>\t\t\t\t\t\t\t\t\t\t\t\t\t\t\t<\/div>\n\t\t\t\t<\/div>\n\t\t\t\t\t<\/div>\n\t\t<\/div>\n\t\t\t\t<div class=\"elementor-column elementor-col-50 elementor-inner-column elementor-element elementor-element-7685f339\" data-id=\"7685f339\" data-element_type=\"column\">\n\t\t\t<div class=\"elementor-widget-wrap elementor-element-populated\">\n\t\t\t\t\t\t<div class=\"elementor-element elementor-element-7482e364 elementor-widget elementor-widget-heading\" data-id=\"7482e364\" data-element_type=\"widget\" data-widget_type=\"heading.default\">\n\t\t\t\t<div class=\"elementor-widget-container\">\n\t\t\t\t\t<h2 class=\"elementor-heading-title elementor-size-default\">\u00bfPor qu\u00e9 RoydGolf en Golf Son Gual?<\/h2>\t\t\t\t<\/div>\n\t\t\t\t<\/div>\n\t\t\t\t<div class=\"elementor-element elementor-element-596a48e elementor-widget elementor-widget-text-editor\" data-id=\"596a48e\" data-element_type=\"widget\" data-widget_type=\"text-editor.default\">\n\t\t\t\t<div class=\"elementor-widget-container\">\n\t\t\t\t\t\t\t\t\t<ul><li><strong>Entrenamiento personalizado:<\/strong> Con un toque de delicadeza y una gran cantidad de conocimientos, cada sesi\u00f3n es un camino hacia la perfecci\u00f3n.<\/li><li><strong>Entorno Premium:<\/strong> Desde los cuidados greens hasta las incomparables comodidades de Son Gual.<\/li><li><strong>Red prestigiosa:<\/strong> Oportunidad de socializar con personas de ideas afines y elevar tus c\u00edrculos sociales y profesionales.<\/li><li><strong>Transformaci\u00f3n profunda:<\/strong> No s\u00f3lo en tu juego, sino tambi\u00e9n en tu forma de pensar y tu f\u00edsico.<\/li><\/ul><h3>Asegura tu Lugar<\/h3><p>Este no es s\u00f3lo un programa de entrenamiento; es una invitaci\u00f3n a unirse a un grupo de \u00e9lite de entusiastas del golf. <strong>El espacio es exclusivo; tu avance te espera.<\/strong><\/p>\t\t\t\t\t\t\t\t<\/div>\n\t\t\t\t<\/div>\n\t\t\t\t<div class=\"elementor-element elementor-element-29c3444d elementor-align-left elementor-mobile-align-left elementor-tablet-align-left elementor-widget elementor-widget-button\" data-id=\"29c3444d\" data-element_type=\"widget\" data-widget_type=\"button.default\">\n\t\t\t\t<div class=\"elementor-widget-container\">\n\t\t\t\t\t\t\t\t\t<div class=\"elementor-button-wrapper\">\n\t\t\t\t\t<a class=\"elementor-button elementor-button-link elementor-size-lg\" href=\"https:\/\/roydgolf.com\/es\/contactanos\/\">\n\t\t\t\t\t\t<span class=\"elementor-button-content-wrapper\">\n\t\t\t\t\t\t\t\t\t<span class=\"elementor-button-text\">RESERVAR AHORA<\/span>\n\t\t\t\t\t<\/span>\n\t\t\t\t\t<\/a>\n\t\t\t\t<\/div>\n\t\t\t\t\t\t\t\t<\/div>\n\t\t\t\t<\/div>\n\t\t\t\t\t<\/div>\n\t\t<\/div>\n\t\t\t\t\t<\/div>\n\t\t<\/section>\n\t\t\t\t\t<\/div>\n\t\t<\/div>\n\t\t\t\t\t<\/div>\n\t\t<\/section>\n\t\t\t\t<\/div>","protected":false},"excerpt":{"rendered":"<p>PROGRAMA DE GOLF ROYD Y SURE GOLF DE 3 A 4 D\u00cdAS Descubra el programa definitivo de entrenamiento de golf de 3 a 4 d\u00edas Bienvenido a una experiencia transformadora que combina el arte del golf con el encanto de la serena belleza de Mallorca. \u00danase a nosotros en el prestigioso Golf Son Gual para un programa de entrenamiento exclusivo dise\u00f1ado por Royd Golf, elaborado para aquellos que [\u2026]<\/p>","protected":false},"author":1,"featured_media":0,"parent":0,"menu_order":0,"comment_status":"closed","ping_status":"closed","template":"elementor_header_footer","meta":{"_joinchat":[],"footnotes":""},"class_list":["post-2290","page","type-page","status-publish","hentry"],"yoast_head":"<!-- This site is optimized with the Yoast SEO plugin v26.2 - https:\/\/yoast.com\/wordpress\/plugins\/seo\/ -->\n<title>3-4 Day Royd Golf Program - Royd Golf<\/title>\n<meta name=\"description\" content=\"Do you want to enjoy a complete golf experience? Our 3-4 day golf program will meet all your demands. Specialists in Improving your Golf.\" \/>\n<meta name=\"robots\" content=\"index, follow, max-snippet:-1, max-image-preview:large, max-video-preview:-1\" \/>\n<link rel=\"canonical\" href=\"https:\/\/roydgolf.com\/es\/programa-de-3-4-dias-royd-golf\/\" \/>\n<meta property=\"og:locale\" content=\"es_ES\" \/>\n<meta property=\"og:type\" content=\"article\" \/>\n<meta property=\"og:title\" content=\"3-4 Day Royd Golf Program - Royd Golf\" \/>\n<meta property=\"og:description\" content=\"Do you want to enjoy a complete golf experience? Our 3-4 day golf program will meet all your demands. Specialists in Improving your Golf.\" \/>\n<meta property=\"og:url\" content=\"https:\/\/roydgolf.com\/es\/programa-de-3-4-dias-royd-golf\/\" \/>\n<meta property=\"og:site_name\" content=\"Royd Golf\" \/>\n<meta property=\"article:modified_time\" content=\"2024-07-27T11:46:09+00:00\" \/>\n<meta property=\"og:image\" content=\"https:\/\/roydgolf.com\/wp-content\/uploads\/2023\/11\/son-gual-golf-mallorca-course1-hole18-clubhouse-high-res-1.jpg\" \/>\n<meta name=\"twitter:card\" content=\"summary_large_image\" \/>\n<meta name=\"twitter:label1\" content=\"Tiempo de lectura\" \/>\n\t<meta name=\"twitter:data1\" content=\"3 minutos\" \/>\n<script type=\"application\/ld+json\" class=\"yoast-schema-graph\">{\"@context\":\"https:\/\/schema.org\",\"@graph\":[{\"@type\":\"WebPage\",\"@id\":\"https:\/\/roydgolf.com\/3-4-day-royd-golf-program\/\",\"url\":\"https:\/\/roydgolf.com\/3-4-day-royd-golf-program\/\",\"name\":\"3-4 Day Royd Golf Program - Royd Golf\",\"isPartOf\":{\"@id\":\"https:\/\/roydgolf.com\/#website\"},\"primaryImageOfPage\":{\"@id\":\"https:\/\/roydgolf.com\/3-4-day-royd-golf-program\/#primaryimage\"},\"image\":{\"@id\":\"https:\/\/roydgolf.com\/3-4-day-royd-golf-program\/#primaryimage\"},\"thumbnailUrl\":\"https:\/\/roydgolf.com\/wp-content\/uploads\/2023\/11\/son-gual-golf-mallorca-course1-hole18-clubhouse-high-res-1.jpg\",\"datePublished\":\"2023-11-03T22:35:24+00:00\",\"dateModified\":\"2024-07-27T11:46:09+00:00\",\"description\":\"Do you want to enjoy a complete golf experience? Our 3-4 day golf program will meet all your demands. Specialists in Improving your Golf.\",\"breadcrumb\":{\"@id\":\"https:\/\/roydgolf.com\/3-4-day-royd-golf-program\/#breadcrumb\"},\"inLanguage\":\"es\",\"potentialAction\":[{\"@type\":\"ReadAction\",\"target\":[\"https:\/\/roydgolf.com\/3-4-day-royd-golf-program\/\"]}]},{\"@type\":\"ImageObject\",\"inLanguage\":\"es\",\"@id\":\"https:\/\/roydgolf.com\/3-4-day-royd-golf-program\/#primaryimage\",\"url\":\"https:\/\/roydgolf.com\/wp-content\/uploads\/2023\/11\/son-gual-golf-mallorca-course1-hole18-clubhouse-high-res-1.jpg\",\"contentUrl\":\"https:\/\/roydgolf.com\/wp-content\/uploads\/2023\/11\/son-gual-golf-mallorca-course1-hole18-clubhouse-high-res-1.jpg\"},{\"@type\":\"BreadcrumbList\",\"@id\":\"https:\/\/roydgolf.com\/3-4-day-royd-golf-program\/#breadcrumb\",\"itemListElement\":[{\"@type\":\"ListItem\",\"position\":1,\"name\":\"Portada\",\"item\":\"https:\/\/roydgolf.com\/\"},{\"@type\":\"ListItem\",\"position\":2,\"name\":\"3-4 Day Royd Golf Program\"}]},{\"@type\":\"WebSite\",\"@id\":\"https:\/\/roydgolf.com\/#website\",\"url\":\"https:\/\/roydgolf.com\/\",\"name\":\"Royd Golf\",\"description\":\"Golf Coaching and Lifestyle in Mallorca\",\"potentialAction\":[{\"@type\":\"SearchAction\",\"target\":{\"@type\":\"EntryPoint\",\"urlTemplate\":\"https:\/\/roydgolf.com\/?s={search_term_string}\"},\"query-input\":{\"@type\":\"PropertyValueSpecification\",\"valueRequired\":true,\"valueName\":\"search_term_string\"}}],\"inLanguage\":\"es\"}]}<\/script>\n<!-- \/ Yoast SEO plugin. -->","yoast_head_json":{"title":"Programa de golf Royd de 3 a 4 d\u00edas - Royd Golf","description":"\u00bfQuieres disfrutar de una experiencia de golf completa? Nuestro programa de golf de 3 a 4 d\u00edas satisfar\u00e1 todas tus demandas. Especialistas en Mejorar tu Golf.","robots":{"index":"index","follow":"follow","max-snippet":"max-snippet:-1","max-image-preview":"max-image-preview:large","max-video-preview":"max-video-preview:-1"},"canonical":"https:\/\/roydgolf.com\/es\/programa-de-3-4-dias-royd-golf\/","og_locale":"es_ES","og_type":"article","og_title":"3-4 Day Royd Golf Program - Royd Golf","og_description":"Do you want to enjoy a complete golf experience? Our 3-4 day golf program will meet all your demands. Specialists in Improving your Golf.","og_url":"https:\/\/roydgolf.com\/es\/programa-de-3-4-dias-royd-golf\/","og_site_name":"Royd Golf","article_modified_time":"2024-07-27T11:46:09+00:00","og_image":[{"url":"https:\/\/roydgolf.com\/wp-content\/uploads\/2023\/11\/son-gual-golf-mallorca-course1-hole18-clubhouse-high-res-1.jpg","type":"","width":"","height":""}],"twitter_card":"summary_large_image","twitter_misc":{"Tiempo de lectura":"3 minutos"},"schema":{"@context":"https:\/\/schema.org","@graph":[{"@type":"WebPage","@id":"https:\/\/roydgolf.com\/3-4-day-royd-golf-program\/","url":"https:\/\/roydgolf.com\/3-4-day-royd-golf-program\/","name":"Programa de golf Royd de 3 a 4 d\u00edas - Royd Golf","isPartOf":{"@id":"https:\/\/roydgolf.com\/#website"},"primaryImageOfPage":{"@id":"https:\/\/roydgolf.com\/3-4-day-royd-golf-program\/#primaryimage"},"image":{"@id":"https:\/\/roydgolf.com\/3-4-day-royd-golf-program\/#primaryimage"},"thumbnailUrl":"https:\/\/roydgolf.com\/wp-content\/uploads\/2023\/11\/son-gual-golf-mallorca-course1-hole18-clubhouse-high-res-1.jpg","datePublished":"2023-11-03T22:35:24+00:00","dateModified":"2024-07-27T11:46:09+00:00","description":"\u00bfQuieres disfrutar de una experiencia de golf completa? Nuestro programa de golf de 3 a 4 d\u00edas satisfar\u00e1 todas tus demandas. Especialistas en Mejorar tu Golf.","breadcrumb":{"@id":"https:\/\/roydgolf.com\/3-4-day-royd-golf-program\/#breadcrumb"},"inLanguage":"es","potentialAction":[{"@type":"ReadAction","target":["https:\/\/roydgolf.com\/3-4-day-royd-golf-program\/"]}]},{"@type":"ImageObject","inLanguage":"es","@id":"https:\/\/roydgolf.com\/3-4-day-royd-golf-program\/#primaryimage","url":"https:\/\/roydgolf.com\/wp-content\/uploads\/2023\/11\/son-gual-golf-mallorca-course1-hole18-clubhouse-high-res-1.jpg","contentUrl":"https:\/\/roydgolf.com\/wp-content\/uploads\/2023\/11\/son-gual-golf-mallorca-course1-hole18-clubhouse-high-res-1.jpg"},{"@type":"BreadcrumbList","@id":"https:\/\/roydgolf.com\/3-4-day-royd-golf-program\/#breadcrumb","itemListElement":[{"@type":"ListItem","position":1,"name":"Portada","item":"https:\/\/roydgolf.com\/"},{"@type":"ListItem","position":2,"name":"3-4 Day Royd Golf Program"}]},{"@type":"WebSite","@id":"https:\/\/roydgolf.com\/#website","url":"https:\/\/roydgolf.com\/","name":"royd golf","description":"Entrenamiento de golf y estilo de vida en Mallorca","potentialAction":[{"@type":"SearchAction","target":{"@type":"EntryPoint","urlTemplate":"https:\/\/roydgolf.com\/?s={search_term_string}"},"query-input":{"@type":"PropertyValueSpecification","valueRequired":true,"valueName":"search_term_string"}}],"inLanguage":"es"}]}},"_links":{"self":[{"href":"https:\/\/roydgolf.com\/es\/wp-json\/wp\/v2\/pages\/2290","targetHints":{"allow":["GET"]}}],"collection":[{"href":"https:\/\/roydgolf.com\/es\/wp-json\/wp\/v2\/pages"}],"about":[{"href":"https:\/\/roydgolf.com\/es\/wp-json\/wp\/v2\/types\/page"}],"author":[{"embeddable":true,"href":"https:\/\/roydgolf.com\/es\/wp-json\/wp\/v2\/users\/1"}],"replies":[{"embeddable":true,"href":"https:\/\/roydgolf.com\/es\/wp-json\/wp\/v2\/comments?post=2290"}],"version-history":[{"count":53,"href":"https:\/\/roydgolf.com\/es\/wp-json\/wp\/v2\/pages\/2290\/revisions"}],"predecessor-version":[{"id":2724,"href":"https:\/\/roydgolf.com\/es\/wp-json\/wp\/v2\/pages\/2290\/revisions\/2724"}],"wp:attachment":[{"href":"https:\/\/roydgolf.com\/es\/wp-json\/wp\/v2\/media?parent=2290"}],"curies":[{"name":"wp","href":"https:\/\/api.w.org\/{rel}","templated":true}]}}