{"id":743,"date":"2023-06-08T14:44:49","date_gmt":"2023-06-08T14:44:49","guid":{"rendered":"https:\/\/roydgolf.com\/?page_id=743"},"modified":"2023-07-05T10:54:10","modified_gmt":"2023-07-05T10:54:10","slug":"politica-de-privacidad","status":"publish","type":"page","link":"https:\/\/roydgolf.com\/es\/politica-de-privacidad\/","title":{"rendered":"Pol\u00edtica de Privacidad"},"content":{"rendered":"<div data-elementor-type=\"wp-page\" data-elementor-id=\"743\" class=\"elementor elementor-743\" data-elementor-post-type=\"page\">\n\t\t\t\t\t\t<section class=\"elementor-section elementor-top-section elementor-element elementor-element-70dd198 elementor-section-boxed elementor-section-height-default elementor-section-height-default\" data-id=\"70dd198\" data-element_type=\"section\">\n\t\t\t\t\t\t<div class=\"elementor-container elementor-column-gap-no\">\n\t\t\t\t\t<div class=\"elementor-column elementor-col-100 elementor-top-column elementor-element elementor-element-1c407837\" data-id=\"1c407837\" data-element_type=\"column\">\n\t\t\t<div class=\"elementor-widget-wrap elementor-element-populated\">\n\t\t\t\t\t\t<section class=\"elementor-section elementor-inner-section elementor-element elementor-element-5d7fb9e5 elementor-section-boxed elementor-section-height-default elementor-section-height-default\" data-id=\"5d7fb9e5\" data-element_type=\"section\">\n\t\t\t\t\t\t<div class=\"elementor-container elementor-column-gap-default\">\n\t\t\t\t\t<div class=\"elementor-column elementor-col-100 elementor-inner-column elementor-element elementor-element-23ac717c\" data-id=\"23ac717c\" data-element_type=\"column\">\n\t\t\t<div class=\"elementor-widget-wrap elementor-element-populated\">\n\t\t\t\t\t\t<div class=\"elementor-element elementor-element-469289ee elementor-widget elementor-widget-heading\" data-id=\"469289ee\" data-element_type=\"widget\" data-widget_type=\"heading.default\">\n\t\t\t\t<div class=\"elementor-widget-container\">\n\t\t\t\t\t<h1 class=\"elementor-heading-title elementor-size-default\">POL\u00cdTICA DE PRIVACIDAD<\/h1>\t\t\t\t<\/div>\n\t\t\t\t<\/div>\n\t\t\t\t<div class=\"elementor-element elementor-element-39205dfc elementor-widget elementor-widget-text-editor\" data-id=\"39205dfc\" data-element_type=\"widget\" data-widget_type=\"text-editor.default\">\n\t\t\t\t<div class=\"elementor-widget-container\">\n\t\t\t\t\t\t\t\t\t<p>El Titular le informa sobre su Pol\u00edtica de Privacidad respecto del tratamiento y protecci\u00f3n de los datos de car\u00e1cter personal de los usuarios que puedan ser recabados durante la navegaci\u00f3n por el Sitio Web: <a href=\"https:\/\/roydgolf.com\/es\" target=\"_new\">https:\/\/roydgolf.com\/<\/a><\/p><p>En este sentido, el Titular garantiza el cumplimiento de la normativa vigente en materia de protecci\u00f3n de datos personales, tal y como se refleja en la Ley Org\u00e1nica 3\/2018, del 5 de diciembre, de Protecci\u00f3n de Datos Personales y Garant\u00eda de los Derechos Digitales (LOPD GDD). Cumple tambi\u00e9n con el Reglamento (UE) 2016\/679 del Parlamento Europeo y del Consejo, del 27 de abril de 2016, relativo a la protecci\u00f3n de las personas f\u00edsicas en lo que respecta al tratamiento de datos personales (RGPD).<\/p><p>La utilizaci\u00f3n del Sitio Web implica la aceptaci\u00f3n de esta Pol\u00edtica de Privacidad as\u00ed como de las condiciones incluidas en el Aviso Legal.<\/p><p><strong>Identidad del Responsable del Tratamiento<\/strong><\/p><ul><li>Titular: Timothy Myles Holroyd.<\/li><li>NIF: Y3316755P<\/li><li>Direcci\u00f3n: Ma 15 \u2013 Palma \u2013 Manacor, Km 11.5 Palma 07199, Islas Baleares \u2013 Espa\u00f1a.<\/li><li>Correo electr\u00f3nico: <a href=\"mailto:contact@roydgolf.com\" target=\"_new\">contact@roydgolf.com<\/a><\/li><li>Sitio web: <a href=\"https:\/\/roydgolf.com\/es\" target=\"_new\">https:\/\/roydgolf.com\/<\/a><\/li><\/ul><p><strong>Principios aplicados en el tratamiento de datos<\/strong><\/p><p>En el tratamiento de datos personales, el Titular aplicar\u00e1 los siguientes principios que cumplen con las exigencias del nuevo reglamento europeo de protecci\u00f3n de datos (RGPD):<\/p><ul><li>Principio de licitud, lealtad y transparencia: El Titular siempre requerir\u00e1 el consentimiento para el tratamiento de datos personales, que podr\u00e1 ser para uno o varios fines espec\u00edficos que ser\u00e1n comunicados de forma transparente al Usuario con car\u00e1cter previo.<\/li><li>Principio de minimizaci\u00f3n de datos: El Titular solo solicitar\u00e1 los datos estrictamente necesarios para la(s) finalidad(es) prevista(s).<\/li><li>Principio de limitaci\u00f3n del almacenamiento: El Controlador de datos conservar\u00e1 los datos personales recopilados durante el tiempo estrictamente necesario para los fines del procesamiento. El Titular informar\u00e1 al Usuario del plazo de conservaci\u00f3n correspondiente seg\u00fan la finalidad. En el caso de las suscripciones, el Titular revisar\u00e1 peri\u00f3dicamente las listas y eliminar\u00e1 los registros inactivos despu\u00e9s de un tiempo considerable.<\/li><li>Principio de integridad y confidencialidad: Los datos personales recabados ser\u00e1n tratados de manera que se garantice su seguridad, confidencialidad e integridad. El Titular toma las precauciones necesarias para evitar el acceso no autorizado o el uso indebido de los datos del usuario por parte de terceros.<\/li><\/ul><p><strong>Recogida de datos personales<\/strong><\/p><p>No se requieren datos personales para navegar por el sitio web.<\/p><p>Los casos en los que s\u00ed proporciona sus datos personales son los siguientes:<\/p><ul><li>Al suscribirse a un formulario de suscripci\u00f3n o a un bolet\u00edn gestionado por el Titular mediante MailChimp.<\/li><\/ul><p><strong>Derechos<\/strong><\/p><p>El Titular le informa que tiene los siguientes derechos en relaci\u00f3n con sus datos personales:<\/p><ul><li>Solicitar acceso a los datos almacenados.<\/li><li>Solicitar su rectificaci\u00f3n o supresi\u00f3n.<\/li><li>Solicitar la limitaci\u00f3n del tratamiento.<\/li><li>Oponerse al procesamiento.<\/li><\/ul><p>No puede ejercer el derecho a la portabilidad de los datos. El ejercicio de estos derechos es personal y debe ser solicitado directamente por el interesado, dirigi\u00e9ndose directamente al Titular. Esto significa que cualquier cliente, suscriptor o colaborador que haya facilitado sus datos en cualquier momento puede dirigirse al Titular para solicitar informaci\u00f3n sobre los datos almacenados, c\u00f3mo se obtuvieron, solicitar su rectificaci\u00f3n, oponerse al tratamiento, restringir su uso o solicitar la eliminaci\u00f3n de esos datos de los ficheros del Responsable.<\/p><p>Para ejercer sus derechos, deber\u00e1 enviar su solicitud junto con una fotocopia de su Documento Nacional de Identidad o equivalente a la direcci\u00f3n de correo electr\u00f3nico: <a href=\"mailto:contact@roydgolf.com\" target=\"_new\">contact@roydgolf.com<\/a>.<\/p><p>El ejercicio de estos derechos no incluye ning\u00fan dato que el Titular est\u00e9 obligado a conservar con fines administrativos, legales o de seguridad.<\/p><p>Tiene derecho a la tutela judicial efectiva y a presentar una reclamaci\u00f3n ante la autoridad de control, en este caso, la Agencia Espa\u00f1ola de Protecci\u00f3n de Datos, si considera que el tratamiento de datos personales que le conciernen infringe el Reglamento.<\/p><p><strong>Finalidad del tratamiento de datos personales<\/strong><\/p><p>Cuando se conecta al sitio web para enviar un correo electr\u00f3nico al Titular o suscribirse a su bolet\u00edn informativo, est\u00e1 proporcionando informaci\u00f3n personal de la que el Titular es responsable.<\/p><p>Esta informaci\u00f3n puede incluir datos de car\u00e1cter personal como su direcci\u00f3n IP, nombre y apellidos, direcci\u00f3n f\u00edsica, direcci\u00f3n de correo electr\u00f3nico, n\u00famero de tel\u00e9fono, y otra informaci\u00f3n. Al proporcionar esta informaci\u00f3n, usted da su consentimiento para que su informaci\u00f3n sea recopilada, utilizada, administrada y almacenada por Raiola Networks solo como se describe en las siguientes p\u00e1ginas:<\/p><ul><li><a href=\"https:\/\/roydgolf.com\/es\/aviso-legal\/\">Aviso Legal<\/a><\/li><li><a href=\"https:\/\/roydgolf.com\/es\/politica-de-privacidad\/\">Pol\u00edtica de Privacidad<\/a><\/li><\/ul><p>Los datos personales y la finalidad del tratamiento por parte del Responsable del tratamiento difieren seg\u00fan el sistema de captura de informaci\u00f3n:<\/p><ul><li>Formularios de suscripci\u00f3n: El Responsable del tratamiento solicita los siguientes datos personales: nombre y apellidos, direcci\u00f3n de correo electr\u00f3nico, n\u00famero de tel\u00e9fono y direcci\u00f3n del sitio web para gestionar la lista de suscripci\u00f3n, enviar boletines, promociones y ofertas especiales. Los datos personales facilitados al Titular estar\u00e1n ubicados en los servidores de The Rocket Science Group LLC d\/b\/a, ubicados en Estados Unidos (Mailchimp).<\/li><\/ul><p>Existen otras finalidades para las que el Titular trata los datos personales:<\/p><ul><li>Para asegurar el cumplimiento de las condiciones establecidas en el Aviso Legal y la legislaci\u00f3n aplicable. Esto puede incluir el desarrollo de herramientas y algoritmos para ayudar al sitio web a garantizar la confidencialidad de los datos personales recopilados.<\/li><li>Para apoyar y mejorar los servicios ofrecidos por este sitio web.<\/li><li>Para analizar la navegaci\u00f3n de los usuarios. El Titular recoge otros datos no identificativos que se obtienen mediante el uso de cookies que se descargan en el ordenador del Usuario cuando navega por el Sitio Web. Las caracter\u00edsticas y la finalidad de estas cookies se detallan en la p\u00e1gina de Pol\u00edtica de Cookies.<\/li><li>Para gestionar redes sociales. El Responsable del tratamiento tiene presencia en las redes sociales. Si se convierte en seguidor de las cuentas de redes sociales del Controlador de datos, el procesamiento de datos personales se regir\u00e1 por esta secci\u00f3n, as\u00ed como por los t\u00e9rminos de uso, las pol\u00edticas de privacidad y las normas de acceso de la respectiva red social que haya aceptado previamente. Puede consultar las pol\u00edticas de privacidad de las principales redes sociales en los siguientes enlaces: (se facilitan los enlaces a las pol\u00edticas de privacidad de cada red social).<\/li><li>El Titular tratar\u00e1 sus datos personales con las finalidades de gestionar adecuadamente su presencia en las redes sociales, informarle de sus actividades, y para cualquier otra finalidad permitida por la normativa sobre redes sociales. En ning\u00fan caso el Titular utilizar\u00e1 los perfiles de seguidores en redes sociales para enviar publicidad individualizada.<\/li><\/ul><p><strong>Seguridad de los datos personales<\/strong><\/p><p>Para proteger sus datos personales, el Titular toma todas las precauciones razonables y sigue las mejores pr\u00e1cticas de la industria para evitar su p\u00e9rdida, uso indebido, acceso no autorizado, divulgaci\u00f3n, alteraci\u00f3n o destrucci\u00f3n.<\/p><p>El Sitio Web est\u00e1 alojado en Raiola Networks. La seguridad de los datos est\u00e1 garantizada ya que se toman todas las medidas de seguridad necesarias. Puedes consultar su pol\u00edtica de privacidad para m\u00e1s informaci\u00f3n.<\/p><p>El Titular informa al Usuario de que sus datos personales no ser\u00e1n cedidos a terceras organizaciones salvo que dicha cesi\u00f3n de datos est\u00e9 respaldada por una obligaci\u00f3n legal o cuando la prestaci\u00f3n de un servicio requiera una relaci\u00f3n contractual con un encargado del tratamiento. En este \u00faltimo caso, s\u00f3lo se ceder\u00e1n datos al tercero cuando el Titular cuente con el consentimiento expreso del Usuario.<\/p><p>Sin embargo, en algunos casos pueden darse colaboraciones con otros profesionales. En tales casos, se requerir\u00e1 el consentimiento del Usuario, inform\u00e1ndole sobre la identidad del colaborador y la finalidad de la colaboraci\u00f3n. Todas las colaboraciones se realizar\u00e1n con los m\u00e1s estrictos est\u00e1ndares de seguridad.<\/p><p><strong>Contenido de otros sitios web<\/strong><\/p><p>Las p\u00e1ginas de este sitio web pueden incluir contenido incrustado (por ejemplo, videos, im\u00e1genes, art\u00edculos, etc.). El contenido incrustado de otros sitios web se comporta exactamente de la misma manera que si hubiera visitado el otro sitio web. Estos sitios web pueden recopilar datos sobre usted, usar cookies, incrustar un c\u00f3digo de seguimiento adicional de terceros y monitorear su interacci\u00f3n usando este c\u00f3digo.<\/p><p><strong>Pol\u00edtica de cookies<\/strong><\/p><p>Para que este sitio web funcione correctamente, necesita usar cookies, que son piezas de informaci\u00f3n almacenadas en su navegador web. Puede encontrar toda la informaci\u00f3n sobre la pol\u00edtica de recogida y tratamiento de cookies en la p\u00e1gina de Pol\u00edtica de Cookies.<\/p><p><strong>Base legal para el procesamiento de datos<\/strong><\/p><p>La base legal para el tratamiento de sus datos es:<\/p><ul><li>El consentimiento del interesado.<\/li><\/ul><p><strong>Categor\u00edas de datos personales<\/strong><\/p><p>Las categor\u00edas de datos personales tratados por el Titular son:<\/p><ul><li>Identificaci\u00f3n de datos.<\/li><li>No se procesan categor\u00edas especiales de datos.<\/li><\/ul><p><strong>Conservaci\u00f3n de datos personales<\/strong><\/p><p>Los datos personales proporcionados al Titular se conservar\u00e1n hasta que solicite su supresi\u00f3n.<\/p><p><strong>Destinatarios de los datos personales<\/strong><\/p><ul><li>Mailchimp: The Rocket Science Group LLC d\/b\/a, ubicada en los Estados Unidos. Mas informaci\u00f3n en: <a href=\"https:\/\/mailchimp.com\/\" target=\"_new\">https:\/\/mailchimp.com<\/a>. Rocket Science Group LLC d\/b\/a procesa datos para proporcionar servicios de marketing por correo electr\u00f3nico al Titular.<\/li><li>Google Analytics: un servicio de an\u00e1lisis web proporcionado por Google, Inc., una empresa de Delaware cuya oficina principal est\u00e1 ubicada en 1600 Amphitheatre Parkway, Mountain View, CA 94043, Estados Unidos (&quot;Google&quot;). Google Analytics utiliza &quot;cookies&quot;, que son archivos de texto ubicados en su computadora, para ayudar al controlador de datos a analizar c\u00f3mo los usuarios usan el sitio web. La informaci\u00f3n que genera la cookie acerca de su uso del Sitio Web (incluyendo su direcci\u00f3n IP) ser\u00e1 transmitida y archivada por Google en los servidores de Estados Unidos. Para m\u00e1s informaci\u00f3n visite: <a href=\"https:\/\/analytics.google.com\/\" target=\"_new\">https:\/\/analytics.google.com<\/a>.<\/li><\/ul><p>Puede encontrar informaci\u00f3n sobre c\u00f3mo Google gestiona la privacidad con respecto al uso de cookies y otra informaci\u00f3n en la p\u00e1gina de Pol\u00edtica de privacidad de Google: <a href=\"https:\/\/policies.google.com\/privacy?hl=en\" target=\"_new\">https:\/\/policies.google.com\/privacy?hl=en<\/a>.<\/p><p>Tambi\u00e9n puede consultar una lista de los tipos de cookies que utiliza Google y sus partners y toda la informaci\u00f3n relativa al uso de cookies publicitarias en:<\/p><ul><li>Tipos de cookies que utiliza Google<\/li><li>C\u00f3mo utiliza Google las cookies en la publicidad.<\/li><\/ul><p><strong>Navegaci\u00f3n por el sitio web<\/strong><\/p><p>Al navegar por el Sitio Web, se pueden recopilar datos no identificativos, como la direcci\u00f3n IP, geolocalizaci\u00f3n, registros de uso de los servicios y sitios, h\u00e1bitos de navegaci\u00f3n y otros datos que no pueden utilizarse para identificarlo.<\/p><p>El sitio web utiliza los siguientes servicios de an\u00e1lisis de terceros:<\/p><ul><li>Google Analytics.<\/li><\/ul><p>El Titular utiliza la informaci\u00f3n obtenida para obtener datos estad\u00edsticos, analizar tendencias, administrar el sitio, estudiar patrones de navegaci\u00f3n y recopilar informaci\u00f3n demogr\u00e1fica.<\/p><p>El Titular no se hace responsable del tratamiento de los datos personales que lleven a cabo los sitios web a los que se acceda a trav\u00e9s de los distintos enlaces contenidos en el Sitio Web.<\/p><p><strong>Exactitud y veracidad de los datos personales<\/strong><\/p><p>Usted acepta que los datos proporcionados al Titular son precisos, completos, veraces y actualizados, y es responsable de mantener su precisi\u00f3n y correcci\u00f3n. Como Usuario del Sitio Web, eres el \u00fanico responsable de la veracidad y exactitud de los datos remitidos al Sitio Web, exonerando al Titular de cualquier responsabilidad al respecto.<\/p><p><strong>Aceptaci\u00f3n y consentimiento<\/strong><\/p><p>Como Usuario del Sitio Web declaras haber sido informado de las condiciones sobre protecci\u00f3n de datos de car\u00e1cter personal y aceptas y consientes el tratamiento de los mismos por parte del Titular en la forma y para las finalidades indicadas en la presente Pol\u00edtica de Privacidad.<\/p><p>Para ponerse en contacto con el Responsable del tratamiento, suscribirse a un bolet\u00edn informativo o realizar comentarios en este sitio web, debe aceptar esta Pol\u00edtica de privacidad.<\/p><p><strong>Cambios en la Pol\u00edtica de Privacidad<\/strong><\/p><p>El Titular se reserva el derecho a modificar la presente Pol\u00edtica de Privacidad para adaptarla a novedades legislativas o jurisprudenciales, as\u00ed como a pr\u00e1cticas de la industria.<\/p><p>Estas pol\u00edticas permanecer\u00e1n vigentes hasta que sean modificadas y debidamente publicadas.<\/p>\t\t\t\t\t\t\t\t<\/div>\n\t\t\t\t<\/div>\n\t\t\t\t\t<\/div>\n\t\t<\/div>\n\t\t\t\t\t<\/div>\n\t\t<\/section>\n\t\t\t\t\t<\/div>\n\t\t<\/div>\n\t\t\t\t\t<\/div>\n\t\t<\/section>\n\t\t\t\t<\/div>","protected":false},"excerpt":{"rendered":"<p>POL\u00cdTICA DE PRIVACIDAD El Responsable del Tratamiento le informa sobre su Pol\u00edtica de Privacidad respecto del tratamiento y protecci\u00f3n de los datos de car\u00e1cter personal de los usuarios que puedan ser recabados durante la navegaci\u00f3n a trav\u00e9s del Sitio Web: https:\/\/roydgolf.com\/ En este sentido, el Responsable del Tratamiento garantiza el cumplimiento de la normativa vigente en materia de protecci\u00f3n de datos de car\u00e1cter personal, tal y como se refleja en la [\u2026]<\/p>","protected":false},"author":1,"featured_media":0,"parent":0,"menu_order":0,"comment_status":"closed","ping_status":"closed","template":"elementor_header_footer","meta":{"_joinchat":[],"footnotes":""},"class_list":["post-743","page","type-page","status-publish","hentry"],"yoast_head":"<!-- This site is optimized with the Yoast SEO plugin v26.2 - https:\/\/yoast.com\/wordpress\/plugins\/seo\/ -->\n<title>Privacy Policy - Royd Golf<\/title>\n<meta name=\"robots\" content=\"noindex, nofollow\" \/>\n<meta property=\"og:locale\" content=\"es_ES\" \/>\n<meta property=\"og:type\" content=\"article\" \/>\n<meta property=\"og:title\" content=\"Privacy Policy - Royd Golf\" \/>\n<meta property=\"og:description\" content=\"PRIVACY POLICY The Data Controller informs you about their Privacy Policy regarding the processing and protection of personal data of users that may be collected during the navigation through the Website: https:\/\/roydgolf.com\/ In this regard, the Data Controller guarantees compliance with the current regulations on the protection of personal data, as reflected in the Organic [&hellip;]\" \/>\n<meta property=\"og:url\" content=\"https:\/\/roydgolf.com\/es\/politica-de-privacidad\/\" \/>\n<meta property=\"og:site_name\" content=\"Royd Golf\" \/>\n<meta property=\"article:modified_time\" content=\"2023-07-05T10:54:10+00:00\" \/>\n<meta name=\"twitter:card\" content=\"summary_large_image\" \/>\n<meta name=\"twitter:label1\" content=\"Tiempo de lectura\" \/>\n\t<meta name=\"twitter:data1\" content=\"9 minutos\" \/>\n<script type=\"application\/ld+json\" class=\"yoast-schema-graph\">{\"@context\":\"https:\/\/schema.org\",\"@graph\":[{\"@type\":\"WebPage\",\"@id\":\"https:\/\/roydgolf.com\/privacy-policy\/\",\"url\":\"https:\/\/roydgolf.com\/privacy-policy\/\",\"name\":\"Privacy Policy - Royd Golf\",\"isPartOf\":{\"@id\":\"https:\/\/roydgolf.com\/#website\"},\"datePublished\":\"2023-06-08T14:44:49+00:00\",\"dateModified\":\"2023-07-05T10:54:10+00:00\",\"breadcrumb\":{\"@id\":\"https:\/\/roydgolf.com\/privacy-policy\/#breadcrumb\"},\"inLanguage\":\"es\",\"potentialAction\":[{\"@type\":\"ReadAction\",\"target\":[\"https:\/\/roydgolf.com\/privacy-policy\/\"]}]},{\"@type\":\"BreadcrumbList\",\"@id\":\"https:\/\/roydgolf.com\/privacy-policy\/#breadcrumb\",\"itemListElement\":[{\"@type\":\"ListItem\",\"position\":1,\"name\":\"Portada\",\"item\":\"https:\/\/roydgolf.com\/\"},{\"@type\":\"ListItem\",\"position\":2,\"name\":\"Privacy Policy\"}]},{\"@type\":\"WebSite\",\"@id\":\"https:\/\/roydgolf.com\/#website\",\"url\":\"https:\/\/roydgolf.com\/\",\"name\":\"Royd Golf\",\"description\":\"Golf Coaching and Lifestyle in Mallorca\",\"potentialAction\":[{\"@type\":\"SearchAction\",\"target\":{\"@type\":\"EntryPoint\",\"urlTemplate\":\"https:\/\/roydgolf.com\/?s={search_term_string}\"},\"query-input\":{\"@type\":\"PropertyValueSpecification\",\"valueRequired\":true,\"valueName\":\"search_term_string\"}}],\"inLanguage\":\"es\"}]}<\/script>\n<!-- \/ Yoast SEO plugin. -->","yoast_head_json":{"title":"Pol\u00edtica de privacidad - Royd Golf","robots":{"index":"noindex","follow":"nofollow"},"og_locale":"es_ES","og_type":"article","og_title":"Privacy Policy - Royd Golf","og_description":"PRIVACY POLICY The Data Controller informs you about their Privacy Policy regarding the processing and protection of personal data of users that may be collected during the navigation through the Website: https:\/\/roydgolf.com\/ In this regard, the Data Controller guarantees compliance with the current regulations on the protection of personal data, as reflected in the Organic [&hellip;]","og_url":"https:\/\/roydgolf.com\/es\/politica-de-privacidad\/","og_site_name":"Royd Golf","article_modified_time":"2023-07-05T10:54:10+00:00","twitter_card":"summary_large_image","twitter_misc":{"Tiempo de lectura":"9 minutos"},"schema":{"@context":"https:\/\/schema.org","@graph":[{"@type":"WebPage","@id":"https:\/\/roydgolf.com\/privacy-policy\/","url":"https:\/\/roydgolf.com\/privacy-policy\/","name":"Pol\u00edtica de privacidad - Royd Golf","isPartOf":{"@id":"https:\/\/roydgolf.com\/#website"},"datePublished":"2023-06-08T14:44:49+00:00","dateModified":"2023-07-05T10:54:10+00:00","breadcrumb":{"@id":"https:\/\/roydgolf.com\/privacy-policy\/#breadcrumb"},"inLanguage":"es","potentialAction":[{"@type":"ReadAction","target":["https:\/\/roydgolf.com\/privacy-policy\/"]}]},{"@type":"BreadcrumbList","@id":"https:\/\/roydgolf.com\/privacy-policy\/#breadcrumb","itemListElement":[{"@type":"ListItem","position":1,"name":"Portada","item":"https:\/\/roydgolf.com\/"},{"@type":"ListItem","position":2,"name":"Privacy Policy"}]},{"@type":"WebSite","@id":"https:\/\/roydgolf.com\/#website","url":"https:\/\/roydgolf.com\/","name":"royd golf","description":"Entrenamiento de golf y estilo de vida en Mallorca","potentialAction":[{"@type":"SearchAction","target":{"@type":"EntryPoint","urlTemplate":"https:\/\/roydgolf.com\/?s={search_term_string}"},"query-input":{"@type":"PropertyValueSpecification","valueRequired":true,"valueName":"search_term_string"}}],"inLanguage":"es"}]}},"_links":{"self":[{"href":"https:\/\/roydgolf.com\/es\/wp-json\/wp\/v2\/pages\/743","targetHints":{"allow":["GET"]}}],"collection":[{"href":"https:\/\/roydgolf.com\/es\/wp-json\/wp\/v2\/pages"}],"about":[{"href":"https:\/\/roydgolf.com\/es\/wp-json\/wp\/v2\/types\/page"}],"author":[{"embeddable":true,"href":"https:\/\/roydgolf.com\/es\/wp-json\/wp\/v2\/users\/1"}],"replies":[{"embeddable":true,"href":"https:\/\/roydgolf.com\/es\/wp-json\/wp\/v2\/comments?post=743"}],"version-history":[{"count":7,"href":"https:\/\/roydgolf.com\/es\/wp-json\/wp\/v2\/pages\/743\/revisions"}],"predecessor-version":[{"id":1202,"href":"https:\/\/roydgolf.com\/es\/wp-json\/wp\/v2\/pages\/743\/revisions\/1202"}],"wp:attachment":[{"href":"https:\/\/roydgolf.com\/es\/wp-json\/wp\/v2\/media?parent=743"}],"curies":[{"name":"wp","href":"https:\/\/api.w.org\/{rel}","templated":true}]}}