{"id":745,"date":"2023-06-08T14:45:11","date_gmt":"2023-06-08T14:45:11","guid":{"rendered":"https:\/\/roydgolf.com\/?page_id=745"},"modified":"2023-07-05T10:51:38","modified_gmt":"2023-07-05T10:51:38","slug":"politica-de-cookies","status":"publish","type":"page","link":"https:\/\/roydgolf.com\/es\/politica-de-cookies\/","title":{"rendered":"Pol\u00edtica de Cookies"},"content":{"rendered":"<div data-elementor-type=\"wp-page\" data-elementor-id=\"745\" class=\"elementor elementor-745\" data-elementor-post-type=\"page\">\n\t\t\t\t\t\t<section class=\"elementor-section elementor-top-section elementor-element elementor-element-79cdc453 elementor-section-boxed elementor-section-height-default elementor-section-height-default\" data-id=\"79cdc453\" data-element_type=\"section\">\n\t\t\t\t\t\t<div class=\"elementor-container elementor-column-gap-no\">\n\t\t\t\t\t<div class=\"elementor-column elementor-col-100 elementor-top-column elementor-element elementor-element-34789ffa\" data-id=\"34789ffa\" data-element_type=\"column\">\n\t\t\t<div class=\"elementor-widget-wrap elementor-element-populated\">\n\t\t\t\t\t\t<section class=\"elementor-section elementor-inner-section elementor-element elementor-element-3d662c76 elementor-section-boxed elementor-section-height-default elementor-section-height-default\" data-id=\"3d662c76\" data-element_type=\"section\">\n\t\t\t\t\t\t<div class=\"elementor-container elementor-column-gap-default\">\n\t\t\t\t\t<div class=\"elementor-column elementor-col-100 elementor-inner-column elementor-element elementor-element-5e509591\" data-id=\"5e509591\" data-element_type=\"column\">\n\t\t\t<div class=\"elementor-widget-wrap elementor-element-populated\">\n\t\t\t\t\t\t<div class=\"elementor-element elementor-element-6b2261da elementor-widget elementor-widget-heading\" data-id=\"6b2261da\" data-element_type=\"widget\" data-widget_type=\"heading.default\">\n\t\t\t\t<div class=\"elementor-widget-container\">\n\t\t\t\t\t<h1 class=\"elementor-heading-title elementor-size-default\">POL\u00cdTICA DE COOKIES<\/h1>\t\t\t\t<\/div>\n\t\t\t\t<\/div>\n\t\t\t\t<div class=\"elementor-element elementor-element-1f3bacbe elementor-widget elementor-widget-text-editor\" data-id=\"1f3bacbe\" data-element_type=\"widget\" data-widget_type=\"text-editor.default\">\n\t\t\t\t<div class=\"elementor-widget-container\">\n\t\t\t\t\t\t\t\t\t<p><strong>\u00bfQu\u00e9 son las cookies?<\/strong><\/p><p>En ingl\u00e9s, el t\u00e9rmino \u201ccookie\u201d significa una galleta, pero en el contexto de la navegaci\u00f3n web, una \u201ccookie\u201d es algo completamente diferente. Cuando accede a nuestro sitio web, una peque\u00f1a cantidad de texto llamada &quot;cookie&quot; se almacena en el navegador de su dispositivo. Este texto contiene diversa informaci\u00f3n sobre su navegaci\u00f3n, h\u00e1bitos, preferencias, contenidos personalizados, etc.<\/p><p>Existen otras tecnolog\u00edas que funcionan de manera similar y tambi\u00e9n se utilizan para recopilar datos sobre su actividad de navegaci\u00f3n. Nos referiremos a todas estas tecnolog\u00edas como &quot;cookies&quot; colectivamente.<\/p><p>Los usos espec\u00edficos que hacemos de estas tecnolog\u00edas se describen en este documento.<\/p><p><strong>\u00bfPor qu\u00e9 se utilizan cookies en este sitio web?<\/strong><\/p><p>Las cookies son una parte esencial del funcionamiento del sitio web. El objetivo principal de nuestras cookies es mejorar su experiencia de navegaci\u00f3n. Por ejemplo, para recordar sus preferencias (idioma, pa\u00eds, etc.) durante la navegaci\u00f3n y en futuras visitas. La informaci\u00f3n recogida en las cookies tambi\u00e9n nos permite mejorar el sitio web, adaptarlo a tus intereses como usuario, agilizar tus b\u00fasquedas, etc.<\/p><p>En determinados casos, si hemos obtenido su previo consentimiento informado, podemos utilizar cookies para otros fines, como por ejemplo, obtener informaci\u00f3n que nos permita mostrarle publicidad en funci\u00f3n del an\u00e1lisis de sus h\u00e1bitos de navegaci\u00f3n.<\/p><p><strong>\u00bfPara qu\u00e9 NO se utilizan las cookies en este sitio web?<\/strong><\/p><p>Las cookies que utilizamos no almacenan informaci\u00f3n confidencial de identificaci\u00f3n personal, como su nombre, direcci\u00f3n, contrase\u00f1a, etc.<\/p><p><strong>\u00bfQui\u00e9n utiliza la informaci\u00f3n almacenada en las cookies?<\/strong><\/p><p>La informaci\u00f3n almacenada en las cookies de nuestro sitio web es utilizada exclusivamente por nosotros, excepto aquellas identificadas a continuaci\u00f3n como \u201ccookies de terceros\u201d, que son utilizadas y administradas por entidades externas que brindan servicios para mejorar la experiencia del usuario. Por ejemplo, las estad\u00edsticas sobre el n\u00famero de visitas, contenido popular, etc., suelen ser gestionadas por Google Analytics.<\/p><p><strong>\u00bfC\u00f3mo puede evitar el uso de cookies en este sitio web?<\/strong><\/p><p>Si prefiere evitar el uso de cookies, puede RECHAZAR su uso o CONFIGURAR cu\u00e1les quiere evitar y cu\u00e1les permite (este documento le proporciona informaci\u00f3n detallada sobre cada tipo de cookie, su finalidad, destinatario, duraci\u00f3n, etc.).<\/p><p>Si las ha aceptado, no le volveremos a preguntar a menos que elimine las cookies de su dispositivo tal y como se indica en el siguiente apartado. Si desea revocar su consentimiento, deber\u00e1 eliminar las cookies y reconfigurarlas.<\/p><p><strong>\u00bfC\u00f3mo desactivo y elimino el uso de cookies?<\/strong><\/p><p>Para restringir, bloquear o eliminar las cookies de este sitio web (incluidas las utilizadas por terceros), puede hacerlo en cualquier momento modificando la configuraci\u00f3n de su navegador. Tenga en cuenta que estas configuraciones var\u00edan en cada navegador.<\/p><p>Encontrar\u00e1 instrucciones sobre c\u00f3mo habilitar o deshabilitar las cookies en los navegadores m\u00e1s comunes a trav\u00e9s de los siguientes enlaces:<\/p><ul><li><a href=\"http:\/\/support.mozilla.org\/es\/kb\/habilitar-y-deshabilitar-cookies-que-los-sitios-we\">Firefox<\/a><\/li><li><a href=\"https:\/\/support.google.com\/chrome\/answer\/95647?hl=es\">Google Chrome<\/a><\/li><li><a href=\"https:\/\/support.microsoft.com\/es-es\/help\/17442\/windows-internet-explorer-delete-manage-cookies#ie=%22ie-10\">Internet Explorer<\/a><\/li><li><a href=\"https:\/\/support.microsoft.com\/es-es\/help\/4468242\/microsoft-edge-browsing-data-and-privacy\">Microsoft Edge<\/a><\/li><li><a href=\"http:\/\/support.apple.com\/kb\/HT1677?viewlocale=es_ES\">Safari<\/a><\/li><\/ul><p><strong>\u00bfQu\u00e9 tipos de cookies se utilizan en este sitio web?<\/strong><\/p><p>Cada sitio web utiliza sus propias cookies. En nuestro sitio web, utilizamos lo siguiente:<\/p><p><strong>SEG\u00daN LA ENTIDAD QUE LOS GESTIONA<\/strong><\/p><p><strong>Cookies propias:<\/strong><\/p><p>Son enviadas al equipo terminal del usuario desde un equipo o dominio gestionado por el editor de la web, prestando el servicio solicitado al usuario.<\/p><p><strong>Cookies de terceros:<\/strong><\/p><p>\u00c9stas se env\u00edan al equipo terminal del usuario desde un equipo o dominio que no es gestionado por el editor de la web sino por otra entidad que trata los datos obtenidos a trav\u00e9s de las cookies.<\/p><p>Si las cookies se sirven desde un equipo o dominio gestionado por el editor del sitio web, pero la informaci\u00f3n recopilada a trav\u00e9s de ellas es gestionada por un tercero, no pueden considerarse como cookies propias si el tercero las utiliza para sus propios fines (por ejemplo, mejorar los servicios que presta o prestar servicios publicitarios en nombre de otras entidades).<\/p><p><strong>EN FUNCI\u00d3N DE SU PROP\u00d3SITO<\/strong><\/p><p><strong>Cookies t\u00e9cnicas:<\/strong><\/p><p>Son necesarias para la navegaci\u00f3n y el correcto funcionamiento de nuestro sitio web. Por ejemplo, controlan el tr\u00e1fico y la comunicaci\u00f3n de datos, identifican sesiones, proporcionan acceso a \u00e1reas restringidas, facilitan el registro o la participaci\u00f3n en un evento, contabilizan las visitas a efectos de facturaci\u00f3n de licencias de software, utilizan elementos de seguridad durante la navegaci\u00f3n, almacenan contenidos para la difusi\u00f3n de v\u00eddeos o audio, habilitan contenidos din\u00e1micos (p. ej., carga de animaci\u00f3n de texto o imagen), o comparten contenidos a trav\u00e9s de redes sociales.<\/p><p><strong>Cookies anal\u00edticas:<\/strong><\/p><p>Son aquellas que permiten cuantificar el n\u00famero de usuarios y realizar la medici\u00f3n y an\u00e1lisis estad\u00edstico del comportamiento de los usuarios en el sitio web.<\/p><p><strong>Cookies de preferencia o personalizaci\u00f3n:<\/strong><\/p><p>Son aquellas que permiten al sitio web recordar informaci\u00f3n para que el usuario pueda acceder al servicio con caracter\u00edsticas espec\u00edficas que diferencian su experiencia de la del resto de usuarios. Por ejemplo, el idioma, el n\u00famero de resultados de b\u00fasqueda a mostrar, el aspecto o contenido del servicio en funci\u00f3n del tipo de navegador a trav\u00e9s del cual el usuario accede al servicio o la regi\u00f3n desde donde accede al servicio, etc.<\/p><p><strong>BASADO EN SU MARCO DE TIEMPO<\/strong><\/p><p><strong>Cookies de sesi\u00f3n:<\/strong><\/p><p>Est\u00e1n dise\u00f1adas para recabar y almacenar datos mientras el usuario accede a una p\u00e1gina web. Se suelen emplear para almacenar informaci\u00f3n que solo interesa para prestar el servicio solicitado al usuario en una sola ocasi\u00f3n (p.e. una lista de productos adquiridos) y desaparecen al terminar la sesi\u00f3n.<\/p><p><strong>Cookies persistentes:<\/strong><\/p><p>Estas cookies almacenan datos en el dispositivo del usuario y pueden ser accedidas y procesadas por un per\u00edodo definido por el controlador de la cookie, que puede ir desde unos minutos hasta varios a\u00f1os. Se debe considerar cuidadosamente el uso de cookies persistentes si se puede lograr su prop\u00f3sito con cookies de sesi\u00f3n para reducir los riesgos de privacidad. En cualquier caso, cuando se utilicen cookies persistentes, se recomienda minimizar su duraci\u00f3n al m\u00ednimo necesario en funci\u00f3n de su finalidad. En este sentido, el Dictamen 4\/2012 del GT29 indica que para que una cookie est\u00e9 exenta del requisito de consentimiento informado, su caducidad debe estar relacionada con su finalidad. Por lo tanto, es m\u00e1s probable que las cookies de sesi\u00f3n se consideren exentas que las cookies persistentes.<\/p>\t\t\t\t\t\t\t\t<\/div>\n\t\t\t\t<\/div>\n\t\t\t\t\t<\/div>\n\t\t<\/div>\n\t\t\t\t\t<\/div>\n\t\t<\/section>\n\t\t\t\t\t<\/div>\n\t\t<\/div>\n\t\t\t\t\t<\/div>\n\t\t<\/section>\n\t\t\t\t<\/div>","protected":false},"excerpt":{"rendered":"<p>POL\u00cdTICA DE COOKIES \u00bfQu\u00e9 son las cookies? En espa\u00f1ol, el t\u00e9rmino \u201ccookie\u201d significa galleta, pero en el contexto de la navegaci\u00f3n web, una \u201ccookie\u201d es algo completamente diferente. Cuando accedes a nuestra web, una peque\u00f1a cantidad de texto llamada \u201ccookie\u201d se almacena en el navegador de tu dispositivo. Este texto contiene diversa informaci\u00f3n sobre tu navegaci\u00f3n, h\u00e1bitos, preferencias, etc.<\/p>","protected":false},"author":1,"featured_media":0,"parent":0,"menu_order":0,"comment_status":"closed","ping_status":"closed","template":"elementor_header_footer","meta":{"_joinchat":[],"footnotes":""},"class_list":["post-745","page","type-page","status-publish","hentry"],"yoast_head":"<!-- This site is optimized with the Yoast SEO plugin v26.2 - https:\/\/yoast.com\/wordpress\/plugins\/seo\/ -->\n<title>Cookie Policy - Royd Golf<\/title>\n<meta name=\"robots\" content=\"noindex, nofollow\" \/>\n<meta property=\"og:locale\" content=\"es_ES\" \/>\n<meta property=\"og:type\" content=\"article\" \/>\n<meta property=\"og:title\" content=\"Cookie Policy - Royd Golf\" \/>\n<meta property=\"og:description\" content=\"COOKIE POLICY What are cookies? In English, the term &#8220;cookie&#8221; means a biscuit, but in the context of web browsing, a &#8220;cookie&#8221; is something completely different. When you access our website, a small amount of text called a &#8220;cookie&#8221; is stored in your device&#8217;s browser. This text contains various information about your browsing, habits, preferences, [&hellip;]\" \/>\n<meta property=\"og:url\" content=\"https:\/\/roydgolf.com\/es\/politica-de-cookies\/\" \/>\n<meta property=\"og:site_name\" content=\"Royd Golf\" \/>\n<meta property=\"article:modified_time\" content=\"2023-07-05T10:51:38+00:00\" \/>\n<meta name=\"twitter:card\" content=\"summary_large_image\" \/>\n<meta name=\"twitter:label1\" content=\"Tiempo de lectura\" \/>\n\t<meta name=\"twitter:data1\" content=\"5 minutos\" \/>\n<script type=\"application\/ld+json\" class=\"yoast-schema-graph\">{\"@context\":\"https:\/\/schema.org\",\"@graph\":[{\"@type\":\"WebPage\",\"@id\":\"https:\/\/roydgolf.com\/cookie-policy\/\",\"url\":\"https:\/\/roydgolf.com\/cookie-policy\/\",\"name\":\"Cookie Policy - Royd Golf\",\"isPartOf\":{\"@id\":\"https:\/\/roydgolf.com\/#website\"},\"datePublished\":\"2023-06-08T14:45:11+00:00\",\"dateModified\":\"2023-07-05T10:51:38+00:00\",\"breadcrumb\":{\"@id\":\"https:\/\/roydgolf.com\/cookie-policy\/#breadcrumb\"},\"inLanguage\":\"es\",\"potentialAction\":[{\"@type\":\"ReadAction\",\"target\":[\"https:\/\/roydgolf.com\/cookie-policy\/\"]}]},{\"@type\":\"BreadcrumbList\",\"@id\":\"https:\/\/roydgolf.com\/cookie-policy\/#breadcrumb\",\"itemListElement\":[{\"@type\":\"ListItem\",\"position\":1,\"name\":\"Portada\",\"item\":\"https:\/\/roydgolf.com\/\"},{\"@type\":\"ListItem\",\"position\":2,\"name\":\"Cookie Policy\"}]},{\"@type\":\"WebSite\",\"@id\":\"https:\/\/roydgolf.com\/#website\",\"url\":\"https:\/\/roydgolf.com\/\",\"name\":\"Royd Golf\",\"description\":\"Golf Coaching and Lifestyle in Mallorca\",\"potentialAction\":[{\"@type\":\"SearchAction\",\"target\":{\"@type\":\"EntryPoint\",\"urlTemplate\":\"https:\/\/roydgolf.com\/?s={search_term_string}\"},\"query-input\":{\"@type\":\"PropertyValueSpecification\",\"valueRequired\":true,\"valueName\":\"search_term_string\"}}],\"inLanguage\":\"es\"}]}<\/script>\n<!-- \/ Yoast SEO plugin. -->","yoast_head_json":{"title":"Pol\u00edtica de Cookies - Royd Golf","robots":{"index":"noindex","follow":"nofollow"},"og_locale":"es_ES","og_type":"article","og_title":"Cookie Policy - Royd Golf","og_description":"COOKIE POLICY What are cookies? In English, the term &#8220;cookie&#8221; means a biscuit, but in the context of web browsing, a &#8220;cookie&#8221; is something completely different. When you access our website, a small amount of text called a &#8220;cookie&#8221; is stored in your device&#8217;s browser. This text contains various information about your browsing, habits, preferences, [&hellip;]","og_url":"https:\/\/roydgolf.com\/es\/politica-de-cookies\/","og_site_name":"Royd Golf","article_modified_time":"2023-07-05T10:51:38+00:00","twitter_card":"summary_large_image","twitter_misc":{"Tiempo de lectura":"5 minutos"},"schema":{"@context":"https:\/\/schema.org","@graph":[{"@type":"WebPage","@id":"https:\/\/roydgolf.com\/cookie-policy\/","url":"https:\/\/roydgolf.com\/cookie-policy\/","name":"Pol\u00edtica de Cookies - Royd Golf","isPartOf":{"@id":"https:\/\/roydgolf.com\/#website"},"datePublished":"2023-06-08T14:45:11+00:00","dateModified":"2023-07-05T10:51:38+00:00","breadcrumb":{"@id":"https:\/\/roydgolf.com\/cookie-policy\/#breadcrumb"},"inLanguage":"es","potentialAction":[{"@type":"ReadAction","target":["https:\/\/roydgolf.com\/cookie-policy\/"]}]},{"@type":"BreadcrumbList","@id":"https:\/\/roydgolf.com\/cookie-policy\/#breadcrumb","itemListElement":[{"@type":"ListItem","position":1,"name":"Portada","item":"https:\/\/roydgolf.com\/"},{"@type":"ListItem","position":2,"name":"Cookie Policy"}]},{"@type":"WebSite","@id":"https:\/\/roydgolf.com\/#website","url":"https:\/\/roydgolf.com\/","name":"royd golf","description":"Entrenamiento de golf y estilo de vida en Mallorca","potentialAction":[{"@type":"SearchAction","target":{"@type":"EntryPoint","urlTemplate":"https:\/\/roydgolf.com\/?s={search_term_string}"},"query-input":{"@type":"PropertyValueSpecification","valueRequired":true,"valueName":"search_term_string"}}],"inLanguage":"es"}]}},"_links":{"self":[{"href":"https:\/\/roydgolf.com\/es\/wp-json\/wp\/v2\/pages\/745","targetHints":{"allow":["GET"]}}],"collection":[{"href":"https:\/\/roydgolf.com\/es\/wp-json\/wp\/v2\/pages"}],"about":[{"href":"https:\/\/roydgolf.com\/es\/wp-json\/wp\/v2\/types\/page"}],"author":[{"embeddable":true,"href":"https:\/\/roydgolf.com\/es\/wp-json\/wp\/v2\/users\/1"}],"replies":[{"embeddable":true,"href":"https:\/\/roydgolf.com\/es\/wp-json\/wp\/v2\/comments?post=745"}],"version-history":[{"count":13,"href":"https:\/\/roydgolf.com\/es\/wp-json\/wp\/v2\/pages\/745\/revisions"}],"predecessor-version":[{"id":1190,"href":"https:\/\/roydgolf.com\/es\/wp-json\/wp\/v2\/pages\/745\/revisions\/1190"}],"wp:attachment":[{"href":"https:\/\/roydgolf.com\/es\/wp-json\/wp\/v2\/media?parent=745"}],"curies":[{"name":"wp","href":"https:\/\/api.w.org\/{rel}","templated":true}]}}