{"id":747,"date":"2023-06-08T14:45:41","date_gmt":"2023-06-08T14:45:41","guid":{"rendered":"https:\/\/roydgolf.com\/?page_id=747"},"modified":"2023-07-05T10:52:23","modified_gmt":"2023-07-05T10:52:23","slug":"configuracion-de-cookies","status":"publish","type":"page","link":"https:\/\/roydgolf.com\/es\/configuracion-de-cookies\/","title":{"rendered":"Personalizar Cookies"},"content":{"rendered":"<div data-elementor-type=\"wp-page\" data-elementor-id=\"747\" class=\"elementor elementor-747\" data-elementor-post-type=\"page\">\n\t\t\t\t\t\t<section class=\"elementor-section elementor-top-section elementor-element elementor-element-7ad20da7 elementor-section-boxed elementor-section-height-default elementor-section-height-default\" data-id=\"7ad20da7\" data-element_type=\"section\">\n\t\t\t\t\t\t<div class=\"elementor-container elementor-column-gap-no\">\n\t\t\t\t\t<div class=\"elementor-column elementor-col-100 elementor-top-column elementor-element elementor-element-537933fb\" data-id=\"537933fb\" data-element_type=\"column\">\n\t\t\t<div class=\"elementor-widget-wrap elementor-element-populated\">\n\t\t\t\t\t\t<section class=\"elementor-section elementor-inner-section elementor-element elementor-element-52da487a elementor-section-boxed elementor-section-height-default elementor-section-height-default\" data-id=\"52da487a\" data-element_type=\"section\">\n\t\t\t\t\t\t<div class=\"elementor-container elementor-column-gap-default\">\n\t\t\t\t\t<div class=\"elementor-column elementor-col-100 elementor-inner-column elementor-element elementor-element-52c0e978\" data-id=\"52c0e978\" data-element_type=\"column\">\n\t\t\t<div class=\"elementor-widget-wrap elementor-element-populated\">\n\t\t\t\t\t\t<div class=\"elementor-element elementor-element-2259376e elementor-widget elementor-widget-heading\" data-id=\"2259376e\" data-element_type=\"widget\" data-widget_type=\"heading.default\">\n\t\t\t\t<div class=\"elementor-widget-container\">\n\t\t\t\t\t<h1 class=\"elementor-heading-title elementor-size-default\">PERSONALIZAR COOKIES<\/h1>\t\t\t\t<\/div>\n\t\t\t\t<\/div>\n\t\t\t\t<div class=\"elementor-element elementor-element-3c274395 elementor-widget elementor-widget-text-editor\" data-id=\"3c274395\" data-element_type=\"widget\" data-widget_type=\"text-editor.default\">\n\t\t\t\t<div class=\"elementor-widget-container\">\n\t\t\t\t\t\t\t\t\t<p>El sitio web <a href=\"https:\/\/roydgolf.com\/es\" target=\"_new\">https:\/\/roydgolf.com\/<\/a> utiliza cookies propias y de terceros para su correcto funcionamiento y finalidades anal\u00edticas. Al hacer clic en el bot\u00f3n Aceptar, acepta el uso de estas tecnolog\u00edas y el procesamiento de sus datos para estos fines.<\/p><p><button id=\"custom-cookies-eu-reject\" class=\"cookies-eu-reject\">RECHAZAR<\/button>\u00a0<button id=\"custom-cookies-eu-accept\" class=\"cookies-eu-accept\">ACEPTAR TODAS LAS COOKIES<\/button><\/p><p>Puede cambiar sus preferencias de cookies en cualquier momento volviendo a la p\u00e1gina Personalizar Cookies, a la que puede acceder a trav\u00e9s de la Configuraci\u00f3n de cookies. Para obtener m\u00e1s informaci\u00f3n sobre las cookies y c\u00f3mo las usamos, consulte la <a href=\"https:\/\/roydgolf.com\/es\/politica-de-cookies\/\">Pol\u00edtica de Cookies<\/a> .<\/p><p><strong>Cookies T\u00e9cnicas<\/strong><\/p><p>Son cookies que permiten a los usuarios registrados navegar por el sitio web, acceder a \u00e1reas restringidas y utilizar diferentes funciones como el sistema de comentarios o el buscador. Estas cookies no se pueden desactivar.<\/p><p><strong>Cookies de an\u00e1lisis o medici\u00f3n<\/strong><\/p><p><input id=\"custom-cookies-accept-analytics\" class=\"custom-cookies-radio\" name=\"cookies-analytics-option\" type=\"radio\" value=\"true\" data-consent=\"ANLTCS\" \/>\u00a0<label for=\"custom-cookies-accept-analytics\">Activar<\/label>\u00a0\u00a0\u00a0\u00a0<input id=\"custom-cookies-reject-analytics\" class=\"custom-cookies-radio\" checked=\"checked\" name=\"cookies-analytics-option\" type=\"radio\" value=\"false\" data-consent=\"ANLTCS\" \/>\u00a0<label for=\"custom-cookies-reject-analytics\">Desactivar<\/label><\/p><p>Son cookies que recopilan informaci\u00f3n sobre c\u00f3mo los usuarios interact\u00faan con un sitio web. Rastrean y analizan datos como el n\u00famero de visitantes, las p\u00e1ginas visitadas y el tiempo que pasan en el sitio web. Esta informaci\u00f3n se utiliza para medir y mejorar el rendimiento del sitio web y la experiencia del usuario. Estas cookies se pueden desactivar si se desea.<\/p><p><strong>Cookies sociales<\/strong><\/p><p><input id=\"custom-cookies-accept-social\" class=\"custom-cookies-radio\" name=\"cookies-social-option\" type=\"radio\" value=\"true\" data-consent=\"SCLS\" \/>\u00a0<label for=\"custom-cookies-accept-social\">Activar<\/label>\u00a0\u00a0\u00a0\u00a0<input id=\"custom-cookies-reject-social\" class=\"custom-cookies-radio\" checked=\"checked\" name=\"cookies-social-option\" type=\"radio\" value=\"false\" data-consent=\"SCLS\" \/>\u00a0<label for=\"custom-cookies-reject-social\">Desactivar<\/label><\/p><p>Las cookies sociales se utilizan para integrar funcionalidades de redes sociales en un sitio web. Estas cookies permiten a los usuarios compartir contenido del sitio web en plataformas de redes sociales, interactuar con complementos de redes sociales o mostrar contenido de redes sociales directamente en el sitio web. Por lo general, los establecen plataformas de redes sociales de terceros y pueden rastrear los h\u00e1bitos de navegaci\u00f3n de los usuarios en diferentes sitios web. Estas cookies se pueden desactivar si lo desea, aunque puede afectar la disponibilidad y funcionalidad de las funciones de redes sociales en el sitio web.<\/p>\t\t\t\t\t\t\t\t<\/div>\n\t\t\t\t<\/div>\n\t\t\t\t\t<\/div>\n\t\t<\/div>\n\t\t\t\t\t<\/div>\n\t\t<\/section>\n\t\t\t\t\t<\/div>\n\t\t<\/div>\n\t\t\t\t\t<\/div>\n\t\t<\/section>\n\t\t\t\t<\/div>","protected":false},"excerpt":{"rendered":"<p>CONFIGURACI\u00d3N DE COOKIES La web https:\/\/roydgolf.com\/ utiliza cookies propias y de terceros para su correcto funcionamiento y fines anal\u00edticos. Al pulsar el bot\u00f3n Aceptar, consientes el uso de estas tecnolog\u00edas y el tratamiento de tus datos para estos fines. RECHAZAR ACEPTAR TODAS LAS COOKIES Puedes cambiar tus preferencias de cookies en cualquier momento volviendo a la p\u00e1gina [\u2026]<\/p>","protected":false},"author":1,"featured_media":0,"parent":0,"menu_order":0,"comment_status":"closed","ping_status":"closed","template":"elementor_header_footer","meta":{"_joinchat":[],"footnotes":""},"class_list":["post-747","page","type-page","status-publish","hentry"],"yoast_head":"<!-- This site is optimized with the Yoast SEO plugin v26.2 - https:\/\/yoast.com\/wordpress\/plugins\/seo\/ -->\n<title>Cookie Settings - Royd Golf<\/title>\n<meta name=\"robots\" content=\"noindex, nofollow\" \/>\n<meta property=\"og:locale\" content=\"es_ES\" \/>\n<meta property=\"og:type\" content=\"article\" \/>\n<meta property=\"og:title\" content=\"Cookie Settings - Royd Golf\" \/>\n<meta property=\"og:description\" content=\"COOKIE SETTINGS The website https:\/\/roydgolf.com\/ uses its own and third-party cookies for proper functioning and analytical purposes. By clicking the Accept button, you agree to the use of these technologies and the processing of your data for these purposes. REJECT\u00a0ACCEPT ALL COOKIES You can change your cookie preferences at any time by returning to the [&hellip;]\" \/>\n<meta property=\"og:url\" content=\"https:\/\/roydgolf.com\/es\/configuracion-de-cookies\/\" \/>\n<meta property=\"og:site_name\" content=\"Royd Golf\" \/>\n<meta property=\"article:modified_time\" content=\"2023-07-05T10:52:23+00:00\" \/>\n<meta name=\"twitter:card\" content=\"summary_large_image\" \/>\n<meta name=\"twitter:label1\" content=\"Tiempo de lectura\" \/>\n\t<meta name=\"twitter:data1\" content=\"2 minutos\" \/>\n<script type=\"application\/ld+json\" class=\"yoast-schema-graph\">{\"@context\":\"https:\/\/schema.org\",\"@graph\":[{\"@type\":\"WebPage\",\"@id\":\"https:\/\/roydgolf.com\/cookie-settings\/\",\"url\":\"https:\/\/roydgolf.com\/cookie-settings\/\",\"name\":\"Cookie Settings - Royd Golf\",\"isPartOf\":{\"@id\":\"https:\/\/roydgolf.com\/#website\"},\"datePublished\":\"2023-06-08T14:45:41+00:00\",\"dateModified\":\"2023-07-05T10:52:23+00:00\",\"breadcrumb\":{\"@id\":\"https:\/\/roydgolf.com\/cookie-settings\/#breadcrumb\"},\"inLanguage\":\"es\",\"potentialAction\":[{\"@type\":\"ReadAction\",\"target\":[\"https:\/\/roydgolf.com\/cookie-settings\/\"]}]},{\"@type\":\"BreadcrumbList\",\"@id\":\"https:\/\/roydgolf.com\/cookie-settings\/#breadcrumb\",\"itemListElement\":[{\"@type\":\"ListItem\",\"position\":1,\"name\":\"Portada\",\"item\":\"https:\/\/roydgolf.com\/\"},{\"@type\":\"ListItem\",\"position\":2,\"name\":\"Cookie Settings\"}]},{\"@type\":\"WebSite\",\"@id\":\"https:\/\/roydgolf.com\/#website\",\"url\":\"https:\/\/roydgolf.com\/\",\"name\":\"Royd Golf\",\"description\":\"Golf Coaching and Lifestyle in Mallorca\",\"potentialAction\":[{\"@type\":\"SearchAction\",\"target\":{\"@type\":\"EntryPoint\",\"urlTemplate\":\"https:\/\/roydgolf.com\/?s={search_term_string}\"},\"query-input\":{\"@type\":\"PropertyValueSpecification\",\"valueRequired\":true,\"valueName\":\"search_term_string\"}}],\"inLanguage\":\"es\"}]}<\/script>\n<!-- \/ Yoast SEO plugin. -->","yoast_head_json":{"title":"Configuraci\u00f3n de cookies - Royd Golf","robots":{"index":"noindex","follow":"nofollow"},"og_locale":"es_ES","og_type":"article","og_title":"Cookie Settings - Royd Golf","og_description":"COOKIE SETTINGS The website https:\/\/roydgolf.com\/ uses its own and third-party cookies for proper functioning and analytical purposes. By clicking the Accept button, you agree to the use of these technologies and the processing of your data for these purposes. REJECT\u00a0ACCEPT ALL COOKIES You can change your cookie preferences at any time by returning to the [&hellip;]","og_url":"https:\/\/roydgolf.com\/es\/configuracion-de-cookies\/","og_site_name":"Royd Golf","article_modified_time":"2023-07-05T10:52:23+00:00","twitter_card":"summary_large_image","twitter_misc":{"Tiempo de lectura":"2 minutos"},"schema":{"@context":"https:\/\/schema.org","@graph":[{"@type":"WebPage","@id":"https:\/\/roydgolf.com\/cookie-settings\/","url":"https:\/\/roydgolf.com\/cookie-settings\/","name":"Configuraci\u00f3n de cookies - Royd Golf","isPartOf":{"@id":"https:\/\/roydgolf.com\/#website"},"datePublished":"2023-06-08T14:45:41+00:00","dateModified":"2023-07-05T10:52:23+00:00","breadcrumb":{"@id":"https:\/\/roydgolf.com\/cookie-settings\/#breadcrumb"},"inLanguage":"es","potentialAction":[{"@type":"ReadAction","target":["https:\/\/roydgolf.com\/cookie-settings\/"]}]},{"@type":"BreadcrumbList","@id":"https:\/\/roydgolf.com\/cookie-settings\/#breadcrumb","itemListElement":[{"@type":"ListItem","position":1,"name":"Portada","item":"https:\/\/roydgolf.com\/"},{"@type":"ListItem","position":2,"name":"Cookie Settings"}]},{"@type":"WebSite","@id":"https:\/\/roydgolf.com\/#website","url":"https:\/\/roydgolf.com\/","name":"royd golf","description":"Entrenamiento de golf y estilo de vida en Mallorca","potentialAction":[{"@type":"SearchAction","target":{"@type":"EntryPoint","urlTemplate":"https:\/\/roydgolf.com\/?s={search_term_string}"},"query-input":{"@type":"PropertyValueSpecification","valueRequired":true,"valueName":"search_term_string"}}],"inLanguage":"es"}]}},"_links":{"self":[{"href":"https:\/\/roydgolf.com\/es\/wp-json\/wp\/v2\/pages\/747","targetHints":{"allow":["GET"]}}],"collection":[{"href":"https:\/\/roydgolf.com\/es\/wp-json\/wp\/v2\/pages"}],"about":[{"href":"https:\/\/roydgolf.com\/es\/wp-json\/wp\/v2\/types\/page"}],"author":[{"embeddable":true,"href":"https:\/\/roydgolf.com\/es\/wp-json\/wp\/v2\/users\/1"}],"replies":[{"embeddable":true,"href":"https:\/\/roydgolf.com\/es\/wp-json\/wp\/v2\/comments?post=747"}],"version-history":[{"count":10,"href":"https:\/\/roydgolf.com\/es\/wp-json\/wp\/v2\/pages\/747\/revisions"}],"predecessor-version":[{"id":1194,"href":"https:\/\/roydgolf.com\/es\/wp-json\/wp\/v2\/pages\/747\/revisions\/1194"}],"wp:attachment":[{"href":"https:\/\/roydgolf.com\/es\/wp-json\/wp\/v2\/media?parent=747"}],"curies":[{"name":"wp","href":"https:\/\/api.w.org\/{rel}","templated":true}]}}